{"id":40322,"date":"2021-02-17T09:38:11","date_gmt":"2021-02-17T15:38:11","guid":{"rendered":"http:\/\/congresocoahuila.gob.mx\/portal\/?page_id=40322"},"modified":"2021-10-25T13:38:33","modified_gmt":"2021-10-25T18:38:33","slug":"biblioteca","status":"publish","type":"page","link":"https:\/\/www.congresocoahuila.gob.mx\/portal\/biblioteca\/","title":{"rendered":"BIBLIOTECA"},"content":{"rendered":"\r\n<p><strong>Publicaciones del H Congreso de Coahuila de Zaragoza<\/strong><\/p>\r\n<ul>\r\n<li><a href=\"https:\/\/congresocoahuila.gob.mx\/transparencia\/00\/PUBLICACIONES_CONGRESO\/01_CONSTITUCIONES_COAHUILA_TOMO_I.pdf\">Constituciones de Coahuila Tomo I<\/a><\/li>\r\n<li><a href=\"https:\/\/congresocoahuila.gob.mx\/transparencia\/00\/PUBLICACIONES_CONGRESO\/02_CONSTITUCIONES_COAHUILA_TOMO_II.pdf\">Constituciones de Coahuila Tomo II<\/a><\/li>\r\n<li><a href=\"https:\/\/congresocoahuila.gob.mx\/transparencia\/00\/PUBLICACIONES_CONGRESO\/03_DE_LA_NUEVA_VIZCAYA_SIGLO_XXI.pdf\">De La Nueva Vizcaya al Siglo XXI<\/a><\/li>\r\n<li><a href=\"http:\/\/04_ACTAS_CONGRESO_CONSTITUYENTE_ESTADO_LIBRE_COAHUILA_TEJAS.pdf\">Actas del Congreso Constituyente del Estado Libre de Coahuila Tejas<\/a><\/li>\r\n<li><a href=\"https:\/\/congresocoahuila.gob.mx\/transparencia\/00\/PUBLICACIONES_CONGRESO\/05_LEGISLADORES_COAHUILA_CONGRESO_LOCAL_TOMO_I_1824-1911.pdf\">Legisladores de Coahuila Congreso Local Tomo I 1824-1911<\/a><\/li>\r\n<li><a href=\"https:\/\/congresocoahuila.gob.mx\/transparencia\/00\/PUBLICACIONES_CONGRESO\/06_LEGISLADORES_COAHUILA_CONGRESO_LOCAL_TOMO_II_1911-1955.pdf\">Legisladores de Coahuila Congreso Local Tomo II 1911-1955<\/a><\/li>\r\n<li><a href=\"https:\/\/congresocoahuila.gob.mx\/transparencia\/00\/PUBLICACIONES_CONGRESO\/07_LEGISLADORES_COAHUILA_CONGRESO_LOCAL_TOMO_III_1955-2015.pdf\">Legisladores de Coahuila Congreso Local Tomo III 1955-2015<\/a><\/li>\r\n<li><a href=\"https:\/\/congresocoahuila.gob.mx\/transparencia\/00\/PUBLICACIONES_CONGRESO\/08_CONMEMORACION_CENTENARIO_PROMULGACION_CONSTITUCION_POLITICA_ESTADO_1918-2018.pdf\">Conmemoraci\u00f3n del Centenario de la Promulgaci\u00f3n de la Constituci\u00f3n Pol\u00edtica del Estado de Coahuila de Zaragoza 1918-2018<\/a><\/p>\r\n<li><a href=\"https:\/\/congresocoahuila.gob.mx\/transparencia\/00\/PUBLICACIONES_CONGRESO\/09_CONSTITUCION_POLITICA_ESTADO_LIBRE_COAHUILA_TEJAS_1827.pdf\">Constituci\u00f3n Pol\u00edtica del Estado Libre de Coahuila Tejas 1827<\/a>\r\n<li><a href=\"https:\/\/congresocoahuila.gob.mx\/transparencia\/00\/PUBLICACIONES_CONGRESO\/10_LIBRO_ACTAS_DIPUTACIONES_EXCELINSIMA_DIPUTACION_PROVINCIAL_COAHUILA_1823-1824.pdf\">Libros de actas de la Excelent\u00edsima Diputaci\u00f3n Provincial de Coahuila, 1823 &#8211; 1824<\/a><\/p>\r\n<\/li>\r\n<\/ul>\r\n<p><strong>Archivo Hist\u00f3rico en l\u00ednea<\/strong><\/p>\r\n\r\n\r\n\r\n<p>Ponemos a la disposici\u00f3n de legisladores, investigadores, acad\u00e9micos y la ciudadan\u00eda en general, el acervo digitalizado del Archivo Hist\u00f3rico del Congreso del Estado, que contiene el testimonio de la vida parlamentaria y su trabajo legislativo a lo largo de casi dos siglos.\u00a0<\/p>\r\n\r\n\r\n\r\n<p>El patrimonio documental se integra de aproximadamente de tres millones de fojas o legajos agrupados y organizados cronol\u00f3gicamente de conformidad con los periodos correspondientes a: dos Congresos Constituyentes; siete Congresos Constitucionales; un Congreso Extraordinario y 62 Legislaturas del Congreso del Estado Independiente, Libre y Soberano de Coahuila de Zaragoza.\u00a0<\/p>\r\n\r\n\r\n\r\n<p>Como acciones inherentes al acervo, actualmente se est\u00e1 en un proceso de revisi\u00f3n a fin de garantizar que se encuentre actualizado y que cada uno de los documentos que lo integran est\u00e9 disponible para su consulta.\u00a0<\/p>\r\n\r\n\r\n\r\n<p>Para facilitar la b\u00fasqueda de documentaci\u00f3n e informaci\u00f3n, se pone a disposici\u00f3n el siguiente enlace que representa el \u00edndice de contenidos del acervo en:\u00a0<a href=\"https:\/\/congresocoahuila.gob.mx\/transparencia\/00\/ARCHIVO_HISTORICO\/BASE.xlsx\" target=\"_blank\" rel=\"noreferrer noopener\">aqu\u00ed<\/a><\/p>\r\n\r\n\r\n\r\n<p><a href=\"https:\/\/congresocoahuila.gob.mx\/transparencia\/\/00\/ARCHIVO_HISTORICO\/PRONTUARIO.pdf\">\u00cdndice Prontuario <\/a><\/p>\r\n\r\n\r\n\r\n<p>Para acceder al sitio de consulta deber\u00e1 ingresar en esta\u00a0<strong><u><a href=\"http:\/\/201.150.2.67\/AHCEC\/Docflow\">ruta<\/a><\/u><\/strong>\u00a0identific\u00e1ndose con los siguientes datos:\u00a0<\/p>\r\n\r\n\r\n\r\n<figure class=\"wp-block-table\">\r\n<table>\r\n<tbody>\r\n<tr>\r\n<td><strong>Usuario =<\/strong> visitante<br \/><strong>Contrase\u00f1a =<\/strong> *VISITANTE<\/td>\r\n<\/tr>\r\n<\/tbody>\r\n<\/table>\r\n<\/figure>\r\n\r\n\r\n\r\n<p>Para mayor informaci\u00f3n, consulte\u00a0<u>nuestro tutorial<\/u>\u00a0<\/p>\r\n\r\n\r\n\r\n<figure class=\"wp-block-embed-youtube wp-block-embed is-type-video is-provider-youtube\">\r\n<div class=\"wp-block-embed__wrapper\">https:\/\/youtu.be\/v9aWFUdNxP8<\/div>\r\n<\/figure>\r\n\r\n\r\n\r\n<p>Finalmente, apreciamos sus valiosos comentarios para mejorar este sitio, haci\u00e9ndolos llegar a trav\u00e9s del siguiente formulario<\/p>\r\n\r\n\r\n\r\n\n<div class=\"wpcf7 no-js\" id=\"wpcf7-f40490-o1\" lang=\"es-ES\" dir=\"ltr\">\n<div class=\"screen-reader-response\"><p role=\"status\" aria-live=\"polite\" aria-atomic=\"true\"><\/p> <ul><\/ul><\/div>\n<form action=\"\/portal\/wp-json\/wp\/v2\/pages\/40322#wpcf7-f40490-o1\" method=\"post\" class=\"wpcf7-form init\" aria-label=\"Formulario de contacto\" novalidate=\"novalidate\" data-status=\"init\">\n<div style=\"display: none;\">\n<input type=\"hidden\" name=\"_wpcf7\" value=\"40490\" \/>\n<input type=\"hidden\" name=\"_wpcf7_version\" value=\"5.8.2\" \/>\n<input type=\"hidden\" name=\"_wpcf7_locale\" value=\"es_ES\" \/>\n<input type=\"hidden\" name=\"_wpcf7_unit_tag\" value=\"wpcf7-f40490-o1\" \/>\n<input type=\"hidden\" name=\"_wpcf7_container_post\" value=\"0\" \/>\n<input type=\"hidden\" name=\"_wpcf7_posted_data_hash\" value=\"\" \/>\n<\/div>\n<p><label> Nombre (requerido)<br \/>\n<span class=\"wpcf7-form-control-wrap\" data-name=\"your-name\"><input size=\"40\" class=\"wpcf7-form-control wpcf7-text wpcf7-validates-as-required\" aria-required=\"true\" aria-invalid=\"false\" value=\"\" type=\"text\" name=\"your-name\" \/><\/span> <\/label>\n<\/p>\n<p><label> Tu correo electr\u00f3nico (requerido)<br \/>\n<span class=\"wpcf7-form-control-wrap\" data-name=\"your-email\"><input size=\"40\" class=\"wpcf7-form-control wpcf7-email wpcf7-validates-as-required wpcf7-text wpcf7-validates-as-email\" aria-required=\"true\" aria-invalid=\"false\" value=\"\" type=\"email\" name=\"your-email\" \/><\/span> <\/label>\n<\/p>\n<p><label> Asunto<br \/>\n<span class=\"wpcf7-form-control-wrap\" data-name=\"your-subject\"><input size=\"40\" class=\"wpcf7-form-control wpcf7-text\" aria-invalid=\"false\" value=\"\" type=\"text\" name=\"your-subject\" \/><\/span> <\/label>\n<\/p>\n<p><label> Mensaje<br \/>\n<span class=\"wpcf7-form-control-wrap\" data-name=\"your-message\"><textarea cols=\"40\" rows=\"10\" class=\"wpcf7-form-control wpcf7-textarea\" aria-invalid=\"false\" name=\"your-message\"><\/textarea><\/span> <\/label>\n<\/p>\n<p><input class=\"wpcf7-form-control wpcf7-submit has-spinner\" type=\"submit\" value=\"Enviar\" \/>\n<\/p><div class=\"wpcf7-response-output\" aria-hidden=\"true\"><\/div>\n<\/form>\n<\/div>\n\r\n","protected":false},"excerpt":{"rendered":"<p>Publicaciones del H Congreso de Coahuila de Zaragoza Constituciones de Coahuila Tomo I Constituciones de Coahuila Tomo II De La Nueva Vizcaya al Siglo XXI Actas del Congreso Constituyente del Estado Libre de Coahuila Tejas Legisladores de Coahuila Congreso Local Tomo I 1824-1911 Legisladores de Coahuila Congreso Local Tomo II 1911-1955 Legisladores de Coahuila Congreso [&hellip;]<\/p>\n","protected":false},"author":3,"featured_media":0,"parent":0,"menu_order":0,"comment_status":"closed","ping_status":"closed","template":"","meta":{"footnotes":""},"categories":[],"tags":[],"class_list":["post-40322","page","type-page","status-publish","hentry"],"_links":{"self":[{"href":"https:\/\/www.congresocoahuila.gob.mx\/portal\/wp-json\/wp\/v2\/pages\/40322","targetHints":{"allow":["GET"]}}],"collection":[{"href":"https:\/\/www.congresocoahuila.gob.mx\/portal\/wp-json\/wp\/v2\/pages"}],"about":[{"href":"https:\/\/www.congresocoahuila.gob.mx\/portal\/wp-json\/wp\/v2\/types\/page"}],"author":[{"embeddable":true,"href":"https:\/\/www.congresocoahuila.gob.mx\/portal\/wp-json\/wp\/v2\/users\/3"}],"replies":[{"embeddable":true,"href":"https:\/\/www.congresocoahuila.gob.mx\/portal\/wp-json\/wp\/v2\/comments?post=40322"}],"version-history":[{"count":67,"href":"https:\/\/www.congresocoahuila.gob.mx\/portal\/wp-json\/wp\/v2\/pages\/40322\/revisions"}],"predecessor-version":[{"id":42592,"href":"https:\/\/www.congresocoahuila.gob.mx\/portal\/wp-json\/wp\/v2\/pages\/40322\/revisions\/42592"}],"wp:attachment":[{"href":"https:\/\/www.congresocoahuila.gob.mx\/portal\/wp-json\/wp\/v2\/media?parent=40322"}],"wp:term":[{"taxonomy":"category","embeddable":true,"href":"https:\/\/www.congresocoahuila.gob.mx\/portal\/wp-json\/wp\/v2\/categories?post=40322"},{"taxonomy":"post_tag","embeddable":true,"href":"https:\/\/www.congresocoahuila.gob.mx\/portal\/wp-json\/wp\/v2\/tags?post=40322"}],"curies":[{"name":"wp","href":"https:\/\/api.w.org\/{rel}","templated":true}]}}