{"id":40758,"date":"2021-03-01T12:09:56","date_gmt":"2021-03-01T18:09:56","guid":{"rendered":"http:\/\/congresocoahuila.gob.mx\/portal\/?page_id=40758"},"modified":"2021-06-25T12:32:57","modified_gmt":"2021-06-25T17:32:57","slug":"primer-periodo-ordinario-de-la-lxii-legislatura-2021","status":"publish","type":"page","link":"https:\/\/www.congresocoahuila.gob.mx\/portal\/primer-periodo-ordinario-de-la-lxii-legislatura-2021\/","title":{"rendered":"PRIMER PER\u00cdODO ORDINARIO DE LA LXII LEGISLATURA 2021"},"content":{"rendered":"<p><strong><span style=\"color: #000000;\">LISTA DE ASISTENCIA<\/span>\u00a0<\/strong><br \/><a href=\"https:\/\/congresocoahuila.gob.mx\/transparencia\/ART\/26\/05\/1ER_PERIODO_ORDINARIO_LXII_2021\/PPO_S01_20210301.pdf\">Primera Sesi\u00f3n, 01 de marzo de 2021<\/a><br \/><a href=\"https:\/\/congresocoahuila.gob.mx\/transparencia\/ART\/26\/05\/1ER_PERIODO_ORDINARIO_LXII_2021\/PPO_S02_20210308_Solemne.pdf\">Sesi\u00f3n Solemne \u2013 8 de marzo de 2021 \u2013 para conmemorar el \u201cD\u00eda Internacional de la Mujer\u201d.<\/a><br \/><a href=\"https:\/\/congresocoahuila.gob.mx\/transparencia\/ART\/26\/05\/1ER_PERIODO_ORDINARIO_LXII_2021\/PPO_S03_20210310.pdf\">Tercera Sesi\u00f3n, 10 de marzo de 2021<\/a><br \/><a href=\"https:\/\/congresocoahuila.gob.mx\/transparencia\/ART\/26\/05\/1ER_PERIODO_ORDINARIO_LXII_2021\/PPO_S04_20210316.pdf\">Cuarta Sesi\u00f3n, 16 de marzo de 2021<\/a><br \/><a href=\"https:\/\/congresocoahuila.gob.mx\/transparencia\/ART\/26\/05\/1ER_PERIODO_ORDINARIO_LXII_2021\/PPO_S05_20210323.pdf\">Quinta Sesi\u00f3n, 23 de marzo de 2021<\/a><br \/><a href=\"https:\/\/congresocoahuila.gob.mx\/transparencia\/ART\/26\/05\/1ER_PERIODO_ORDINARIO_LXII_2021\/PPO_S06_20210329.pdf\">Sexta Sesi\u00f3n, 29 de marzo de 2021<\/a><br \/><a href=\"https:\/\/congresocoahuila.gob.mx\/transparencia\/ART\/26\/05\/1ER_PERIODO_ORDINARIO_LXII_2021\/PPO_S07_20210409.pdf\">S\u00e9ptima Sesi\u00f3n, 09 de abril de 2021<\/a><br \/><a href=\"https:\/\/congresocoahuila.gob.mx\/transparencia\/ART\/26\/05\/1ER_PERIODO_ORDINARIO_LXII_2021\/PPO_S08_20210414.pdf\">Octava Sesi\u00f3n, 14 de abril de 2021<\/a><br \/><a href=\"https:\/\/congresocoahuila.gob.mx\/transparencia\/ART\/26\/05\/1ER_PERIODO_ORDINARIO_LXII_2021\/PPO_S09_20210421.pdf\">Novena Sesi\u00f3n, 21 de abril de 2021<\/a><br \/><a href=\"https:\/\/congresocoahuila.gob.mx\/transparencia\/ART\/26\/05\/1ER_PERIODO_ORDINARIO_LXII_2021\/PPO_S10_20210427.pdf\">D\u00e9cima Sesi\u00f3n, 27 de abril de 2021<\/a><br \/><a href=\"https:\/\/congresocoahuila.gob.mx\/transparencia\/ART\/26\/05\/1ER_PERIODO_ORDINARIO_LXII_2021\/PPO_S11_20210504.pdf\">D\u00e9cima Primera Sesi\u00f3n, 04 de mayo de 2021<\/a><br \/><a href=\"https:\/\/congresocoahuila.gob.mx\/transparencia\/ART\/26\/05\/1ER_PERIODO_ORDINARIO_LXII_2021\/PPO_S12_20210511.pdf\">D\u00e9cima Segunda Sesi\u00f3n, 11 de mayo de 2021<\/a><br \/><a href=\"https:\/\/congresocoahuila.gob.mx\/transparencia\/ART\/26\/05\/1ER_PERIODO_ORDINARIO_LXII_2021\/PPO_S13_20210521.pdf\">Sesi\u00f3n Solemne &#8211; 21 de mayo de 2021 &#8211; Para expresar sentidas condolencias al pueblo de la Rep\u00fablica Popular China.<\/a><br \/><a href=\"https:\/\/congresocoahuila.gob.mx\/transparencia\/ART\/26\/05\/1ER_PERIODO_ORDINARIO_LXII_2021\/PPO_S14_20210525.pdf\">D\u00e9cima Cuarta Sesi\u00f3n, 25 de mayo de 2021<\/a><br \/><a  href=\"https:\/\/congresocoahuila.gob.mx\/transparencia\/ART\/26\/05\/1ER_PERIODO_ORDINARIO_LXII_2021\/PPO_S15_20210601.pdf\">D\u00e9cima Quinta Sesi\u00f3n, 01 de junio de 2021<\/a><br \/><a  href=\"https:\/\/congresocoahuila.gob.mx\/transparencia\/ART\/26\/05\/1ER_PERIODO_ORDINARIO_LXII_2021\/PPO_S16_20210608.pdf\">D\u00e9cima Sexta Sesi\u00f3n, 08 de junio de 2021<\/a><br \/><a  href=\"https:\/\/congresocoahuila.gob.mx\/transparencia\/ART\/26\/05\/1ER_PERIODO_ORDINARIO_LXII_2021\/PPO_S17_20210615.pdf\">D\u00e9cima S\u00e9ptima Sesi\u00f3n, 15 de junio de 2021<\/a><br \/><a  href=\"https:\/\/congresocoahuila.gob.mx\/transparencia\/ART\/26\/05\/1ER_PERIODO_ORDINARIO_LXII_2021\/PPO_S18_20210622.pdf\">D\u00e9cima Octava Sesi\u00f3n, 22 de junio de 2021<\/a><\/p>\r\n\r\n<p>&nbsp;<\/p>\r\n","protected":false},"excerpt":{"rendered":"<p>LISTA DE ASISTENCIA\u00a0Primera Sesi\u00f3n, 01 de marzo de 2021Sesi\u00f3n Solemne \u2013 8 de marzo de 2021 \u2013 para conmemorar el \u201cD\u00eda Internacional de la Mujer\u201d.Tercera Sesi\u00f3n, 10 de marzo de 2021Cuarta Sesi\u00f3n, 16 de marzo de 2021Quinta Sesi\u00f3n, 23 de marzo de 2021Sexta Sesi\u00f3n, 29 de marzo de 2021S\u00e9ptima Sesi\u00f3n, 09 de abril de 2021Octava [&hellip;]<\/p>\n","protected":false},"author":3,"featured_media":0,"parent":0,"menu_order":0,"comment_status":"closed","ping_status":"closed","template":"","meta":{"footnotes":""},"categories":[],"tags":[],"class_list":["post-40758","page","type-page","status-publish","hentry"],"_links":{"self":[{"href":"https:\/\/www.congresocoahuila.gob.mx\/portal\/wp-json\/wp\/v2\/pages\/40758","targetHints":{"allow":["GET"]}}],"collection":[{"href":"https:\/\/www.congresocoahuila.gob.mx\/portal\/wp-json\/wp\/v2\/pages"}],"about":[{"href":"https:\/\/www.congresocoahuila.gob.mx\/portal\/wp-json\/wp\/v2\/types\/page"}],"author":[{"embeddable":true,"href":"https:\/\/www.congresocoahuila.gob.mx\/portal\/wp-json\/wp\/v2\/users\/3"}],"replies":[{"embeddable":true,"href":"https:\/\/www.congresocoahuila.gob.mx\/portal\/wp-json\/wp\/v2\/comments?post=40758"}],"version-history":[{"count":14,"href":"https:\/\/www.congresocoahuila.gob.mx\/portal\/wp-json\/wp\/v2\/pages\/40758\/revisions"}],"predecessor-version":[{"id":41829,"href":"https:\/\/www.congresocoahuila.gob.mx\/portal\/wp-json\/wp\/v2\/pages\/40758\/revisions\/41829"}],"wp:attachment":[{"href":"https:\/\/www.congresocoahuila.gob.mx\/portal\/wp-json\/wp\/v2\/media?parent=40758"}],"wp:term":[{"taxonomy":"category","embeddable":true,"href":"https:\/\/www.congresocoahuila.gob.mx\/portal\/wp-json\/wp\/v2\/categories?post=40758"},{"taxonomy":"post_tag","embeddable":true,"href":"https:\/\/www.congresocoahuila.gob.mx\/portal\/wp-json\/wp\/v2\/tags?post=40758"}],"curies":[{"name":"wp","href":"https:\/\/api.w.org\/{rel}","templated":true}]}}