{"id":40786,"date":"2021-03-01T14:29:36","date_gmt":"2021-03-01T20:29:36","guid":{"rendered":"http:\/\/congresocoahuila.gob.mx\/portal\/?page_id=40786"},"modified":"2022-05-09T11:09:48","modified_gmt":"2022-05-09T16:09:48","slug":"francisco-javier-cortez-gomez-2","status":"publish","type":"page","link":"https:\/\/www.congresocoahuila.gob.mx\/portal\/francisco-javier-cortez-gomez-2\/","title":{"rendered":"FRANCISCO JAVIER CORTEZ G\u00d3MEZ"},"content":{"rendered":"<table style=\"width: 792px;\" border=\"0\" width=\"459\" cellspacing=\"0\" cellpadding=\"0\">\n<tbody>\n<tr>\n<td style=\"width: 122px;\" bgcolor=\"#FFFFFF\" width=\"165\">\n<h3>\u00a0<img loading=\"lazy\" decoding=\"async\" class=\"alignnone wp-image-41632 size-full\" src=\"http:\/\/congresocoahuila.gob.mx\/portal\/wp-content\/uploads\/2021\/05\/22-1.jpg\" alt=\"\" width=\"90\" height=\"128\" \/><\/h3>\n<p style=\"text-align: center;\">\n<\/td>\n<td style=\"text-align: left; width: 335px;\" valign=\"middle\" bgcolor=\"#FFFFFF\" width=\"425\"><b>GESTIONES 2021<\/b><br \/>\n<a href=\"https:\/\/congresocoahuila.gob.mx\/transparencia\/ART\/26\/14\/2021\/ENERO\/DIP_FRANCISCO_JAVIER_CORTEZ.docx\">Enero<\/a><br \/>\n<a href=\"https:\/\/congresocoahuila.gob.mx\/transparencia\/ART\/26\/14\/2021\/FEBRERO\/DIP_FRANCISCO_JAVIER_CORTEZ_FEBRERO.docx\">Febrero<\/a><br \/>\n<a href=\"https:\/\/congresocoahuila.gob.mx\/transparencia\/ART\/26\/14\/2021\/MARZO\/DIP_FRANCISCO_JAVIER_CORTEZ_MARZO.docx\">Marzo<\/a><br \/>\n<a href=\"https:\/\/congresocoahuila.gob.mx\/transparencia\/ART\/26\/14\/2021\/ABRIL\/DIP_FRANCISCO_JAVIER_CORTEZ_ABRIL.docx\">Abril<\/a><br \/>\n<a href=\"https:\/\/congresocoahuila.gob.mx\/transparencia\/ART\/26\/14\/2021\/MAYO\/DIP_FRANCISCO_JAVIER_CORTEZ_MAYO.docx\">Mayo<\/a><br \/>\n<a href=\"https:\/\/congresocoahuila.gob.mx\/transparencia\/ART\/26\/14\/2021\/JUNIO\/DIP_FRANCISCO_JAVIER_CORTEZ_JUNIO.docx\">Junio<\/a><br \/>\n<a href=\"https:\/\/congresocoahuila.gob.mx\/transparencia\/ART\/26\/14\/2021\/JULIO\/DIP_FRANCISCO_JAVIER_CORTEZ_JULIO.docx\">Julio<\/a><br \/>\n<a href=\"https:\/\/congresocoahuila.gob.mx\/transparencia\/ART\/26\/14\/2021\/AGOSTO\/DIP_FRANCISCO_JAVIER_CORTEZ_AGOSTO.docx\">Agosto<\/a><br \/>\n<a href=\"https:\/\/congresocoahuila.gob.mx\/transparencia\/ART\/26\/14\/2021\/SEPTIEMBRE\/DIP_FRANCISCO_JAVIER_CORTEZ_SEPTIEMBRE.docx\">Septiembre<\/a><br \/>\n<a href=\"https:\/\/congresocoahuila.gob.mx\/transparencia\/ART\/26\/14\/2021\/OCTUBRE\/DIP_FRANCISCO_JAVIER_CORTEZ_OCTUBRE.docx\">Octubre<\/a><br \/>\n<a href=\"https:\/\/congresocoahuila.gob.mx\/transparencia\/ART\/26\/14\/2021\/NOVIEMBRE\/DIP_FRANCISCO_JAVIER_CORTEZ_NOVIEMBRE.docx\">Noviembre<\/a><br \/>\n<a href=\"https:\/\/congresocoahuila.gob.mx\/transparencia\/ART\/26\/14\/2021\/DICIEMBRE\/DIP_FRANCISCO_JAVIER_CORTEZ_DICIEMBRE.docx\">Diciembre<\/a><\/td>\n<td style=\"text-align: left; width: 335px;\" valign=\"top\" bgcolor=\"#FFFFFF\" width=\"425\"><b>GESTIONES 2022<\/b><br \/>\n<a href=\"https:\/\/congresocoahuila.gob.mx\/transparencia\/ART\/26\/14\/2022\/enero\/DIP_FRANCISCO_CORTEZ_ENERO_2022.pdf\">Enero<\/a><br \/>\n<a href=\"https:\/\/congresocoahuila.gob.mx\/transparencia\/ART\/26\/14\/2022\/febrero\/DIP_FRANCISCO_CORTEZ_FEBRERO_2022.pdf\">Febrero<\/a><br \/>\n<a href=\"https:\/\/congresocoahuila.gob.mx\/transparencia\/ART\/26\/14\/2022\/marzo\/DIP_FRANCISCO_CORTEZ_MARZO_2022.pdf\">Marzo<\/a><br \/>\n<a href=\"https:\/\/congresocoahuila.gob.mx\/transparencia\/ART\/26\/14\/2022\/abril\/DIP_FRANCISCO_CORTEZ_ABRIL_2022.pdf\">Abril<\/a><\/td>\n<\/tr>\n<\/tbody>\n<\/table>\n<p><strong>Direcci\u00f3n Casa de Gesti\u00f3n: <\/strong>Corona 300 zona centro, Cuatro Ci\u00e9negas.<\/p>\n","protected":false},"excerpt":{"rendered":"<p>\u00a0 GESTIONES 2021 Enero Febrero Marzo Abril Mayo Junio Julio Agosto Septiembre Octubre Noviembre Diciembre GESTIONES 2022 Enero Febrero Marzo Abril Direcci\u00f3n Casa de Gesti\u00f3n: Corona 300 zona centro, Cuatro Ci\u00e9negas.<\/p>\n","protected":false},"author":3,"featured_media":0,"parent":0,"menu_order":0,"comment_status":"closed","ping_status":"closed","template":"","meta":{"footnotes":""},"categories":[],"tags":[],"class_list":["post-40786","page","type-page","status-publish","hentry"],"_links":{"self":[{"href":"https:\/\/www.congresocoahuila.gob.mx\/portal\/wp-json\/wp\/v2\/pages\/40786","targetHints":{"allow":["GET"]}}],"collection":[{"href":"https:\/\/www.congresocoahuila.gob.mx\/portal\/wp-json\/wp\/v2\/pages"}],"about":[{"href":"https:\/\/www.congresocoahuila.gob.mx\/portal\/wp-json\/wp\/v2\/types\/page"}],"author":[{"embeddable":true,"href":"https:\/\/www.congresocoahuila.gob.mx\/portal\/wp-json\/wp\/v2\/users\/3"}],"replies":[{"embeddable":true,"href":"https:\/\/www.congresocoahuila.gob.mx\/portal\/wp-json\/wp\/v2\/comments?post=40786"}],"version-history":[{"count":33,"href":"https:\/\/www.congresocoahuila.gob.mx\/portal\/wp-json\/wp\/v2\/pages\/40786\/revisions"}],"predecessor-version":[{"id":43629,"href":"https:\/\/www.congresocoahuila.gob.mx\/portal\/wp-json\/wp\/v2\/pages\/40786\/revisions\/43629"}],"wp:attachment":[{"href":"https:\/\/www.congresocoahuila.gob.mx\/portal\/wp-json\/wp\/v2\/media?parent=40786"}],"wp:term":[{"taxonomy":"category","embeddable":true,"href":"https:\/\/www.congresocoahuila.gob.mx\/portal\/wp-json\/wp\/v2\/categories?post=40786"},{"taxonomy":"post_tag","embeddable":true,"href":"https:\/\/www.congresocoahuila.gob.mx\/portal\/wp-json\/wp\/v2\/tags?post=40786"}],"curies":[{"name":"wp","href":"https:\/\/api.w.org\/{rel}","templated":true}]}}