{"id":40807,"date":"2021-03-02T09:42:31","date_gmt":"2021-03-02T15:42:31","guid":{"rendered":"http:\/\/congresocoahuila.gob.mx\/portal\/?page_id=40807"},"modified":"2021-05-04T12:12:56","modified_gmt":"2021-05-04T17:12:56","slug":"claudia-elvira-rodriguez-marquez-2","status":"publish","type":"page","link":"https:\/\/www.congresocoahuila.gob.mx\/portal\/claudia-elvira-rodriguez-marquez-2\/","title":{"rendered":"CLAUDIA ELVIRA RODR\u00cdGUEZ MARQUEZ"},"content":{"rendered":"<table border=\"0\" width=\"459\" cellspacing=\"0\" cellpadding=\"0\">\n<tbody>\n<tr>\n<td bgcolor=\"#FFFFFF\" width=\"165\">\n<h3>\u00a0<img loading=\"lazy\" decoding=\"async\" class=\"alignnone wp-image-41651 size-full\" src=\"http:\/\/congresocoahuila.gob.mx\/portal\/wp-content\/uploads\/2021\/05\/18-1.jpg\" alt=\"\" width=\"90\" height=\"128\" \/><\/h3>\n<p style=\"text-align: center;\">\n<\/td>\n<td style=\"text-align: left;\" valign=\"middle\" bgcolor=\"#FFFFFF\" width=\"425\"><b>GESTIONES 2021<\/b><br \/>\n<a href=\"https:\/\/congresocoahuila.gob.mx\/transparencia\/ART\/26\/14\/2021\/ENERO\/DIP_CLAUDIA_RODRIGUEZ.pdf\">Enero<\/a><\/td>\n<\/tr>\n<\/tbody>\n<\/table>\n<p><strong>Direcci\u00f3n Casa de Gesti\u00f3n: <\/strong>Avenida Ju\u00e1rez No. 3224 Ote Torre\u00f3n, Coahuila<\/p>\n","protected":false},"excerpt":{"rendered":"<p>\u00a0 GESTIONES 2021 Enero Direcci\u00f3n Casa de Gesti\u00f3n: Avenida Ju\u00e1rez No. 3224 Ote Torre\u00f3n, Coahuila<\/p>\n","protected":false},"author":6,"featured_media":0,"parent":0,"menu_order":0,"comment_status":"closed","ping_status":"closed","template":"","meta":{"footnotes":""},"categories":[],"tags":[],"class_list":["post-40807","page","type-page","status-publish","hentry"],"_links":{"self":[{"href":"https:\/\/www.congresocoahuila.gob.mx\/portal\/wp-json\/wp\/v2\/pages\/40807","targetHints":{"allow":["GET"]}}],"collection":[{"href":"https:\/\/www.congresocoahuila.gob.mx\/portal\/wp-json\/wp\/v2\/pages"}],"about":[{"href":"https:\/\/www.congresocoahuila.gob.mx\/portal\/wp-json\/wp\/v2\/types\/page"}],"author":[{"embeddable":true,"href":"https:\/\/www.congresocoahuila.gob.mx\/portal\/wp-json\/wp\/v2\/users\/6"}],"replies":[{"embeddable":true,"href":"https:\/\/www.congresocoahuila.gob.mx\/portal\/wp-json\/wp\/v2\/comments?post=40807"}],"version-history":[{"count":5,"href":"https:\/\/www.congresocoahuila.gob.mx\/portal\/wp-json\/wp\/v2\/pages\/40807\/revisions"}],"predecessor-version":[{"id":41652,"href":"https:\/\/www.congresocoahuila.gob.mx\/portal\/wp-json\/wp\/v2\/pages\/40807\/revisions\/41652"}],"wp:attachment":[{"href":"https:\/\/www.congresocoahuila.gob.mx\/portal\/wp-json\/wp\/v2\/media?parent=40807"}],"wp:term":[{"taxonomy":"category","embeddable":true,"href":"https:\/\/www.congresocoahuila.gob.mx\/portal\/wp-json\/wp\/v2\/categories?post=40807"},{"taxonomy":"post_tag","embeddable":true,"href":"https:\/\/www.congresocoahuila.gob.mx\/portal\/wp-json\/wp\/v2\/tags?post=40807"}],"curies":[{"name":"wp","href":"https:\/\/api.w.org\/{rel}","templated":true}]}}