{"id":41000,"date":"2021-03-19T10:08:15","date_gmt":"2021-03-19T16:08:15","guid":{"rendered":"http:\/\/congresocoahuila.gob.mx\/portal\/?page_id=41000"},"modified":"2022-06-28T14:15:37","modified_gmt":"2022-06-28T19:15:37","slug":"maria-guadalupe-oyervides-valdez-3","status":"publish","type":"page","link":"https:\/\/www.congresocoahuila.gob.mx\/portal\/maria-guadalupe-oyervides-valdez-3\/","title":{"rendered":"MAR\u00cdA GUADALUPE OYERVIDES VALDEZ"},"content":{"rendered":"<p>&nbsp;<\/p>\n<table style=\"width: 793px;\" border=\"0\" width=\"459\" cellspacing=\"0\" cellpadding=\"0\">\n<tbody>\n<tr>\n<td style=\"width: 121px;\" bgcolor=\"#FFFFFF\" width=\"165\">\n<h3>\u00a0<img loading=\"lazy\" decoding=\"async\" class=\"alignnone wp-image-41587 size-full\" src=\"http:\/\/congresocoahuila.gob.mx\/portal\/wp-content\/uploads\/2021\/05\/05.jpg\" alt=\"\" width=\"90\" height=\"128\" \/><\/h3>\n<p style=\"text-align: center;\">\n<\/td>\n<td style=\"text-align: left; width: 336px;\" valign=\"middle\" bgcolor=\"#FFFFFF\" width=\"425\"><b>GESTIONES 2021<\/b><br \/>\n<a href=\"https:\/\/congresocoahuila.gob.mx\/transparencia\/ART\/26\/14\/2021\/ENERO\/DIP_MARIA_GUADALUPE_OYERVIDES.pdf\">Enero<\/a><br \/>\n<a href=\"https:\/\/congresocoahuila.gob.mx\/transparencia\/ART\/26\/14\/2021\/FEBRERO\/DIP_MARIA_GUADALUPE_OYERVIDES_FEBRERO.pdf\">Febrero<\/a><br \/>\n<a href=\"https:\/\/congresocoahuila.gob.mx\/transparencia\/ART\/26\/14\/2021\/MARZO\/DIP_MARIA_GUADALUPE_OYERVIDES_MARZO.pdf\">Marzo<\/a><br \/>\n<a href=\"https:\/\/congresocoahuila.gob.mx\/transparencia\/ART\/26\/14\/2021\/ABRIL\/DIP_MARIA_GUADALUPE_OYERVIDES_ABRIL.pdf\">Abril<\/a><br \/>\n<a href=\"https:\/\/congresocoahuila.gob.mx\/transparencia\/ART\/26\/14\/2021\/MAYO\/DIP_MARIA_GUADALUPE_OYERVIDES_MAYO.pdf\">Mayo<\/a><br \/>\n<a href=\"https:\/\/congresocoahuila.gob.mx\/transparencia\/ART\/26\/14\/2021\/JUNIO\/DIP_MARIA_GUADALUPE_OYERVIDES_JUNIO.pdf\">Junio<\/a><br \/>\n<a href=\"https:\/\/congresocoahuila.gob.mx\/transparencia\/ART\/26\/14\/2021\/JULIO\/DIP_MARIA_GUADALUPE_OYERVIDES_JULIO.pdf\">Julio<\/a><br \/>\n<a href=\"https:\/\/congresocoahuila.gob.mx\/transparencia\/ART\/26\/14\/2021\/AGOSTO\/DIP_MARIA_GUADALUPE_OYERVIDES_AGOSTO.pdf\">Agosto<\/a><br \/>\n<a href=\"https:\/\/congresocoahuila.gob.mx\/transparencia\/ART\/26\/14\/2021\/SEPTIEMBRE\/DIP_MARIA_GUADALUPE_OYERVIDES_SEPTIEMBRE.pdf\">Septiembre<\/a><br \/>\n<a href=\"https:\/\/congresocoahuila.gob.mx\/transparencia\/ART\/26\/14\/2021\/OCTUBRE\/DIP_MARIA_GUADALUPE_OYERVIDES_OCTUBRE.pdf\">Octubre<\/a><br \/>\n<a href=\"https:\/\/congresocoahuila.gob.mx\/transparencia\/ART\/26\/14\/2021\/NOVIEMBRE\/DIP_MARIA_GUADALUPE_OYERVIDES_NOVIEMBRE.pdf\">Noviembre<\/a><br \/>\n<a href=\"https:\/\/congresocoahuila.gob.mx\/transparencia\/ART\/26\/14\/2021\/DICIEMBRE\/DIP_MARIA_GUADALUPE_OYERVIDES_DICIEMBRE.pdf\">Diciembre<\/a><\/td>\n<td style=\"text-align: left; width: 336px;\" valign=\"top\" bgcolor=\"#FFFFFF\" width=\"425\"><b>GESTIONES 2022<\/b><br \/>\n<a href=\"https:\/\/congresocoahuila.gob.mx\/transparencia\/ART\/26\/14\/2022\/enero\/DIP_MARIA_GUADALUPE_OYERVIDES.pdf\">Enero<\/a><br \/>\n<a href=\"https:\/\/congresocoahuila.gob.mx\/transparencia\/ART\/26\/14\/2022\/febrero\/DIP_MARIA_GUADALUPE_OYERVIDES_FEBRERO.pdf\">Febrero<\/a><br \/>\n<a href=\"https:\/\/congresocoahuila.gob.mx\/transparencia\/ART\/26\/14\/2022\/marzo\/DIP_MARIA_GUADALUPE_OYERVIDES_MARZO.pdf\">Marzo<\/a><br \/>\n<a href=\"https:\/\/congresocoahuila.gob.mx\/transparencia\/ART\/26\/14\/2022\/abril\/DIP_MARIA_GUADALUPE_OYERVIDES_ABRIL.pdf\">Abril<\/a><br \/>\n<a href=\"https:\/\/congresocoahuila.gob.mx\/transparencia\/ART\/26\/14\/2022\/mayo\/DIP_MARIA_GUADALUPE_OYERVIDES_MAYO.pdf\">Mayo<\/a><br \/>\n<a href=\"https:\/\/congresocoahuila.gob.mx\/transparencia\/ART\/26\/14\/2022\/junio\/DIP_MARIA_GUADALUPE_OYERVIDES_JUNIO.pdf\">Junio<\/a><\/td>\n<td style=\"text-align: left; width: 336px;\"><b>\u00a0<\/b><\/td>\n<\/tr>\n<\/tbody>\n<\/table>\n<p><strong>Direcci\u00f3n Casa de Gesti\u00f3n: <\/strong>Blvd. San Jos\u00e9 #419 local H, Col. Hip\u00f3dromo<br \/>\nMonclova Coah.\u00a0 Calle Matamoros Ote. #105 zona centro, Allende<br \/>\nCoah.<\/p>\n","protected":false},"excerpt":{"rendered":"<p>&nbsp; \u00a0 GESTIONES 2021 Enero Febrero Marzo Abril Mayo Junio Julio Agosto Septiembre Octubre Noviembre Diciembre GESTIONES 2022 Enero Febrero Marzo Abril Mayo Junio \u00a0 Direcci\u00f3n Casa de Gesti\u00f3n: Blvd. San Jos\u00e9 #419 local H, Col. Hip\u00f3dromo Monclova Coah.\u00a0 Calle Matamoros Ote. #105 zona centro, Allende Coah.<\/p>\n","protected":false},"author":3,"featured_media":0,"parent":0,"menu_order":0,"comment_status":"closed","ping_status":"closed","template":"","meta":{"footnotes":""},"categories":[],"tags":[],"class_list":["post-41000","page","type-page","status-publish","hentry"],"_links":{"self":[{"href":"https:\/\/www.congresocoahuila.gob.mx\/portal\/wp-json\/wp\/v2\/pages\/41000","targetHints":{"allow":["GET"]}}],"collection":[{"href":"https:\/\/www.congresocoahuila.gob.mx\/portal\/wp-json\/wp\/v2\/pages"}],"about":[{"href":"https:\/\/www.congresocoahuila.gob.mx\/portal\/wp-json\/wp\/v2\/types\/page"}],"author":[{"embeddable":true,"href":"https:\/\/www.congresocoahuila.gob.mx\/portal\/wp-json\/wp\/v2\/users\/3"}],"replies":[{"embeddable":true,"href":"https:\/\/www.congresocoahuila.gob.mx\/portal\/wp-json\/wp\/v2\/comments?post=41000"}],"version-history":[{"count":31,"href":"https:\/\/www.congresocoahuila.gob.mx\/portal\/wp-json\/wp\/v2\/pages\/41000\/revisions"}],"predecessor-version":[{"id":43760,"href":"https:\/\/www.congresocoahuila.gob.mx\/portal\/wp-json\/wp\/v2\/pages\/41000\/revisions\/43760"}],"wp:attachment":[{"href":"https:\/\/www.congresocoahuila.gob.mx\/portal\/wp-json\/wp\/v2\/media?parent=41000"}],"wp:term":[{"taxonomy":"category","embeddable":true,"href":"https:\/\/www.congresocoahuila.gob.mx\/portal\/wp-json\/wp\/v2\/categories?post=41000"},{"taxonomy":"post_tag","embeddable":true,"href":"https:\/\/www.congresocoahuila.gob.mx\/portal\/wp-json\/wp\/v2\/tags?post=41000"}],"curies":[{"name":"wp","href":"https:\/\/api.w.org\/{rel}","templated":true}]}}