{"id":41217,"date":"2021-04-06T12:51:26","date_gmt":"2021-04-06T17:51:26","guid":{"rendered":"http:\/\/congresocoahuila.gob.mx\/portal\/?page_id=41217"},"modified":"2022-01-10T13:06:21","modified_gmt":"2022-01-10T19:06:21","slug":"articulo-21-31-2021","status":"publish","type":"page","link":"https:\/\/www.congresocoahuila.gob.mx\/portal\/articulo-21-31-2021\/","title":{"rendered":"ART\u00cdCULO 21.31 2021"},"content":{"rendered":"<p>AGENDA<\/p>\n<table style=\"width: 661px;\" width=\"641\">\n<tbody>\n<tr style=\"height: 70px;\">\n<td style=\"text-align: left; width: 123px; height: 70px;\"><strong>ENERO<\/strong><\/td>\n<td style=\"text-align: left; width: 538px; height: 70px;\">DERIVADO DE LA CONTINGENCIA POR EL COVID 19 NO SE REALIZARON EVENTOS CULTURALES O DEPORTIVOS A FIN DE SALVAGUARDAR LA SALUD DE LA CIUDADAN\u00cdA<\/td>\n<\/tr>\n<tr style=\"height: 70px;\">\n<td style=\"text-align: left; width: 123px; height: 70px;\"><strong>FEBRERO<\/strong><\/td>\n<td style=\"text-align: left; width: 538px; height: 70px;\">DERIVADO DE LA CONTINGENCIA POR EL COVID 19 NO SE REALIZARON EVENTOS CULTURALES O DEPORTIVOS A FIN DE SALVAGUARDAR LA SALUD DE LA CIUDADAN\u00cdA<\/td>\n<\/tr>\n<tr style=\"height: 70px;\">\n<td style=\"text-align: left; width: 123px; height: 70px;\"><strong>MARZO<\/strong><\/td>\n<td style=\"text-align: left; width: 538px; height: 70px;\">DERIVADO DE LA CONTINGENCIA POR EL COVID 19 NO SE REALIZARON EVENTOS CULTURALES O DEPORTIVOS A FIN DE SALVAGUARDAR LA SALUD DE LA CIUDADAN\u00cdA<\/td>\n<\/tr>\n<tr style=\"height: 70px;\">\n<td style=\"text-align: left; width: 123px; height: 70px;\"><strong>ABRIL<\/strong><\/td>\n<td style=\"text-align: left; width: 538px; height: 70px;\">DERIVADO DE LA CONTINGENCIA POR EL COVID 19 NO SE REALIZARON EVENTOS CULTURALES O DEPORTIVOS A FIN DE SALVAGUARDAR LA SALUD DE LA CIUDADAN\u00cdA<\/td>\n<\/tr>\n<tr style=\"height: 70px;\">\n<td style=\"text-align: left; width: 123px; height: 70px;\"><strong>MAYO<\/strong><\/td>\n<td style=\"text-align: left; width: 538px; height: 70px;\">DERIVADO DE LA CONTINGENCIA POR EL COVID 19 NO SE REALIZARON EVENTOS CULTURALES O DEPORTIVOS A FIN DE SALVAGUARDAR LA SALUD DE LA CIUDADAN\u00cdA<\/td>\n<\/tr>\n<tr style=\"height: 70px;\">\n<td style=\"text-align: left; width: 123px; height: 70px;\"><strong>JUNIO<\/strong><\/td>\n<td style=\"text-align: left; width: 538px; height: 70px;\">DERIVADO DE LA CONTINGENCIA POR EL COVID 19 NO SE<br \/>\nREALIZARON EVENTOS CULTURALES O DEPORTIVOS A FIN DE<br \/>\nSALVAGUARDAR LA SALUD DE LA CIUDADAN\u00cdA<\/td>\n<\/tr>\n<tr style=\"height: 70px;\">\n<td style=\"text-align: left; width: 123px; height: 70px;\"><strong>JULIO<\/strong><\/td>\n<td style=\"text-align: left; width: 538px; height: 70px;\">DERIVADO DE LA CONTINGENCIA POR EL COVID 19 NO SE<br \/>\nREALIZARON EVENTOS CULTURALES O DEPORTIVOS A FIN DE<br \/>\nSALVAGUARDAR LA SALUD DE LA CIUDADAN\u00cdA<\/td>\n<\/tr>\n<tr style=\"height: 23px;\">\n<td style=\"text-align: left; width: 123px; height: 23px;\"><strong>AGOSTO<\/strong><\/td>\n<td style=\"text-align: left; width: 538px; height: 23px;\">DERIVADO DE LA CONTINGENCIA POR EL COVID 19 NO SE<br \/>\nREALIZARON EVENTOS CULTURALES O DEPORTIVOS A FIN DE<br \/>\nSALVAGUARDAR LA SALUD DE LA CIUDADAN\u00cdA<\/td>\n<\/tr>\n<tr style=\"height: 23px;\">\n<td style=\"text-align: left; width: 123px; height: 23px;\"><strong>SEPTIEMBRE<\/strong><\/td>\n<td style=\"text-align: left; width: 538px; height: 23px;\">DERIVADO DE LA CONTINGENCIA POR EL COVID 19 NO SE<br \/>\nREALIZARON EVENTOS CULTURALES O DEPORTIVOS A FIN DE<br \/>\nSALVAGUARDAR LA SALUD DE LA CIUDADAN\u00cdA<\/td>\n<\/tr>\n<tr style=\"height: 23px;\">\n<td style=\"text-align: left; width: 123px; height: 23px;\"><strong>OCTUBRE<\/strong><\/td>\n<td style=\"text-align: left; width: 538px; height: 23px;\">DERIVADO DE LA CONTINGENCIA POR EL COVID 19 NO SE<br \/>\nREALIZARON EVENTOS CULTURALES O DEPORTIVOS A FIN DE<br \/>\nSALVAGUARDAR LA SALUD DE LA CIUDADAN\u00cdA<\/td>\n<\/tr>\n<tr style=\"height: 23px;\">\n<td style=\"text-align: left; width: 123px; height: 23px;\"><strong>NOVIEMBRE<\/strong><\/td>\n<td style=\"text-align: left; width: 538px; height: 23px;\">137 A\u00d1OS DESPU\u00c9S, EVOLUCI\u00d3N DEL VOTO DE LA MUJER EN M\u00c9XICO<\/td>\n<\/tr>\n<tr style=\"height: 23px;\">\n<td style=\"text-align: left; width: 123px; height: 23px;\"><strong>DICIEMBRE<\/strong><\/td>\n<td style=\"text-align: left; width: 538px; height: 23px;\">COMPARECENCIAS 2021<\/td>\n<\/tr>\n<tr>\n<td style=\"text-align: left; width: 123px;\"><\/td>\n<td style=\"text-align: left; width: 538px;\">PARLAMENTO ABIERTO \u00bb LOS DERECHOS DE LAS PERSONAS CON DISCAPACIDAD\u00bb (MODALIDAD VIRTUAL)<\/td>\n<\/tr>\n<\/tbody>\n<\/table>\n<p>&nbsp;<\/p>\n","protected":false},"excerpt":{"rendered":"<p>AGENDA ENERO DERIVADO DE LA CONTINGENCIA POR EL COVID 19 NO SE REALIZARON EVENTOS CULTURALES O DEPORTIVOS A FIN DE SALVAGUARDAR LA SALUD DE LA CIUDADAN\u00cdA FEBRERO DERIVADO DE LA CONTINGENCIA POR EL COVID 19 NO SE REALIZARON EVENTOS CULTURALES O DEPORTIVOS A FIN DE SALVAGUARDAR LA SALUD DE LA CIUDADAN\u00cdA MARZO DERIVADO DE LA [&hellip;]<\/p>\n","protected":false},"author":3,"featured_media":0,"parent":0,"menu_order":0,"comment_status":"closed","ping_status":"closed","template":"","meta":{"footnotes":""},"categories":[],"tags":[],"class_list":["post-41217","page","type-page","status-publish","hentry"],"_links":{"self":[{"href":"https:\/\/www.congresocoahuila.gob.mx\/portal\/wp-json\/wp\/v2\/pages\/41217","targetHints":{"allow":["GET"]}}],"collection":[{"href":"https:\/\/www.congresocoahuila.gob.mx\/portal\/wp-json\/wp\/v2\/pages"}],"about":[{"href":"https:\/\/www.congresocoahuila.gob.mx\/portal\/wp-json\/wp\/v2\/types\/page"}],"author":[{"embeddable":true,"href":"https:\/\/www.congresocoahuila.gob.mx\/portal\/wp-json\/wp\/v2\/users\/3"}],"replies":[{"embeddable":true,"href":"https:\/\/www.congresocoahuila.gob.mx\/portal\/wp-json\/wp\/v2\/comments?post=41217"}],"version-history":[{"count":11,"href":"https:\/\/www.congresocoahuila.gob.mx\/portal\/wp-json\/wp\/v2\/pages\/41217\/revisions"}],"predecessor-version":[{"id":42938,"href":"https:\/\/www.congresocoahuila.gob.mx\/portal\/wp-json\/wp\/v2\/pages\/41217\/revisions\/42938"}],"wp:attachment":[{"href":"https:\/\/www.congresocoahuila.gob.mx\/portal\/wp-json\/wp\/v2\/media?parent=41217"}],"wp:term":[{"taxonomy":"category","embeddable":true,"href":"https:\/\/www.congresocoahuila.gob.mx\/portal\/wp-json\/wp\/v2\/categories?post=41217"},{"taxonomy":"post_tag","embeddable":true,"href":"https:\/\/www.congresocoahuila.gob.mx\/portal\/wp-json\/wp\/v2\/tags?post=41217"}],"curies":[{"name":"wp","href":"https:\/\/api.w.org\/{rel}","templated":true}]}}