{"id":41260,"date":"2021-04-07T12:27:28","date_gmt":"2021-04-07T17:27:28","guid":{"rendered":"http:\/\/congresocoahuila.gob.mx\/portal\/?page_id=41260"},"modified":"2021-04-07T12:32:04","modified_gmt":"2021-04-07T17:32:04","slug":"21-32-2021","status":"publish","type":"page","link":"https:\/\/www.congresocoahuila.gob.mx\/portal\/21-32-2021\/","title":{"rendered":"21-32 2021"},"content":{"rendered":"\n<p><strong><a href=\"https:\/\/congresocoahuila.gob.mx\/transparencia\/ART\/21\/32\/2021\/ACTA_TESORERIA.pdf\">Documento 1<\/a> <\/strong> ACTA DE ENTREGA- RECEPCI\u00d3N TESORER\u00cdA.<\/p>\n\n\n\n<p><a href=\"https:\/\/congresocoahuila.gob.mx\/transparencia\/ART\/21\/32\/2021\/ACTA_JURIDICO.pdf\"><strong>Documento 2<\/strong><\/a>  ACTA DE ENTREGA- RECEPCI\u00d3N DIRECCI\u00d3N DE ASUNTOS JUR\u00cdDICOS.<\/p>\n","protected":false},"excerpt":{"rendered":"<p>Documento 1 ACTA DE ENTREGA- RECEPCI\u00d3N TESORER\u00cdA. Documento 2 ACTA DE ENTREGA- RECEPCI\u00d3N DIRECCI\u00d3N DE ASUNTOS JUR\u00cdDICOS.<\/p>\n","protected":false},"author":6,"featured_media":0,"parent":0,"menu_order":0,"comment_status":"closed","ping_status":"closed","template":"","meta":{"footnotes":""},"categories":[],"tags":[],"class_list":["post-41260","page","type-page","status-publish","hentry"],"_links":{"self":[{"href":"https:\/\/www.congresocoahuila.gob.mx\/portal\/wp-json\/wp\/v2\/pages\/41260","targetHints":{"allow":["GET"]}}],"collection":[{"href":"https:\/\/www.congresocoahuila.gob.mx\/portal\/wp-json\/wp\/v2\/pages"}],"about":[{"href":"https:\/\/www.congresocoahuila.gob.mx\/portal\/wp-json\/wp\/v2\/types\/page"}],"author":[{"embeddable":true,"href":"https:\/\/www.congresocoahuila.gob.mx\/portal\/wp-json\/wp\/v2\/users\/6"}],"replies":[{"embeddable":true,"href":"https:\/\/www.congresocoahuila.gob.mx\/portal\/wp-json\/wp\/v2\/comments?post=41260"}],"version-history":[{"count":2,"href":"https:\/\/www.congresocoahuila.gob.mx\/portal\/wp-json\/wp\/v2\/pages\/41260\/revisions"}],"predecessor-version":[{"id":41262,"href":"https:\/\/www.congresocoahuila.gob.mx\/portal\/wp-json\/wp\/v2\/pages\/41260\/revisions\/41262"}],"wp:attachment":[{"href":"https:\/\/www.congresocoahuila.gob.mx\/portal\/wp-json\/wp\/v2\/media?parent=41260"}],"wp:term":[{"taxonomy":"category","embeddable":true,"href":"https:\/\/www.congresocoahuila.gob.mx\/portal\/wp-json\/wp\/v2\/categories?post=41260"},{"taxonomy":"post_tag","embeddable":true,"href":"https:\/\/www.congresocoahuila.gob.mx\/portal\/wp-json\/wp\/v2\/tags?post=41260"}],"curies":[{"name":"wp","href":"https:\/\/api.w.org\/{rel}","templated":true}]}}