{"id":41399,"date":"2021-04-08T13:38:13","date_gmt":"2021-04-08T18:38:13","guid":{"rendered":"http:\/\/congresocoahuila.gob.mx\/portal\/?page_id=41399"},"modified":"2021-04-08T13:45:03","modified_gmt":"2021-04-08T18:45:03","slug":"jorge-antonio-abdala-serna-3","status":"publish","type":"page","link":"https:\/\/www.congresocoahuila.gob.mx\/portal\/jorge-antonio-abdala-serna-3\/","title":{"rendered":"JORGE ANTONIO ABDALA SERNA"},"content":{"rendered":"<table border=\"0\" width=\"459\" cellspacing=\"0\" cellpadding=\"0\">\n<tbody>\n<tr>\n<td bgcolor=\"#FFFFFF\" width=\"165\">\n<h3>&nbsp;<img loading=\"lazy\" decoding=\"async\" class=\"alignnone wp-image-41147 size-full\" src=\"http:\/\/congresocoahuila.gob.mx\/portal\/wp-content\/uploads\/2021\/03\/004.jpg\" alt=\"\" width=\"190\" height=\"262\"><\/h3>\n<p style=\"text-align: center;\">\n<\/td>\n<td style=\"text-align: left;\" valign=\"middle\" bgcolor=\"#FFFFFF\" width=\"425\"><b>GESTIONES 2021<\/b><br \/>\n<a href=\"https:\/\/congresocoahuila.gob.mx\/transparencia\/ART\/26\/14\/2021\/ENERO\/DIP_JORGE_ANTONIO_ABDALA_SERNA_ENERO.docx\">Enero<\/a><br \/>\n<a href=\"https:\/\/congresocoahuila.gob.mx\/transparencia\/ART\/26\/14\/2021\/FEBRERO\/DIP_JORGE_ANTONIO_ABDALA_SERNA_FEBRERO.docx\">Febrero<\/a><\/td>\n<\/tr>\n<\/tbody>\n<\/table>\n<p><strong>Direcci\u00f3n Casa de Gesti\u00f3n: <\/strong>Av. Coahuila No. 80 ote Col. Centro<br \/>\nC\u00f3digo Postal 27800 Cd de san Pedro de las Colonias, Coahuila<\/p>\n","protected":false},"excerpt":{"rendered":"<p>&nbsp; GESTIONES 2021 Enero Febrero Direcci\u00f3n Casa de Gesti\u00f3n: Av. Coahuila No. 80 ote Col. Centro C\u00f3digo Postal 27800 Cd de san Pedro de las Colonias, Coahuila<\/p>\n","protected":false},"author":6,"featured_media":0,"parent":0,"menu_order":0,"comment_status":"closed","ping_status":"closed","template":"","meta":{"footnotes":""},"categories":[],"tags":[],"class_list":["post-41399","page","type-page","status-publish","hentry"],"_links":{"self":[{"href":"https:\/\/www.congresocoahuila.gob.mx\/portal\/wp-json\/wp\/v2\/pages\/41399","targetHints":{"allow":["GET"]}}],"collection":[{"href":"https:\/\/www.congresocoahuila.gob.mx\/portal\/wp-json\/wp\/v2\/pages"}],"about":[{"href":"https:\/\/www.congresocoahuila.gob.mx\/portal\/wp-json\/wp\/v2\/types\/page"}],"author":[{"embeddable":true,"href":"https:\/\/www.congresocoahuila.gob.mx\/portal\/wp-json\/wp\/v2\/users\/6"}],"replies":[{"embeddable":true,"href":"https:\/\/www.congresocoahuila.gob.mx\/portal\/wp-json\/wp\/v2\/comments?post=41399"}],"version-history":[{"count":5,"href":"https:\/\/www.congresocoahuila.gob.mx\/portal\/wp-json\/wp\/v2\/pages\/41399\/revisions"}],"predecessor-version":[{"id":41406,"href":"https:\/\/www.congresocoahuila.gob.mx\/portal\/wp-json\/wp\/v2\/pages\/41399\/revisions\/41406"}],"wp:attachment":[{"href":"https:\/\/www.congresocoahuila.gob.mx\/portal\/wp-json\/wp\/v2\/media?parent=41399"}],"wp:term":[{"taxonomy":"category","embeddable":true,"href":"https:\/\/www.congresocoahuila.gob.mx\/portal\/wp-json\/wp\/v2\/categories?post=41399"},{"taxonomy":"post_tag","embeddable":true,"href":"https:\/\/www.congresocoahuila.gob.mx\/portal\/wp-json\/wp\/v2\/tags?post=41399"}],"curies":[{"name":"wp","href":"https:\/\/api.w.org\/{rel}","templated":true}]}}