{"id":41424,"date":"2021-04-08T14:44:02","date_gmt":"2021-04-08T19:44:02","guid":{"rendered":"http:\/\/congresocoahuila.gob.mx\/portal\/?page_id=41424"},"modified":"2022-07-04T12:25:20","modified_gmt":"2022-07-04T17:25:20","slug":"dip-laura-francisca-aguilar","status":"publish","type":"page","link":"https:\/\/www.congresocoahuila.gob.mx\/portal\/dip-laura-francisca-aguilar\/","title":{"rendered":"DIP. LAURA FRANCISCA AGUILAR"},"content":{"rendered":"<table style=\"width: 793px;\" border=\"0\" width=\"459\" cellspacing=\"0\" cellpadding=\"0\">\n<tbody>\n<tr>\n<td style=\"width: 121px;\" bgcolor=\"#FFFFFF\" width=\"165\">\n<h3>\u00a0<img loading=\"lazy\" decoding=\"async\" class=\"alignnone wp-image-41655 size-full\" src=\"http:\/\/congresocoahuila.gob.mx\/portal\/wp-content\/uploads\/2021\/05\/23-1.jpg\" alt=\"\" width=\"90\" height=\"128\" \/><\/h3>\n<p style=\"text-align: center;\">\n<\/td>\n<td style=\"text-align: left; width: 336px;\" valign=\"middle\" bgcolor=\"#FFFFFF\" width=\"425\"><b>GESTIONES 2021<\/b><br \/>\n<a href=\"https:\/\/congresocoahuila.gob.mx\/transparencia\/ART\/26\/14\/2021\/ENERO\/DIP_LAURA_FRANCISCA_AGUILAR_ENERO.pdf\">Enero<\/a><br \/>\n<a href=\"https:\/\/congresocoahuila.gob.mx\/transparencia\/ART\/26\/14\/2021\/FEBRERO\/DIP_LAURA_FRANCISCA_AGUILAR_FEBRERO.pdf\">Febrero<\/a><br \/>\n<a href=\"https:\/\/congresocoahuila.gob.mx\/transparencia\/ART\/26\/14\/2021\/MARZO\/DIP_LAURA_FRANCISCA_AGUILAR_MARZO.pdf\">Marzo<\/a><br \/>\n<a href=\"https:\/\/congresocoahuila.gob.mx\/transparencia\/ART\/26\/14\/2021\/ABRIL\/DIP_LAURA_FRANCISCA_AGUILAR_ABRIL.pdf\">Abril<\/a><br \/>\n<a href=\"https:\/\/congresocoahuila.gob.mx\/transparencia\/ART\/26\/14\/2021\/MAYO\/DIP_LAURA_FRANCISCA_AGUILAR_MAYO.pdf\">Mayo<\/a><br \/>\n<a href=\"https:\/\/congresocoahuila.gob.mx\/transparencia\/ART\/26\/14\/2021\/JUNIO\/DIP_LAURA_FRANCISCA_AGUILAR_JUNIO.pdf\">Junio<\/a><br \/>\n<a href=\"https:\/\/congresocoahuila.gob.mx\/transparencia\/ART\/26\/14\/2021\/JULIO\/DIP_LAURA_FRANCISCA_AGUILAR_JULIO.pdf\">Julio<\/a><br \/>\n<a href=\"https:\/\/congresocoahuila.gob.mx\/transparencia\/ART\/26\/14\/2021\/AGOSTO\/DIP_LAURA_FRANCISCA_AGUILAR_AGOSTO.pdf\">Agosto<\/a><br \/>\n<a href=\"https:\/\/congresocoahuila.gob.mx\/transparencia\/ART\/26\/14\/2021\/SEPTIEMBRE\/DIP_LAURA_FRANCISCA_AGUILAR_SEPTIEMBRE.pdf\">Septiembre<\/a><br \/>\n<a href=\"https:\/\/congresocoahuila.gob.mx\/transparencia\/ART\/26\/14\/2021\/OCTUBRE\/DIP_LAURA_FRANCISCA_AGUILAR_OCTUBRE.pdf\">Octubre<\/a><br \/>\n<a href=\"https:\/\/congresocoahuila.gob.mx\/transparencia\/ART\/26\/14\/2021\/NOVIEMBRE\/DIP_LAURA_FRANCISCA_AGUILAR_NOVIEMBRE.pdf\">Noviembre<\/a><br \/>\n<a href=\"https:\/\/congresocoahuila.gob.mx\/transparencia\/ART\/26\/14\/2021\/DICIEMBRE\/DIP_LAURA_FRANCISCA_AGUILAR_DICIEMBRE.pdf\">Diciembre<\/a><\/td>\n<td style=\"text-align: left; width: 336px;\" valign=\"top\" bgcolor=\"#FFFFFF\" width=\"425\"><b>GESTIONES 2022<\/b><br \/>\n<a href=\"https:\/\/congresocoahuila.gob.mx\/transparencia\/ART\/26\/14\/2022\/enero\/DIP_LAURA_FRANCISCA_AGUILAR_ENERO.pdf\">Enero<\/a><br \/>\n<a href=\"https:\/\/congresocoahuila.gob.mx\/transparencia\/ART\/26\/14\/2022\/febrero\/DIP_LAURA_FRANCISCA_AGUILAR_FEBRERO.pdf\">Febrero<\/a><br \/>\n<a href=\"https:\/\/congresocoahuila.gob.mx\/transparencia\/ART\/26\/14\/2022\/marzo\/DIP_LAURA_FRANCISCA_AGUILAR_MARZO.pdf\">Marzo<\/a><br \/>\n<a href=\"https:\/\/congresocoahuila.gob.mx\/transparencia\/ART\/26\/14\/2022\/abril\/DIP_LAURA_FRANCISCA_AGUILAR_ABRIL.pdf\">Abril<\/a><br \/>\n<a href=\"https:\/\/congresocoahuila.gob.mx\/transparencia\/ART\/26\/14\/2022\/mayo\/DIP_LAURA_FRANCISCA_AGUILAR_MAYO.pdf\">Mayo<\/a><br \/>\n<a href=\"https:\/\/congresocoahuila.gob.mx\/transparencia\/ART\/26\/14\/2022\/junio\/DIP_LAURA_FRANCISCA_AGUILAR_JUNIO.pdf\">Junio<\/a><\/td>\n<\/tr>\n<\/tbody>\n<\/table>\n<p><strong>Direcci\u00f3n Casa de Gesti\u00f3n: <\/strong>Blvd. San Jos\u00e9 #419 local H, Col. Hip\u00f3dromo<br \/>\nMonclova Coah.\u00a0 Calle Matamoros Ote. #105 zona centro, Allende<br \/>\nCoah.<\/p>\n","protected":false},"excerpt":{"rendered":"<p>\u00a0 GESTIONES 2021 Enero Febrero Marzo Abril Mayo Junio Julio Agosto Septiembre Octubre Noviembre Diciembre GESTIONES 2022 Enero Febrero Marzo Abril Mayo Junio Direcci\u00f3n Casa de Gesti\u00f3n: Blvd. San Jos\u00e9 #419 local H, Col. Hip\u00f3dromo Monclova Coah.\u00a0 Calle Matamoros Ote. #105 zona centro, Allende Coah.<\/p>\n","protected":false},"author":3,"featured_media":0,"parent":0,"menu_order":0,"comment_status":"closed","ping_status":"closed","template":"","meta":{"footnotes":""},"categories":[],"tags":[],"class_list":["post-41424","page","type-page","status-publish","hentry"],"_links":{"self":[{"href":"https:\/\/www.congresocoahuila.gob.mx\/portal\/wp-json\/wp\/v2\/pages\/41424","targetHints":{"allow":["GET"]}}],"collection":[{"href":"https:\/\/www.congresocoahuila.gob.mx\/portal\/wp-json\/wp\/v2\/pages"}],"about":[{"href":"https:\/\/www.congresocoahuila.gob.mx\/portal\/wp-json\/wp\/v2\/types\/page"}],"author":[{"embeddable":true,"href":"https:\/\/www.congresocoahuila.gob.mx\/portal\/wp-json\/wp\/v2\/users\/3"}],"replies":[{"embeddable":true,"href":"https:\/\/www.congresocoahuila.gob.mx\/portal\/wp-json\/wp\/v2\/comments?post=41424"}],"version-history":[{"count":23,"href":"https:\/\/www.congresocoahuila.gob.mx\/portal\/wp-json\/wp\/v2\/pages\/41424\/revisions"}],"predecessor-version":[{"id":43784,"href":"https:\/\/www.congresocoahuila.gob.mx\/portal\/wp-json\/wp\/v2\/pages\/41424\/revisions\/43784"}],"wp:attachment":[{"href":"https:\/\/www.congresocoahuila.gob.mx\/portal\/wp-json\/wp\/v2\/media?parent=41424"}],"wp:term":[{"taxonomy":"category","embeddable":true,"href":"https:\/\/www.congresocoahuila.gob.mx\/portal\/wp-json\/wp\/v2\/categories?post=41424"},{"taxonomy":"post_tag","embeddable":true,"href":"https:\/\/www.congresocoahuila.gob.mx\/portal\/wp-json\/wp\/v2\/tags?post=41424"}],"curies":[{"name":"wp","href":"https:\/\/api.w.org\/{rel}","templated":true}]}}