{"id":41886,"date":"2021-07-05T19:00:27","date_gmt":"2021-07-06T00:00:27","guid":{"rendered":"https:\/\/congresocoahuila.gob.mx\/portal\/?page_id=41886"},"modified":"2021-08-26T10:30:35","modified_gmt":"2021-08-26T15:30:35","slug":"segundo-periodo-de-la-diputacion-permanente-de-la-lxii-legislatura-2021","status":"publish","type":"page","link":"https:\/\/www.congresocoahuila.gob.mx\/portal\/segundo-periodo-de-la-diputacion-permanente-de-la-lxii-legislatura-2021\/","title":{"rendered":"SEGUNDO PER\u00cdODO DE LA DIPUTACI\u00d3N PERMANENTE DE LA LXII LEGISLATURA 2021"},"content":{"rendered":"<p><strong>LISTA DE ASISTENCIA<\/strong><\/p>\n<p><a href=\"https:\/\/congresocoahuila.gob.mx\/transparencia\/ART\/26\/05\/2DO_PERIODO_DIPUTACION_PERMANENTE_LXII_2021\/SPR_S01_20210701.pdf\" target=\"_blank\" rel=\"noreferrer noopener\" aria-label=\" (abre en una nueva pesta\u00f1a)\">Primera Sesi\u00f3n del d\u00eda 01 de julio de 2021<\/a><br \/>\n<a href=\"https:\/\/congresocoahuila.gob.mx\/transparencia\/ART\/26\/05\/2DO_PERIODO_DIPUTACION_PERMANENTE_LXII_2021\/SPR_S02_20210706.pdf\" target=\"_blank\" rel=\"noreferrer noopener\" aria-label=\" (abre en una nueva pesta\u00f1a)\">Segunda Sesi\u00f3n del d\u00eda 06 de julio de 2021<\/a><br \/>\n<a href=\"https:\/\/congresocoahuila.gob.mx\/transparencia\/ART\/26\/05\/2DO_PERIODO_DIPUTACION_PERMANENTE_LXII_2021\/SPR_S03_20210713.pdf\" target=\"_blank\" rel=\"noreferrer noopener\" aria-label=\" (abre en una nueva pesta\u00f1a)\">Tercera Sesi\u00f3n del d\u00eda 13 de julio de 2021<\/a><br \/>\n<a href=\"https:\/\/congresocoahuila.gob.mx\/transparencia\/ART\/26\/05\/2DO_PERIODO_DIPUTACION_PERMANENTE_LXII_2021\/SPR_S04_20210719.pdf\" target=\"_blank\" rel=\"noreferrer noopener\" aria-label=\" (abre en una nueva pesta\u00f1a)\">Cuarta Sesi\u00f3n del d\u00eda 19 de julio de 2021<\/a><br \/>\n<a href=\"https:\/\/congresocoahuila.gob.mx\/transparencia\/ART\/26\/05\/2DO_PERIODO_DIPUTACION_PERMANENTE_LXII_2021\/SPR_S05_20210730.pdf\" target=\"_blank\" rel=\"noreferrer noopener\" aria-label=\" (abre en una nueva pesta\u00f1a)\">Quinta Sesi\u00f3n del d\u00eda 30 de julio de 2021<\/a><br \/>\n<a href=\"https:\/\/congresocoahuila.gob.mx\/transparencia\/ART\/26\/05\/2DO_PERIODO_DIPUTACION_PERMANENTE_LXII_2021\/SPR_S06_20210803.pdf\" target=\"_blank\" rel=\"noreferrer noopener\" aria-label=\" (abre en una nueva pesta\u00f1a)\">Sexta Sesi\u00f3n del d\u00eda 03 de agosto de 2021<\/a><br \/>\n<a href=\"https:\/\/congresocoahuila.gob.mx\/transparencia\/ART\/26\/05\/2DO_PERIODO_DIPUTACION_PERMANENTE_LXII_2021\/SPR_S07_20210810.pdf\" target=\"_blank\" rel=\"noreferrer noopener\" aria-label=\" (abre en una nueva pesta\u00f1a)\">S\u00e9ptima Sesi\u00f3n del d\u00eda 10 de agosto de 2021<\/a><br \/>\n<a href=\"https:\/\/congresocoahuila.gob.mx\/transparencia\/ART\/26\/05\/2DO_PERIODO_DIPUTACION_PERMANENTE_LXII_2021\/SPR_S08_20210817.pdf\" target=\"_blank\" rel=\"noreferrer noopener\" aria-label=\" (abre en una nueva pesta\u00f1a)\">Octava Sesi\u00f3n del d\u00eda 17 de agosto de 2021<\/a><br \/>\n<a href=\"https:\/\/congresocoahuila.gob.mx\/transparencia\/ART\/26\/05\/2DO_PERIODO_DIPUTACION_PERMANENTE_LXII_2021\/SPR_S09_20210824.pdf\" target=\"_blank\" rel=\"noreferrer noopener\" aria-label=\" (abre en una nueva pesta\u00f1a)\">Novena Sesi\u00f3n del d\u00eda 24 de agosto de 2021<\/a><\/p>\n","protected":false},"excerpt":{"rendered":"<p>LISTA DE ASISTENCIA Primera Sesi\u00f3n del d\u00eda 01 de julio de 2021 Segunda Sesi\u00f3n del d\u00eda 06 de julio de 2021 Tercera Sesi\u00f3n del d\u00eda 13 de julio de 2021 Cuarta Sesi\u00f3n del d\u00eda 19 de julio de 2021 Quinta Sesi\u00f3n del d\u00eda 30 de julio de 2021 Sexta Sesi\u00f3n del d\u00eda 03 de agosto [&hellip;]<\/p>\n","protected":false},"author":2,"featured_media":0,"parent":0,"menu_order":0,"comment_status":"closed","ping_status":"closed","template":"","meta":{"footnotes":""},"categories":[],"tags":[],"class_list":["post-41886","page","type-page","status-publish","hentry"],"_links":{"self":[{"href":"https:\/\/www.congresocoahuila.gob.mx\/portal\/wp-json\/wp\/v2\/pages\/41886","targetHints":{"allow":["GET"]}}],"collection":[{"href":"https:\/\/www.congresocoahuila.gob.mx\/portal\/wp-json\/wp\/v2\/pages"}],"about":[{"href":"https:\/\/www.congresocoahuila.gob.mx\/portal\/wp-json\/wp\/v2\/types\/page"}],"author":[{"embeddable":true,"href":"https:\/\/www.congresocoahuila.gob.mx\/portal\/wp-json\/wp\/v2\/users\/2"}],"replies":[{"embeddable":true,"href":"https:\/\/www.congresocoahuila.gob.mx\/portal\/wp-json\/wp\/v2\/comments?post=41886"}],"version-history":[{"count":10,"href":"https:\/\/www.congresocoahuila.gob.mx\/portal\/wp-json\/wp\/v2\/pages\/41886\/revisions"}],"predecessor-version":[{"id":42125,"href":"https:\/\/www.congresocoahuila.gob.mx\/portal\/wp-json\/wp\/v2\/pages\/41886\/revisions\/42125"}],"wp:attachment":[{"href":"https:\/\/www.congresocoahuila.gob.mx\/portal\/wp-json\/wp\/v2\/media?parent=41886"}],"wp:term":[{"taxonomy":"category","embeddable":true,"href":"https:\/\/www.congresocoahuila.gob.mx\/portal\/wp-json\/wp\/v2\/categories?post=41886"},{"taxonomy":"post_tag","embeddable":true,"href":"https:\/\/www.congresocoahuila.gob.mx\/portal\/wp-json\/wp\/v2\/tags?post=41886"}],"curies":[{"name":"wp","href":"https:\/\/api.w.org\/{rel}","templated":true}]}}