{"id":42168,"date":"2021-09-03T11:32:17","date_gmt":"2021-09-03T16:32:17","guid":{"rendered":"https:\/\/congresocoahuila.gob.mx\/portal\/?page_id=42168"},"modified":"2021-12-22T10:36:19","modified_gmt":"2021-12-22T16:36:19","slug":"segundo-periodo-ordinario-2021","status":"publish","type":"page","link":"https:\/\/www.congresocoahuila.gob.mx\/portal\/segundo-periodo-ordinario-2021\/","title":{"rendered":"SEGUNDO PER\u00cdODO ORDINARIO 2021"},"content":{"rendered":"<p><strong>PRIMER A\u00d1O DE EJERCICIO CONSTITUCIONAL 2021<\/strong><br \/>\n<strong>SEGUNDO PER\u00cdODO ORDINARIO<\/strong><\/p>\n<p style=\"text-align: justify;\">Fecha de actualizaci\u00f3n de Diario de los Debates: La presente fracci\u00f3n se actualiza, atento a lo que disponen los Art\u00edculos 247 al 252\u00a0de la Ley Org\u00e1nica del Congreso, que disponen la publicaci\u00f3n del Diario de los Debates al termino de cada sesi\u00f3n, por lo que la presente p\u00e1gina se actualiza una vez que las \u00e1reas t\u00e9cnico administrativas concluyen la labor de transcripci\u00f3n de la sesi\u00f3n correspondiente, para su publicaci\u00f3n en Internet.<\/p>\n<p><a href=\"https:\/\/congresocoahuila.gob.mx\/transparencia\/03\/Debates-2021-2023\/20210901_SPO_S01.docx\">Primera Sesi\u00f3n, 01 de septiembre de 2021<\/a><br \/>\n<a href=\"https:\/\/congresocoahuila.gob.mx\/transparencia\/03\/Debates-2021-2023\/20210907_SPO_S02.docx\">Segunda Sesi\u00f3n, 07 de septiembre de 2021<\/a><br \/>\n<a href=\"https:\/\/congresocoahuila.gob.mx\/transparencia\/03\/Debates-2021-2023\/20210914_SPO_S03.docx\">Tercera Sesi\u00f3n, 14 de septiembre de 2021<\/a><br \/>\n<a href=\"https:\/\/congresocoahuila.gob.mx\/transparencia\/03\/Debates-2021-2023\/20210921_SPO_S04.docx\">Cuarta Sesi\u00f3n, 21 de septiembre de 2021<\/a><br \/>\n<a href=\"https:\/\/congresocoahuila.gob.mx\/transparencia\/03\/Debates-2021-2023\/20210928_SPO_S05.docx\">Quinta Sesi\u00f3n, 28 de septiembre de 2021<\/a><br \/>\n<a href=\"https:\/\/congresocoahuila.gob.mx\/transparencia\/03\/Debates-2021-2023\/20211005_SPO_S06.docx\">Sexta Sesi\u00f3n, 05 de octubre de 2021<\/a><br \/>\n<a href=\"https:\/\/congresocoahuila.gob.mx\/transparencia\/03\/Debates-2021-2023\/20211012_SPO_S07.docx\">S\u00e9ptima Sesi\u00f3n, 12 de octubre de 2021<\/a><br \/>\n<a href=\"https:\/\/congresocoahuila.gob.mx\/transparencia\/03\/Debates-2021-2023\/20211019_SPO_S08.docx\">Octava Sesi\u00f3n, 19 de octubre de 2021<\/a><br \/>\n<a href=\"https:\/\/congresocoahuila.gob.mx\/transparencia\/03\/Debates-2021-2023\/20211026_SPO_S09.docx\">Novena Sesi\u00f3n, 26 de octubre de 2021<\/a><br \/>\n<a href=\"https:\/\/congresocoahuila.gob.mx\/transparencia\/03\/Debates-2021-2023\/20211103_SPO_S10.docx\">D\u00e9cima Sesi\u00f3n, 03 de noviembre de 2021<\/a><br \/>\n<a href=\"https:\/\/congresocoahuila.gob.mx\/transparencia\/03\/Debates-2021-2023\/20211109_SPO_S11.docx\">D\u00e9cima Primera Sesi\u00f3n, 09 de noviembre de 2021<\/a><br \/>\n<a href=\"https:\/\/congresocoahuila.gob.mx\/transparencia\/03\/Debates-2021-2023\/20211117_SPO_S12.docx\">D\u00e9cima Segunda Sesi\u00f3n, 17 de noviembre de 2021<\/a><br \/>\n<a href=\"https:\/\/congresocoahuila.gob.mx\/transparencia\/03\/Debates-2021-2023\/20211123_SPO_S13.docx\">D\u00e9cima Tercera Sesi\u00f3n, 23 de noviembre de 2021<\/a><br \/>\n<a href=\"https:\/\/congresocoahuila.gob.mx\/transparencia\/03\/Debates-2021-2023\/20211130_SPO_S14.docx\">Sesi\u00f3n Solemne, 30 de noviembre de 2021 \u2013 Cuarto Informe de Gobierno, Ing. Miguel \u00c1ngel Riquelme Sol\u00eds, Gobernador del Estado de Coahuila de Zaragoza<\/a><br \/>\n<a href=\"https:\/\/congresocoahuila.gob.mx\/transparencia\/03\/Debates-2021-2023\/20211130_SPO_S15.docx\">D\u00e9cima Quinta Sesi\u00f3n, 30 de noviembre de 2021<\/a><br \/>\n<a href=\"https:\/\/congresocoahuila.gob.mx\/transparencia\/03\/Debates-2021-2023\/20211207_SPO_S16.docx\">D\u00e9cima Sexta Sesi\u00f3n, 07 de diciembre de 2021<\/a><br \/>\n<a href=\"https:\/\/congresocoahuila.gob.mx\/transparencia\/03\/Debates-2021-2023\/20211214_SPO_S17.docx\">D\u00e9cima S\u00e9ptima Sesi\u00f3n, 14 de diciembre de 2021<\/a><br \/>\n<a href=\"https:\/\/congresocoahuila.gob.mx\/transparencia\/03\/Debates-2021-2023\/20211217_SPO_S18.docx\">D\u00e9cima Octava Sesi\u00f3n, 17 de diciembre de 2021<\/a><br \/>\n<a href=\"https:\/\/congresocoahuila.gob.mx\/transparencia\/03\/Debates-2021-2023\/20211221_SPO_S19.docx\">D\u00e9cima Novena Sesi\u00f3n, 21 de diciembre de 2021<\/a><\/p>\n","protected":false},"excerpt":{"rendered":"<p>PRIMER A\u00d1O DE EJERCICIO CONSTITUCIONAL 2021 SEGUNDO PER\u00cdODO ORDINARIO Fecha de actualizaci\u00f3n de Diario de los Debates: La presente fracci\u00f3n se actualiza, atento a lo que disponen los Art\u00edculos 247 al 252\u00a0de la Ley Org\u00e1nica del Congreso, que disponen la publicaci\u00f3n del Diario de los Debates al termino de cada sesi\u00f3n, por lo que la [&hellip;]<\/p>\n","protected":false},"author":2,"featured_media":0,"parent":0,"menu_order":0,"comment_status":"closed","ping_status":"closed","template":"","meta":{"footnotes":""},"categories":[],"tags":[],"class_list":["post-42168","page","type-page","status-publish","hentry"],"_links":{"self":[{"href":"https:\/\/www.congresocoahuila.gob.mx\/portal\/wp-json\/wp\/v2\/pages\/42168","targetHints":{"allow":["GET"]}}],"collection":[{"href":"https:\/\/www.congresocoahuila.gob.mx\/portal\/wp-json\/wp\/v2\/pages"}],"about":[{"href":"https:\/\/www.congresocoahuila.gob.mx\/portal\/wp-json\/wp\/v2\/types\/page"}],"author":[{"embeddable":true,"href":"https:\/\/www.congresocoahuila.gob.mx\/portal\/wp-json\/wp\/v2\/users\/2"}],"replies":[{"embeddable":true,"href":"https:\/\/www.congresocoahuila.gob.mx\/portal\/wp-json\/wp\/v2\/comments?post=42168"}],"version-history":[{"count":14,"href":"https:\/\/www.congresocoahuila.gob.mx\/portal\/wp-json\/wp\/v2\/pages\/42168\/revisions"}],"predecessor-version":[{"id":42812,"href":"https:\/\/www.congresocoahuila.gob.mx\/portal\/wp-json\/wp\/v2\/pages\/42168\/revisions\/42812"}],"wp:attachment":[{"href":"https:\/\/www.congresocoahuila.gob.mx\/portal\/wp-json\/wp\/v2\/media?parent=42168"}],"wp:term":[{"taxonomy":"category","embeddable":true,"href":"https:\/\/www.congresocoahuila.gob.mx\/portal\/wp-json\/wp\/v2\/categories?post=42168"},{"taxonomy":"post_tag","embeddable":true,"href":"https:\/\/www.congresocoahuila.gob.mx\/portal\/wp-json\/wp\/v2\/tags?post=42168"}],"curies":[{"name":"wp","href":"https:\/\/api.w.org\/{rel}","templated":true}]}}