{"id":42171,"date":"2021-09-03T11:36:36","date_gmt":"2021-09-03T16:36:36","guid":{"rendered":"https:\/\/congresocoahuila.gob.mx\/portal\/?page_id=42171"},"modified":"2021-12-22T13:30:19","modified_gmt":"2021-12-22T19:30:19","slug":"segundo-periodo-ordinario-de-la-lxii-legislatura-2021","status":"publish","type":"page","link":"https:\/\/www.congresocoahuila.gob.mx\/portal\/segundo-periodo-ordinario-de-la-lxii-legislatura-2021\/","title":{"rendered":"SEGUNDO PER\u00cdODO ORDINARIO DE LA LXII LEGISLATURA 2021"},"content":{"rendered":"<p><strong><span style=\"color: #000000;\">LISTA DE ASISTENCIA<\/span>\u00a0<\/strong><br \/>\n<a href=\"https:\/\/congresocoahuila.gob.mx\/transparencia\/ART\/26\/05\/2DO_PERIODO_ORDINARIO_LXII_2021\/SPO_S01_20210901.pdf\">Primera Sesi\u00f3n, 01 de septiembre de 2021<\/a><br \/>\n<a href=\"https:\/\/congresocoahuila.gob.mx\/transparencia\/ART\/26\/05\/2DO_PERIODO_ORDINARIO_LXII_2021\/SPO_S02_20210907.pdf\">Segunda Sesi\u00f3n, 07 de septiembre de 2021<\/a><br \/>\n<a href=\"https:\/\/congresocoahuila.gob.mx\/transparencia\/ART\/26\/05\/2DO_PERIODO_ORDINARIO_LXII_2021\/SPO_S03_20210914.pdf\">Tercera Sesi\u00f3n, 14 de septiembre de 2021<\/a><br \/>\n<a href=\"https:\/\/congresocoahuila.gob.mx\/transparencia\/ART\/26\/05\/2DO_PERIODO_ORDINARIO_LXII_2021\/SPO_S04_20210921.pdf\">Cuarta Sesi\u00f3n, 21 de septiembre de 2021<\/a><br \/>\n<a href=\"https:\/\/congresocoahuila.gob.mx\/transparencia\/ART\/26\/05\/2DO_PERIODO_ORDINARIO_LXII_2021\/SPO_S05_20210928.pdf\">Quinta Sesi\u00f3n, 28 de septiembre de 2021<\/a><br \/>\n<a href=\"https:\/\/congresocoahuila.gob.mx\/transparencia\/ART\/26\/05\/2DO_PERIODO_ORDINARIO_LXII_2021\/SPO_S06_20211005.pdf\">Sexta Sesi\u00f3n, 05 de octubre de 2021<\/a><br \/>\n<a href=\"https:\/\/congresocoahuila.gob.mx\/transparencia\/ART\/26\/05\/2DO_PERIODO_ORDINARIO_LXII_2021\/SPO_S07_20211012.pdf\">S\u00e9ptima Sesi\u00f3n, 12 de octubre de 2021<\/a><br \/>\n<a href=\"https:\/\/congresocoahuila.gob.mx\/transparencia\/ART\/26\/05\/2DO_PERIODO_ORDINARIO_LXII_2021\/SPO_S08_20211019.pdf\">Octava Sesi\u00f3n, 19 de octubre de 2021<\/a><br \/>\n<a href=\"https:\/\/congresocoahuila.gob.mx\/transparencia\/ART\/26\/05\/2DO_PERIODO_ORDINARIO_LXII_2021\/SPO_S09_20211026.pdf\">Novena Sesi\u00f3n, 26 de octubre de 2021<\/a><br \/>\n<a href=\"https:\/\/congresocoahuila.gob.mx\/transparencia\/ART\/26\/05\/2DO_PERIODO_ORDINARIO_LXII_2021\/SPO_S10_20211103.pdf\">D\u00e9cima Sesi\u00f3n, 03 de noviembre de 2021<\/a><br \/>\n<a href=\"https:\/\/congresocoahuila.gob.mx\/transparencia\/ART\/26\/05\/2DO_PERIODO_ORDINARIO_LXII_2021\/SPO_S11_20211109.pdf\">D\u00e9cima Primera Sesi\u00f3n, 09 de noviembre de 2021<\/a><br \/>\n<a href=\"https:\/\/congresocoahuila.gob.mx\/transparencia\/ART\/26\/05\/2DO_PERIODO_ORDINARIO_LXII_2021\/SPO_S12_20211117.pdf\">D\u00e9cima Segunda Sesi\u00f3n, 17 de noviembre de 2021<\/a><br \/>\n<a href=\"https:\/\/congresocoahuila.gob.mx\/transparencia\/ART\/26\/05\/2DO_PERIODO_ORDINARIO_LXII_2021\/SPO_S13_20211123.pdf\">D\u00e9cima Tercera Sesi\u00f3n, 23 de noviembre de 2021<\/a><br \/>\n<a href=\"https:\/\/congresocoahuila.gob.mx\/transparencia\/ART\/26\/05\/2DO_PERIODO_ORDINARIO_LXII_2021\/SPO_S14_20211130.pdf\">Sesi\u00f3n Solemne, 30 de noviembre de 2021 \u2013 Cuarto Informe de Gobierno, Ing. Miguel \u00c1ngel Riquelme Sol\u00eds, Gobernador del Estado de Coahuila de Zaragoza<\/a><br \/>\n<a href=\"https:\/\/congresocoahuila.gob.mx\/transparencia\/ART\/26\/05\/2DO_PERIODO_ORDINARIO_LXII_2021\/SPO_S15_20211130.pdf\">D\u00e9cima Quinta Sesi\u00f3n, 30 de noviembre de 2021<\/a><br \/>\n<a href=\"https:\/\/congresocoahuila.gob.mx\/transparencia\/ART\/26\/05\/2DO_PERIODO_ORDINARIO_LXII_2021\/SPO_S16_20211207.pdf\">D\u00e9cima Sexta Sesi\u00f3n, 07 de diciembre de 2021<\/a><br \/>\n<a href=\"https:\/\/congresocoahuila.gob.mx\/transparencia\/ART\/26\/05\/2DO_PERIODO_ORDINARIO_LXII_2021\/SPO_S17_20211214.pdf\">D\u00e9cima S\u00e9ptima Sesi\u00f3n, 14 de diciembre de 2021<\/a><br \/>\n<a href=\"https:\/\/congresocoahuila.gob.mx\/transparencia\/ART\/26\/05\/2DO_PERIODO_ORDINARIO_LXII_2021\/SPO_S18_20211217.pdf\">D\u00e9cima Octava Sesi\u00f3n, 17 de diciembre de 2021<\/a><br \/>\n<a href=\"https:\/\/congresocoahuila.gob.mx\/transparencia\/ART\/26\/05\/2DO_PERIODO_ORDINARIO_LXII_2021\/SPO_S19_20211221.pdf\">D\u00e9cima Novena Sesi\u00f3n, 21 de diciembre de 2021<\/a><\/p>\n","protected":false},"excerpt":{"rendered":"<p>LISTA DE ASISTENCIA\u00a0 Primera Sesi\u00f3n, 01 de septiembre de 2021 Segunda Sesi\u00f3n, 07 de septiembre de 2021 Tercera Sesi\u00f3n, 14 de septiembre de 2021 Cuarta Sesi\u00f3n, 21 de septiembre de 2021 Quinta Sesi\u00f3n, 28 de septiembre de 2021 Sexta Sesi\u00f3n, 05 de octubre de 2021 S\u00e9ptima Sesi\u00f3n, 12 de octubre de 2021 Octava Sesi\u00f3n, 19 [&hellip;]<\/p>\n","protected":false},"author":2,"featured_media":0,"parent":0,"menu_order":0,"comment_status":"closed","ping_status":"closed","template":"","meta":{"footnotes":""},"categories":[],"tags":[],"class_list":["post-42171","page","type-page","status-publish","hentry"],"_links":{"self":[{"href":"https:\/\/www.congresocoahuila.gob.mx\/portal\/wp-json\/wp\/v2\/pages\/42171","targetHints":{"allow":["GET"]}}],"collection":[{"href":"https:\/\/www.congresocoahuila.gob.mx\/portal\/wp-json\/wp\/v2\/pages"}],"about":[{"href":"https:\/\/www.congresocoahuila.gob.mx\/portal\/wp-json\/wp\/v2\/types\/page"}],"author":[{"embeddable":true,"href":"https:\/\/www.congresocoahuila.gob.mx\/portal\/wp-json\/wp\/v2\/users\/2"}],"replies":[{"embeddable":true,"href":"https:\/\/www.congresocoahuila.gob.mx\/portal\/wp-json\/wp\/v2\/comments?post=42171"}],"version-history":[{"count":17,"href":"https:\/\/www.congresocoahuila.gob.mx\/portal\/wp-json\/wp\/v2\/pages\/42171\/revisions"}],"predecessor-version":[{"id":42814,"href":"https:\/\/www.congresocoahuila.gob.mx\/portal\/wp-json\/wp\/v2\/pages\/42171\/revisions\/42814"}],"wp:attachment":[{"href":"https:\/\/www.congresocoahuila.gob.mx\/portal\/wp-json\/wp\/v2\/media?parent=42171"}],"wp:term":[{"taxonomy":"category","embeddable":true,"href":"https:\/\/www.congresocoahuila.gob.mx\/portal\/wp-json\/wp\/v2\/categories?post=42171"},{"taxonomy":"post_tag","embeddable":true,"href":"https:\/\/www.congresocoahuila.gob.mx\/portal\/wp-json\/wp\/v2\/tags?post=42171"}],"curies":[{"name":"wp","href":"https:\/\/api.w.org\/{rel}","templated":true}]}}