{"id":43004,"date":"2022-01-13T13:17:10","date_gmt":"2022-01-13T19:17:10","guid":{"rendered":"https:\/\/congresocoahuila.gob.mx\/portal\/?page_id=43004"},"modified":"2022-03-04T09:53:48","modified_gmt":"2022-03-04T15:53:48","slug":"primer-periodo-de-la-diputacion-permanente-2022","status":"publish","type":"page","link":"https:\/\/www.congresocoahuila.gob.mx\/portal\/primer-periodo-de-la-diputacion-permanente-2022\/","title":{"rendered":"PRIMER PER\u00cdODO DE LA DIPUTACI\u00d3N PERMANENTE 2022"},"content":{"rendered":"<p><strong>SEGUNDO A\u00d1O DE EJERCICIO CONSTITUCIONAL 2022<br \/>\nPRIMER PER\u00cdODO DE LA DIPUTACI\u00d3N PERMANENTE<\/strong><\/p>\n<p style=\"text-align: justify;\">Fecha de actualizaci\u00f3n de Diario de los Debates: La presente fracci\u00f3n se actualiza, atento a lo que disponen los Art\u00edculos 247 al 252\u00a0de la Ley Org\u00e1nica del Congreso, que disponen la publicaci\u00f3n del Diario de los Debates al termino de cada sesi\u00f3n, por lo que la presente p\u00e1gina se actualiza una vez que las \u00e1reas t\u00e9cnico administrativas concluyen la labor de transcripci\u00f3n de la sesi\u00f3n correspondiente, para su publicaci\u00f3n en Internet.<\/p>\n<p><a href=\"https:\/\/congresocoahuila.gob.mx\/transparencia\/03\/Debates-2021-2023\/20220107_PPR_S01.docx\">Primera Sesi\u00f3n del d\u00eda 07 de enero de 2022<\/a><\/p>\n<p><a href=\"https:\/\/congresocoahuila.gob.mx\/transparencia\/03\/Debates-2021-2023\/20220111_PPR_S02.docx\">Segunda Sesi\u00f3n del d\u00eda 11 de enero de 2022<\/a><\/p>\n<p><a href=\"https:\/\/congresocoahuila.gob.mx\/transparencia\/03\/Debates-2021-2023\/20220118_PPR_S03.docx\">Tercera Sesi\u00f3n del d\u00eda 18 de enero de 2022<\/a><\/p>\n<p><a href=\"https:\/\/congresocoahuila.gob.mx\/transparencia\/03\/Debates-2021-2023\/20220125_PPR_S04.docx\">Cuarta Sesi\u00f3n del d\u00eda 25 de enero de 2022<\/a><\/p>\n<p><a href=\"https:\/\/congresocoahuila.gob.mx\/transparencia\/03\/Debates-2021-2023\/20220201_PPR_S05.docx\">Quinta Sesi\u00f3n del d\u00eda 01 de febrero de 2022<\/a><\/p>\n<p><a href=\"https:\/\/congresocoahuila.gob.mx\/transparencia\/03\/Debates-2021-2023\/20220209_PPR_S06.docx\">Sexta Sesi\u00f3n del d\u00eda 09 de febrero de 2022<\/a><\/p>\n<p><a href=\"https:\/\/congresocoahuila.gob.mx\/transparencia\/03\/Debates-2021-2023\/20220222_PPR_S07.docx\">S\u00e9ptima Sesi\u00f3n del d\u00eda 22 de febrero de 2022<\/a><\/p>\n<p><a href=\"https:\/\/congresocoahuila.gob.mx\/transparencia\/03\/Debates-2021-2023\/20220228_PPR_S08.docx\">Sesi\u00f3n Solemne, 100 a\u00f1os de \u00abEl Siglo de Torre\u00f3n\u00bb 28 de febrero de 2022.<\/a><\/p>\n","protected":false},"excerpt":{"rendered":"<p>SEGUNDO A\u00d1O DE EJERCICIO CONSTITUCIONAL 2022 PRIMER PER\u00cdODO DE LA DIPUTACI\u00d3N PERMANENTE Fecha de actualizaci\u00f3n de Diario de los Debates: La presente fracci\u00f3n se actualiza, atento a lo que disponen los Art\u00edculos 247 al 252\u00a0de la Ley Org\u00e1nica del Congreso, que disponen la publicaci\u00f3n del Diario de los Debates al termino de cada sesi\u00f3n, por [&hellip;]<\/p>\n","protected":false},"author":2,"featured_media":0,"parent":0,"menu_order":0,"comment_status":"closed","ping_status":"closed","template":"","meta":{"footnotes":""},"categories":[],"tags":[],"class_list":["post-43004","page","type-page","status-publish","hentry"],"_links":{"self":[{"href":"https:\/\/www.congresocoahuila.gob.mx\/portal\/wp-json\/wp\/v2\/pages\/43004","targetHints":{"allow":["GET"]}}],"collection":[{"href":"https:\/\/www.congresocoahuila.gob.mx\/portal\/wp-json\/wp\/v2\/pages"}],"about":[{"href":"https:\/\/www.congresocoahuila.gob.mx\/portal\/wp-json\/wp\/v2\/types\/page"}],"author":[{"embeddable":true,"href":"https:\/\/www.congresocoahuila.gob.mx\/portal\/wp-json\/wp\/v2\/users\/2"}],"replies":[{"embeddable":true,"href":"https:\/\/www.congresocoahuila.gob.mx\/portal\/wp-json\/wp\/v2\/comments?post=43004"}],"version-history":[{"count":8,"href":"https:\/\/www.congresocoahuila.gob.mx\/portal\/wp-json\/wp\/v2\/pages\/43004\/revisions"}],"predecessor-version":[{"id":43167,"href":"https:\/\/www.congresocoahuila.gob.mx\/portal\/wp-json\/wp\/v2\/pages\/43004\/revisions\/43167"}],"wp:attachment":[{"href":"https:\/\/www.congresocoahuila.gob.mx\/portal\/wp-json\/wp\/v2\/media?parent=43004"}],"wp:term":[{"taxonomy":"category","embeddable":true,"href":"https:\/\/www.congresocoahuila.gob.mx\/portal\/wp-json\/wp\/v2\/categories?post=43004"},{"taxonomy":"post_tag","embeddable":true,"href":"https:\/\/www.congresocoahuila.gob.mx\/portal\/wp-json\/wp\/v2\/tags?post=43004"}],"curies":[{"name":"wp","href":"https:\/\/api.w.org\/{rel}","templated":true}]}}