{"id":43013,"date":"2022-01-14T13:46:32","date_gmt":"2022-01-14T19:46:32","guid":{"rendered":"https:\/\/congresocoahuila.gob.mx\/portal\/?page_id=43013"},"modified":"2022-03-10T12:18:44","modified_gmt":"2022-03-10T18:18:44","slug":"primer-periodo-de-la-diputacion-permanente-de-la-lxii-legislatura-2022","status":"publish","type":"page","link":"https:\/\/www.congresocoahuila.gob.mx\/portal\/primer-periodo-de-la-diputacion-permanente-de-la-lxii-legislatura-2022\/","title":{"rendered":"PRIMER PER\u00cdODO DE LA DIPUTACI\u00d3N PERMANENTE DE LA LXII LEGISLATURA 2022"},"content":{"rendered":"<p><strong>LISTA DE ASISTENCIA<\/strong><\/p>\n<p><a href=\"https:\/\/congresocoahuila.gob.mx\/transparencia\/ART\/26\/05\/1ER_PERIODO_DIPUTACION_PERMANENTE_LXII_2022\/PPR_S01_20220107.pdf\" target=\"_blank\" rel=\"noreferrer noopener\" aria-label=\" (abre en una nueva pesta\u00f1a)\">Primera Sesi\u00f3n del d\u00eda 07 de enero de 2022<\/a><br \/>\n<a href=\"https:\/\/congresocoahuila.gob.mx\/transparencia\/ART\/26\/05\/1ER_PERIODO_DIPUTACION_PERMANENTE_LXII_2022\/PPR_S02_20220111.pdf\" target=\"_blank\" rel=\"noreferrer noopener\" aria-label=\" (abre en una nueva pesta\u00f1a)\">Segunda Sesi\u00f3n del d\u00eda 11 de enero de 2022<\/a><br \/>\n<a href=\"https:\/\/congresocoahuila.gob.mx\/transparencia\/ART\/26\/05\/1ER_PERIODO_DIPUTACION_PERMANENTE_LXII_2022\/PPR_S03_20220118.pdf\" target=\"_blank\" rel=\"noreferrer noopener\" aria-label=\" (abre en una nueva pesta\u00f1a)\">Tercera Sesi\u00f3n del d\u00eda 18 de enero de 2022<\/a><br \/>\n<a href=\"https:\/\/congresocoahuila.gob.mx\/transparencia\/ART\/26\/05\/1ER_PERIODO_DIPUTACION_PERMANENTE_LXII_2022\/PPR_S04_20220125.pdf\" target=\"_blank\" rel=\"noreferrer noopener\" aria-label=\" (abre en una nueva pesta\u00f1a)\">Cuarta Sesi\u00f3n del d\u00eda 25 de enero de 2022<\/a><br \/>\n<a href=\"https:\/\/congresocoahuila.gob.mx\/transparencia\/ART\/26\/05\/1ER_PERIODO_DIPUTACION_PERMANENTE_LXII_2022\/PPR_S05_20220201.pdf\" target=\"_blank\" rel=\"noreferrer noopener\" aria-label=\" (abre en una nueva pesta\u00f1a)\">Quinta Sesi\u00f3n del d\u00eda 01 de febrero de 2022<\/a><br \/>\n<a href=\"https:\/\/congresocoahuila.gob.mx\/transparencia\/ART\/26\/05\/1ER_PERIODO_DIPUTACION_PERMANENTE_LXII_2022\/PPR_S06_20220209.pdf\" target=\"_blank\" rel=\"noreferrer noopener\" aria-label=\" (abre en una nueva pesta\u00f1a)\">Sexta Sesi\u00f3n del d\u00eda 09 de febrero de 2022<\/a><br \/>\n<a href=\"https:\/\/congresocoahuila.gob.mx\/transparencia\/ART\/26\/05\/1ER_PERIODO_DIPUTACION_PERMANENTE_LXII_2022\/PPR_S07_20220222.pdf\" target=\"_blank\" rel=\"noreferrer noopener\" aria-label=\" (abre en una nueva pesta\u00f1a)\">S\u00e9ptima Sesi\u00f3n del d\u00eda 22 de febrero de 2022<\/a><br \/>\n<a href=\"https:\/\/congresocoahuila.gob.mx\/transparencia\/ART\/26\/05\/1ER_PERIODO_DIPUTACION_PERMANENTE_LXII_2022\/PPR_S08_20220228.pdf\" target=\"_blank\" rel=\"noreferrer noopener\" aria-label=\" (abre en una nueva pesta\u00f1a)\">Sesi\u00f3n Solemne &#8211; 28 de febrero de 2022 &#8211; 100 a\u00f1os de \u00abEl Siglo de Torre\u00f3n\u00bb<\/a><\/p>\n","protected":false},"excerpt":{"rendered":"<p>LISTA DE ASISTENCIA Primera Sesi\u00f3n del d\u00eda 07 de enero de 2022 Segunda Sesi\u00f3n del d\u00eda 11 de enero de 2022 Tercera Sesi\u00f3n del d\u00eda 18 de enero de 2022 Cuarta Sesi\u00f3n del d\u00eda 25 de enero de 2022 Quinta Sesi\u00f3n del d\u00eda 01 de febrero de 2022 Sexta Sesi\u00f3n del d\u00eda 09 de febrero [&hellip;]<\/p>\n","protected":false},"author":2,"featured_media":0,"parent":0,"menu_order":0,"comment_status":"closed","ping_status":"closed","template":"","meta":{"footnotes":""},"categories":[],"tags":[],"class_list":["post-43013","page","type-page","status-publish","hentry"],"_links":{"self":[{"href":"https:\/\/www.congresocoahuila.gob.mx\/portal\/wp-json\/wp\/v2\/pages\/43013","targetHints":{"allow":["GET"]}}],"collection":[{"href":"https:\/\/www.congresocoahuila.gob.mx\/portal\/wp-json\/wp\/v2\/pages"}],"about":[{"href":"https:\/\/www.congresocoahuila.gob.mx\/portal\/wp-json\/wp\/v2\/types\/page"}],"author":[{"embeddable":true,"href":"https:\/\/www.congresocoahuila.gob.mx\/portal\/wp-json\/wp\/v2\/users\/2"}],"replies":[{"embeddable":true,"href":"https:\/\/www.congresocoahuila.gob.mx\/portal\/wp-json\/wp\/v2\/comments?post=43013"}],"version-history":[{"count":9,"href":"https:\/\/www.congresocoahuila.gob.mx\/portal\/wp-json\/wp\/v2\/pages\/43013\/revisions"}],"predecessor-version":[{"id":43197,"href":"https:\/\/www.congresocoahuila.gob.mx\/portal\/wp-json\/wp\/v2\/pages\/43013\/revisions\/43197"}],"wp:attachment":[{"href":"https:\/\/www.congresocoahuila.gob.mx\/portal\/wp-json\/wp\/v2\/media?parent=43013"}],"wp:term":[{"taxonomy":"category","embeddable":true,"href":"https:\/\/www.congresocoahuila.gob.mx\/portal\/wp-json\/wp\/v2\/categories?post=43013"},{"taxonomy":"post_tag","embeddable":true,"href":"https:\/\/www.congresocoahuila.gob.mx\/portal\/wp-json\/wp\/v2\/tags?post=43013"}],"curies":[{"name":"wp","href":"https:\/\/api.w.org\/{rel}","templated":true}]}}