{"id":43017,"date":"2022-01-18T12:30:53","date_gmt":"2022-01-18T18:30:53","guid":{"rendered":"https:\/\/congresocoahuila.gob.mx\/portal\/?page_id=43017"},"modified":"2022-01-18T12:30:53","modified_gmt":"2022-01-18T18:30:53","slug":"segundo-ano-de-ejercicio-constitucional-de-la-lxii-legislatura-2022","status":"publish","type":"page","link":"https:\/\/www.congresocoahuila.gob.mx\/portal\/segundo-ano-de-ejercicio-constitucional-de-la-lxii-legislatura-2022\/","title":{"rendered":"SEGUNDO A\u00d1O DE EJERCICIO CONSTITUCIONAL DE LA LXII LEGISLATURA 2022"},"content":{"rendered":"<p><strong>Presidente:<\/strong> Dip. Francisco Javier Cortez G\u00f3mez.<\/p>\n<p><strong>Vicepresidente:<\/strong> Dip. \u00c1lvaro Moreira Vald\u00e9s.<\/p>\n<p><strong>Vicepresidente:<\/strong> Dip. Rodolfo Gerardo Walss Aurioles.<\/p>\n<p><strong>Secretaria:<\/strong> Dip. Olivia Mart\u00ednez Leyva.<\/p>\n<p><strong>Secretaria:<\/strong> Dip. Mar\u00eda Eugenia Guadalupe Calder\u00f3n Amezcua.<\/p>\n<p><strong>Secretaria:<\/strong> Dip. Mar\u00eda B\u00e1rbara Cepeda Boehringer.<\/p>\n<p><strong>Secretaria<\/strong>: Dip. Laura Francisca Aguilar Tabares.<\/p>\n","protected":false},"excerpt":{"rendered":"<p>Presidente: Dip. Francisco Javier Cortez G\u00f3mez. Vicepresidente: Dip. \u00c1lvaro Moreira Vald\u00e9s. Vicepresidente: Dip. Rodolfo Gerardo Walss Aurioles. Secretaria: Dip. Olivia Mart\u00ednez Leyva. Secretaria: Dip. Mar\u00eda Eugenia Guadalupe Calder\u00f3n Amezcua. Secretaria: Dip. Mar\u00eda B\u00e1rbara Cepeda Boehringer. Secretaria: Dip. Laura Francisca Aguilar Tabares.<\/p>\n","protected":false},"author":2,"featured_media":0,"parent":0,"menu_order":0,"comment_status":"closed","ping_status":"closed","template":"","meta":{"footnotes":""},"categories":[],"tags":[],"class_list":["post-43017","page","type-page","status-publish","hentry"],"_links":{"self":[{"href":"https:\/\/www.congresocoahuila.gob.mx\/portal\/wp-json\/wp\/v2\/pages\/43017","targetHints":{"allow":["GET"]}}],"collection":[{"href":"https:\/\/www.congresocoahuila.gob.mx\/portal\/wp-json\/wp\/v2\/pages"}],"about":[{"href":"https:\/\/www.congresocoahuila.gob.mx\/portal\/wp-json\/wp\/v2\/types\/page"}],"author":[{"embeddable":true,"href":"https:\/\/www.congresocoahuila.gob.mx\/portal\/wp-json\/wp\/v2\/users\/2"}],"replies":[{"embeddable":true,"href":"https:\/\/www.congresocoahuila.gob.mx\/portal\/wp-json\/wp\/v2\/comments?post=43017"}],"version-history":[{"count":1,"href":"https:\/\/www.congresocoahuila.gob.mx\/portal\/wp-json\/wp\/v2\/pages\/43017\/revisions"}],"predecessor-version":[{"id":43018,"href":"https:\/\/www.congresocoahuila.gob.mx\/portal\/wp-json\/wp\/v2\/pages\/43017\/revisions\/43018"}],"wp:attachment":[{"href":"https:\/\/www.congresocoahuila.gob.mx\/portal\/wp-json\/wp\/v2\/media?parent=43017"}],"wp:term":[{"taxonomy":"category","embeddable":true,"href":"https:\/\/www.congresocoahuila.gob.mx\/portal\/wp-json\/wp\/v2\/categories?post=43017"},{"taxonomy":"post_tag","embeddable":true,"href":"https:\/\/www.congresocoahuila.gob.mx\/portal\/wp-json\/wp\/v2\/tags?post=43017"}],"curies":[{"name":"wp","href":"https:\/\/api.w.org\/{rel}","templated":true}]}}