{"id":43112,"date":"2022-02-09T12:47:55","date_gmt":"2022-02-09T18:47:55","guid":{"rendered":"https:\/\/congresocoahuila.gob.mx\/portal\/?page_id=43112"},"modified":"2022-03-01T13:54:35","modified_gmt":"2022-03-01T19:54:35","slug":"primer-periodo-extraordinario-2022","status":"publish","type":"page","link":"https:\/\/www.congresocoahuila.gob.mx\/portal\/primer-periodo-extraordinario-2022\/","title":{"rendered":"PRIMER PER\u00cdODO EXTRAORDINARIO 2022"},"content":{"rendered":"<p><strong>Fecha de actualizaci\u00f3n:<\/strong> 09 de febrero de 2022.<br \/>\n<strong>Responsable de la Informaci\u00f3n:<\/strong> Lic. Gerardo Blanco Guerra<br \/>\nOficial Mayor del H. Congreso del Estado de Coahuila.<\/p>\n<p><strong>SEGUNDO A\u00d1O DE EJERCICIO CONSTITUCIONAL 2022<\/strong><br \/>\n<strong>PRIMER PER\u00cdODO EXTRAORDINARIO<\/strong><\/p>\n<p style=\"text-align: justify;\">Fecha de actualizaci\u00f3n de Diario de los Debates: La presente fracci\u00f3n se actualiza, atento a lo que disponen los Art\u00edculos 247 al 252\u00a0de la Ley Org\u00e1nica del Congreso, que disponen la publicaci\u00f3n del Diario de los Debates al termino de cada sesi\u00f3n, por lo que la presente p\u00e1gina se actualiza una vez que las \u00e1reas t\u00e9cnico administrativas concluyen la labor de transcripci\u00f3n de la sesi\u00f3n correspondiente, para su publicaci\u00f3n en Internet.<\/p>\n<p><a href=\"https:\/\/congresocoahuila.gob.mx\/transparencia\/03\/Debates-2021-2023\/20220209_PPE_S01.docx\">Sesi\u00f3n del d\u00eda 09 de febrero de 2022<\/a><\/p>\n","protected":false},"excerpt":{"rendered":"<p>Fecha de actualizaci\u00f3n: 09 de febrero de 2022. Responsable de la Informaci\u00f3n: Lic. Gerardo Blanco Guerra Oficial Mayor del H. Congreso del Estado de Coahuila. SEGUNDO A\u00d1O DE EJERCICIO CONSTITUCIONAL 2022 PRIMER PER\u00cdODO EXTRAORDINARIO Fecha de actualizaci\u00f3n de Diario de los Debates: La presente fracci\u00f3n se actualiza, atento a lo que disponen los Art\u00edculos 247 [&hellip;]<\/p>\n","protected":false},"author":2,"featured_media":0,"parent":0,"menu_order":0,"comment_status":"closed","ping_status":"closed","template":"","meta":{"footnotes":""},"categories":[],"tags":[],"class_list":["post-43112","page","type-page","status-publish","hentry"],"_links":{"self":[{"href":"https:\/\/www.congresocoahuila.gob.mx\/portal\/wp-json\/wp\/v2\/pages\/43112","targetHints":{"allow":["GET"]}}],"collection":[{"href":"https:\/\/www.congresocoahuila.gob.mx\/portal\/wp-json\/wp\/v2\/pages"}],"about":[{"href":"https:\/\/www.congresocoahuila.gob.mx\/portal\/wp-json\/wp\/v2\/types\/page"}],"author":[{"embeddable":true,"href":"https:\/\/www.congresocoahuila.gob.mx\/portal\/wp-json\/wp\/v2\/users\/2"}],"replies":[{"embeddable":true,"href":"https:\/\/www.congresocoahuila.gob.mx\/portal\/wp-json\/wp\/v2\/comments?post=43112"}],"version-history":[{"count":2,"href":"https:\/\/www.congresocoahuila.gob.mx\/portal\/wp-json\/wp\/v2\/pages\/43112\/revisions"}],"predecessor-version":[{"id":43155,"href":"https:\/\/www.congresocoahuila.gob.mx\/portal\/wp-json\/wp\/v2\/pages\/43112\/revisions\/43155"}],"wp:attachment":[{"href":"https:\/\/www.congresocoahuila.gob.mx\/portal\/wp-json\/wp\/v2\/media?parent=43112"}],"wp:term":[{"taxonomy":"category","embeddable":true,"href":"https:\/\/www.congresocoahuila.gob.mx\/portal\/wp-json\/wp\/v2\/categories?post=43112"},{"taxonomy":"post_tag","embeddable":true,"href":"https:\/\/www.congresocoahuila.gob.mx\/portal\/wp-json\/wp\/v2\/tags?post=43112"}],"curies":[{"name":"wp","href":"https:\/\/api.w.org\/{rel}","templated":true}]}}