{"id":43352,"date":"2022-04-01T10:59:37","date_gmt":"2022-04-01T16:59:37","guid":{"rendered":"https:\/\/congresocoahuila.gob.mx\/portal\/?page_id=43352"},"modified":"2022-05-13T11:22:34","modified_gmt":"2022-05-13T16:22:34","slug":"articulo-21-3-2022","status":"publish","type":"page","link":"https:\/\/www.congresocoahuila.gob.mx\/portal\/articulo-21-3-2022\/","title":{"rendered":"ART\u00cdCULO 21.3 2022"},"content":{"rendered":"<table style=\"border-collapse: collapse; width: 100%;\" border=\"1\">\n<tbody>\n<tr style=\"height: 41px;\">\n<td style=\"width: 18.9697%; text-align: left; height: 41px;\">ENERO<\/td>\n<td style=\"width: 81.0303%; height: 41px;\">\n<div style=\"text-align: left;\">POR LO QUE HACE A ESTE MES DE ENERO NO SE REALIZARON EVENTOS<\/div>\n<\/td>\n<\/tr>\n<tr style=\"height: 56px;\">\n<td style=\"width: 18.9697%; text-align: left; height: 56px;\">FEBRERO<\/td>\n<td style=\"width: 81.0303%; height: 56px;\">\n<div>\n<p style=\"text-align: left;\"><a href=\"https:\/\/www.congresocoahuila.gob.mx\/transparencia\/03\/GACETA-PARLAMENTARIA\/20220228_PPRS08.docx\">SESI\u00d3N SOLEMNE, 100 A\u00d1OS DE \u00abEL SIGLO DE TORRE\u00d3N\u00bb. 28 DE FEBRERO DE 2022<\/a><\/p>\n<\/div>\n<\/td>\n<\/tr>\n<tr style=\"height: 45px;\">\n<td style=\"width: 18.9697%; text-align: left; height: 45px;\">MARZO<\/td>\n<td style=\"width: 81.0303%; height: 45px;\">\n<div style=\"text-align: left;\"><a href=\"https:\/\/www.congresocoahuila.gob.mx\/transparencia\/00\/EVENTOS\/CONVENIO_DERECHOS_HUMANOS_MUJERES.jpeg\" target=\"_blank\" rel=\"noopener\">FIRMA DE CONVENIO DE COLABORACI\u00d3N EVOLUCI\u00d3N LEGISLATIVA DE LOS DERECHOS HUMANOS DE LAS MUJERES<\/a><\/div>\n<div style=\"text-align: left;\"><\/div>\n<\/td>\n<\/tr>\n<tr>\n<td style=\"width: 18.9697%; text-align: left;\">ABRIL<\/td>\n<td style=\"width: 81.0303%;\">\n<div style=\"text-align: left;\"><\/div>\n<\/td>\n<\/tr>\n<tr>\n<td style=\"width: 18.9697%; text-align: left;\">MAYO<\/td>\n<td style=\"width: 81.0303%;\">\n<div style=\"text-align: left;\"><a href=\"https:\/\/www.congresocoahuila.gob.mx\/transparencia\/00\/EVENTOS\/FAMILIAS_ENREDADAS.pdf\">PRESENTACI\u00d3N LIBRO \u00abFAMILIAS ENREDADAS\u00bb.<\/a><\/div>\n<div style=\"text-align: left;\">AUTORA LAURA CORONADO<\/div>\n<\/td>\n<\/tr>\n<\/tbody>\n<\/table>\n<p>&nbsp;<\/p>\n","protected":false},"excerpt":{"rendered":"<p>ENERO POR LO QUE HACE A ESTE MES DE ENERO NO SE REALIZARON EVENTOS FEBRERO SESI\u00d3N SOLEMNE, 100 A\u00d1OS DE \u00abEL SIGLO DE TORRE\u00d3N\u00bb. 28 DE FEBRERO DE 2022 MARZO FIRMA DE CONVENIO DE COLABORACI\u00d3N EVOLUCI\u00d3N LEGISLATIVA DE LOS DERECHOS HUMANOS DE LAS MUJERES ABRIL MAYO PRESENTACI\u00d3N LIBRO \u00abFAMILIAS ENREDADAS\u00bb. AUTORA LAURA CORONADO &nbsp;<\/p>\n","protected":false},"author":2,"featured_media":0,"parent":0,"menu_order":0,"comment_status":"closed","ping_status":"closed","template":"","meta":{"footnotes":""},"categories":[],"tags":[],"class_list":["post-43352","page","type-page","status-publish","hentry"],"_links":{"self":[{"href":"https:\/\/www.congresocoahuila.gob.mx\/portal\/wp-json\/wp\/v2\/pages\/43352","targetHints":{"allow":["GET"]}}],"collection":[{"href":"https:\/\/www.congresocoahuila.gob.mx\/portal\/wp-json\/wp\/v2\/pages"}],"about":[{"href":"https:\/\/www.congresocoahuila.gob.mx\/portal\/wp-json\/wp\/v2\/types\/page"}],"author":[{"embeddable":true,"href":"https:\/\/www.congresocoahuila.gob.mx\/portal\/wp-json\/wp\/v2\/users\/2"}],"replies":[{"embeddable":true,"href":"https:\/\/www.congresocoahuila.gob.mx\/portal\/wp-json\/wp\/v2\/comments?post=43352"}],"version-history":[{"count":21,"href":"https:\/\/www.congresocoahuila.gob.mx\/portal\/wp-json\/wp\/v2\/pages\/43352\/revisions"}],"predecessor-version":[{"id":43667,"href":"https:\/\/www.congresocoahuila.gob.mx\/portal\/wp-json\/wp\/v2\/pages\/43352\/revisions\/43667"}],"wp:attachment":[{"href":"https:\/\/www.congresocoahuila.gob.mx\/portal\/wp-json\/wp\/v2\/media?parent=43352"}],"wp:term":[{"taxonomy":"category","embeddable":true,"href":"https:\/\/www.congresocoahuila.gob.mx\/portal\/wp-json\/wp\/v2\/categories?post=43352"},{"taxonomy":"post_tag","embeddable":true,"href":"https:\/\/www.congresocoahuila.gob.mx\/portal\/wp-json\/wp\/v2\/tags?post=43352"}],"curies":[{"name":"wp","href":"https:\/\/api.w.org\/{rel}","templated":true}]}}