{"id":43895,"date":"2022-07-12T14:38:57","date_gmt":"2022-07-12T19:38:57","guid":{"rendered":"https:\/\/www.congresocoahuila.gob.mx\/portal\/?page_id=43895"},"modified":"2022-07-12T14:44:34","modified_gmt":"2022-07-12T19:44:34","slug":"segundo-periodo-de-la-diputacion-permanente-de-la-lxii-legislatura-2022","status":"publish","type":"page","link":"https:\/\/www.congresocoahuila.gob.mx\/portal\/segundo-periodo-de-la-diputacion-permanente-de-la-lxii-legislatura-2022\/","title":{"rendered":"SEGUNDO PER\u00cdODO DE LA DIPUTACI\u00d3N PERMANENTE DE LA LXII LEGISLATURA 2022"},"content":{"rendered":"<p><strong>LISTA DE ASISTENCIA<\/strong><\/p>\n<p><a href=\"https:\/\/congresocoahuila.gob.mx\/transparencia\/ART\/26\/05\/2DO_PERIODO_DIPUTACION_PERMANENTE_LXII_2022\/SPR_S01_20220705.pdf\" target=\"_blank\" rel=\"noreferrer noopener\" aria-label=\" (abre en una nueva pesta\u00f1a)\">Primera Sesi\u00f3n del d\u00eda 05 de julio de 2022<\/a><br \/>\n<a href=\"https:\/\/congresocoahuila.gob.mx\/transparencia\/ART\/26\/05\/2DO_PERIODO_DIPUTACION_PERMANENTE_LXII_2022\/SPR_S02_20220712.pdf\" target=\"_blank\" rel=\"noreferrer noopener\" aria-label=\" (abre en una nueva pesta\u00f1a)\">Segunda Sesi\u00f3n del d\u00eda 12 de julio de 2022<\/a><\/p>\n","protected":false},"excerpt":{"rendered":"<p>LISTA DE ASISTENCIA Primera Sesi\u00f3n del d\u00eda 05 de julio de 2022 Segunda Sesi\u00f3n del d\u00eda 12 de julio de 2022<\/p>\n","protected":false},"author":2,"featured_media":0,"parent":0,"menu_order":0,"comment_status":"closed","ping_status":"closed","template":"","meta":{"footnotes":""},"categories":[],"tags":[],"class_list":["post-43895","page","type-page","status-publish","hentry"],"_links":{"self":[{"href":"https:\/\/www.congresocoahuila.gob.mx\/portal\/wp-json\/wp\/v2\/pages\/43895","targetHints":{"allow":["GET"]}}],"collection":[{"href":"https:\/\/www.congresocoahuila.gob.mx\/portal\/wp-json\/wp\/v2\/pages"}],"about":[{"href":"https:\/\/www.congresocoahuila.gob.mx\/portal\/wp-json\/wp\/v2\/types\/page"}],"author":[{"embeddable":true,"href":"https:\/\/www.congresocoahuila.gob.mx\/portal\/wp-json\/wp\/v2\/users\/2"}],"replies":[{"embeddable":true,"href":"https:\/\/www.congresocoahuila.gob.mx\/portal\/wp-json\/wp\/v2\/comments?post=43895"}],"version-history":[{"count":3,"href":"https:\/\/www.congresocoahuila.gob.mx\/portal\/wp-json\/wp\/v2\/pages\/43895\/revisions"}],"predecessor-version":[{"id":43900,"href":"https:\/\/www.congresocoahuila.gob.mx\/portal\/wp-json\/wp\/v2\/pages\/43895\/revisions\/43900"}],"wp:attachment":[{"href":"https:\/\/www.congresocoahuila.gob.mx\/portal\/wp-json\/wp\/v2\/media?parent=43895"}],"wp:term":[{"taxonomy":"category","embeddable":true,"href":"https:\/\/www.congresocoahuila.gob.mx\/portal\/wp-json\/wp\/v2\/categories?post=43895"},{"taxonomy":"post_tag","embeddable":true,"href":"https:\/\/www.congresocoahuila.gob.mx\/portal\/wp-json\/wp\/v2\/tags?post=43895"}],"curies":[{"name":"wp","href":"https:\/\/api.w.org\/{rel}","templated":true}]}}