{"id":43928,"date":"2022-08-16T09:48:01","date_gmt":"2022-08-16T14:48:01","guid":{"rendered":"https:\/\/www.congresocoahuila.gob.mx\/portal\/?page_id=43928"},"modified":"2022-08-16T09:48:10","modified_gmt":"2022-08-16T14:48:10","slug":"segundo-periodo-extraordinario-de-la-lxii-legislatura-2022","status":"publish","type":"page","link":"https:\/\/www.congresocoahuila.gob.mx\/portal\/segundo-periodo-extraordinario-de-la-lxii-legislatura-2022\/","title":{"rendered":"SEGUNDO PER\u00cdODO EXTRAORDINARIO DE LA LXII LEGISLATURA 2022"},"content":{"rendered":"<p><a href=\"https:\/\/congresocoahuila.gob.mx\/transparencia\/ART\/26\/05\/1ER_PERIODO_EXTRA_2022\/SPE_S01_20220816.pdf\">Sesi\u00f3n del Segundo Per\u00edodo Extraordinario del d\u00eda 16 de agosto de 2022<\/a><\/p>\n","protected":false},"excerpt":{"rendered":"<p>Sesi\u00f3n del Segundo Per\u00edodo Extraordinario del d\u00eda 16 de agosto de 2022<\/p>\n","protected":false},"author":2,"featured_media":0,"parent":0,"menu_order":0,"comment_status":"closed","ping_status":"closed","template":"","meta":{"footnotes":""},"categories":[],"tags":[],"class_list":["post-43928","page","type-page","status-publish","hentry"],"_links":{"self":[{"href":"https:\/\/www.congresocoahuila.gob.mx\/portal\/wp-json\/wp\/v2\/pages\/43928","targetHints":{"allow":["GET"]}}],"collection":[{"href":"https:\/\/www.congresocoahuila.gob.mx\/portal\/wp-json\/wp\/v2\/pages"}],"about":[{"href":"https:\/\/www.congresocoahuila.gob.mx\/portal\/wp-json\/wp\/v2\/types\/page"}],"author":[{"embeddable":true,"href":"https:\/\/www.congresocoahuila.gob.mx\/portal\/wp-json\/wp\/v2\/users\/2"}],"replies":[{"embeddable":true,"href":"https:\/\/www.congresocoahuila.gob.mx\/portal\/wp-json\/wp\/v2\/comments?post=43928"}],"version-history":[{"count":1,"href":"https:\/\/www.congresocoahuila.gob.mx\/portal\/wp-json\/wp\/v2\/pages\/43928\/revisions"}],"predecessor-version":[{"id":43929,"href":"https:\/\/www.congresocoahuila.gob.mx\/portal\/wp-json\/wp\/v2\/pages\/43928\/revisions\/43929"}],"wp:attachment":[{"href":"https:\/\/www.congresocoahuila.gob.mx\/portal\/wp-json\/wp\/v2\/media?parent=43928"}],"wp:term":[{"taxonomy":"category","embeddable":true,"href":"https:\/\/www.congresocoahuila.gob.mx\/portal\/wp-json\/wp\/v2\/categories?post=43928"},{"taxonomy":"post_tag","embeddable":true,"href":"https:\/\/www.congresocoahuila.gob.mx\/portal\/wp-json\/wp\/v2\/tags?post=43928"}],"curies":[{"name":"wp","href":"https:\/\/api.w.org\/{rel}","templated":true}]}}