{"id":5136,"date":"2014-11-26T15:39:43","date_gmt":"2014-11-26T21:39:43","guid":{"rendered":"http:\/\/www.congresocoahuila.gob.mx\/portal\/?page_id=5136"},"modified":"2015-01-28T16:10:25","modified_gmt":"2015-01-28T16:10:25","slug":"articulo-21-xxiii-2010-3","status":"publish","type":"page","link":"https:\/\/www.congresocoahuila.gob.mx\/portal\/articulo-21-xxiii-2010-3\/","title":{"rendered":"PRIMER PER\u00cdODO ORDINARIO-2010"},"content":{"rendered":"<p><strong>SEGUNDO A\u00d1O DE EJERCICIO CONSTITUCIONAL 2010<br \/>\nPRIMER PER\u00cdODO ORDINARIO<\/strong><\/p>\n<p><a href=\"http:\/\/congresocoahuila.gob.mx\/portal\/wp-content\/uploads\/2014\/11\/20101po2s1.pdf\">Sesi\u00f3n del D\u00eda 1 de Marzo del 2010<\/a><br \/>\n<a href=\"http:\/\/congresocoahuila.gob.mx\/portal\/wp-content\/uploads\/2014\/11\/20101po2s2.pdf\">Sesi\u00f3n del D\u00eda 10 de Marzo del 2010<\/a><br \/>\n<a href=\"http:\/\/congresocoahuila.gob.mx\/portal\/wp-content\/uploads\/2014\/11\/20101po2s3.pdf\">Sesi\u00f3n del D\u00eda 17 de Marzo del 2010<\/a><br \/>\n<a href=\"http:\/\/congresocoahuila.gob.mx\/portal\/wp-content\/uploads\/2014\/11\/20101po2s4.pdf\">Sesi\u00f3n del D\u00eda 23 de Marzo del 2010<\/a><br \/>\n<a href=\"http:\/\/congresocoahuila.gob.mx\/portal\/wp-content\/uploads\/2014\/11\/20101po2s5.pdf\">Sesi\u00f3n del D\u00eda 7 de Abril del 2010<\/a><br \/>\n<a href=\"http:\/\/congresocoahuila.gob.mx\/portal\/wp-content\/uploads\/2014\/11\/20101po2s6.pdf\">Sesi\u00f3n del D\u00eda 13 de Abril del 2010<\/a><br \/>\n<a href=\"http:\/\/congresocoahuila.gob.mx\/portal\/wp-content\/uploads\/2014\/11\/20101po2s7.pdf\">Sesi\u00f3n del D\u00eda 20 de Abril del 2010<\/a><br \/>\n<a href=\"http:\/\/congresocoahuila.gob.mx\/portal\/wp-content\/uploads\/2014\/11\/20101po2s8.pdf\">Sesi\u00f3n del D\u00eda 27 de Abril del 2010<\/a><br \/>\n<a href=\"http:\/\/congresocoahuila.gob.mx\/portal\/wp-content\/uploads\/2014\/11\/20101po2s9.pdf\">Sesi\u00f3n del D\u00eda 4 de Mayo del 2010<\/a><br \/>\n<a href=\"http:\/\/congresocoahuila.gob.mx\/portal\/wp-content\/uploads\/2014\/11\/20101po2s10.pdf\">Sesi\u00f3n del D\u00eda 11 de Mayo del 2010<\/a><\/p>\n<p><a href=\"http:\/\/congresocoahuila.gob.mx\/portal\/wp-content\/uploads\/2014\/11\/20101po2s11s.pdf\">Sesi\u00f3n Solemne Cuatro Ci\u00e9negas de Carranza, Bicentenario de la Independencia y Centenario de la Revoluci\u00f3n, 18 de Mayo del 2010<\/a><\/p>\n<p><a href=\"http:\/\/congresocoahuila.gob.mx\/portal\/wp-content\/uploads\/2014\/11\/20101po2s12.pdf\">Sesi\u00f3n del D\u00eda 18 de Mayo del 2010<\/a><\/p>\n<p><a href=\"http:\/\/congresocoahuila.gob.mx\/portal\/wp-content\/uploads\/2014\/11\/20101po2s13S.pdf\">Sesi\u00f3n Solemne Parras de la Fuente, Bicentenario de la Independencia y Centenario de la Revoluci\u00f3n, 25 de Mayo del 2010<\/a><\/p>\n<p><a href=\"http:\/\/congresocoahuila.gob.mx\/portal\/wp-content\/uploads\/2014\/11\/20101po2s14.pdf\">Sesi\u00f3n del D\u00eda 25 de Mayo del 2010<\/a><br \/>\n<a href=\"http:\/\/congresocoahuila.gob.mx\/portal\/wp-content\/uploads\/2014\/11\/20101po2s15.pdf\">Sesi\u00f3n del D\u00eda 1 de Junio del 2010<\/a><br \/>\n<a href=\"http:\/\/congresocoahuila.gob.mx\/portal\/wp-content\/uploads\/2014\/11\/20101po2s16.pdf\">Sesi\u00f3n del D\u00eda 8 de Junio del 2010<\/a><\/p>\n<p><a href=\"http:\/\/congresocoahuila.gob.mx\/portal\/wp-content\/uploads\/2014\/11\/20101po2s17S.pdf\">Sesi\u00f3n Solemne San Pedro de las Colonias, Bicentenario de la Independencia y Centenario de la Revoluci\u00f3n, 15 de Junio del 2010<\/a><\/p>\n<p><a href=\"http:\/\/congresocoahuila.gob.mx\/portal\/wp-content\/uploads\/2014\/11\/20101po2s18.pdf\">Sesi\u00f3n del D\u00eda 15 de Junio del 2010<\/a><br \/>\n<a href=\"http:\/\/congresocoahuila.gob.mx\/portal\/wp-content\/uploads\/2014\/11\/20101po2s19.pdf\">Sesi\u00f3n del D\u00eda 21 de Junio del 2010<\/a><\/p>\n","protected":false},"excerpt":{"rendered":"<p>SEGUNDO A\u00d1O DE EJERCICIO CONSTITUCIONAL 2010 PRIMER PER\u00cdODO ORDINARIO Sesi\u00f3n del D\u00eda 1 de Marzo del 2010 Sesi\u00f3n del D\u00eda 10 de Marzo del 2010 Sesi\u00f3n del D\u00eda 17 de Marzo del 2010 Sesi\u00f3n del D\u00eda 23 de Marzo del 2010 Sesi\u00f3n del D\u00eda 7 de Abril del 2010 Sesi\u00f3n del D\u00eda 13 de Abril [&hellip;]<\/p>\n","protected":false},"author":3,"featured_media":0,"parent":0,"menu_order":0,"comment_status":"closed","ping_status":"closed","template":"","meta":{"footnotes":""},"categories":[],"tags":[],"class_list":["post-5136","page","type-page","status-publish","hentry"],"_links":{"self":[{"href":"https:\/\/www.congresocoahuila.gob.mx\/portal\/wp-json\/wp\/v2\/pages\/5136","targetHints":{"allow":["GET"]}}],"collection":[{"href":"https:\/\/www.congresocoahuila.gob.mx\/portal\/wp-json\/wp\/v2\/pages"}],"about":[{"href":"https:\/\/www.congresocoahuila.gob.mx\/portal\/wp-json\/wp\/v2\/types\/page"}],"author":[{"embeddable":true,"href":"https:\/\/www.congresocoahuila.gob.mx\/portal\/wp-json\/wp\/v2\/users\/3"}],"replies":[{"embeddable":true,"href":"https:\/\/www.congresocoahuila.gob.mx\/portal\/wp-json\/wp\/v2\/comments?post=5136"}],"version-history":[{"count":3,"href":"https:\/\/www.congresocoahuila.gob.mx\/portal\/wp-json\/wp\/v2\/pages\/5136\/revisions"}],"predecessor-version":[{"id":12953,"href":"https:\/\/www.congresocoahuila.gob.mx\/portal\/wp-json\/wp\/v2\/pages\/5136\/revisions\/12953"}],"wp:attachment":[{"href":"https:\/\/www.congresocoahuila.gob.mx\/portal\/wp-json\/wp\/v2\/media?parent=5136"}],"wp:term":[{"taxonomy":"category","embeddable":true,"href":"https:\/\/www.congresocoahuila.gob.mx\/portal\/wp-json\/wp\/v2\/categories?post=5136"},{"taxonomy":"post_tag","embeddable":true,"href":"https:\/\/www.congresocoahuila.gob.mx\/portal\/wp-json\/wp\/v2\/tags?post=5136"}],"curies":[{"name":"wp","href":"https:\/\/api.w.org\/{rel}","templated":true}]}}