{"id":5141,"date":"2014-11-26T15:50:54","date_gmt":"2014-11-26T21:50:54","guid":{"rendered":"http:\/\/www.congresocoahuila.gob.mx\/portal\/?page_id=5141"},"modified":"2014-11-26T15:50:54","modified_gmt":"2014-11-26T21:50:54","slug":"articulo-21-xxiii-2010-4","status":"publish","type":"page","link":"https:\/\/www.congresocoahuila.gob.mx\/portal\/articulo-21-xxiii-2010-4\/","title":{"rendered":"SEGUNDO PER\u00cdODO DE RECESO-2010"},"content":{"rendered":"<p><strong>SEGUNDO A\u00d1O DE EJERCICIO CONSTITUCIONAL 2010<br \/>\nSEGUNDO PER\u00cdODO DE RECESO<\/strong><\/p>\n<p><a href=\"http:\/\/www.congresocoahuila.gob.mx\/portal\/wp-content\/uploads\/2014\/11\/20102pr2s1.pdf\">Sesi\u00f3n del D\u00eda 29 de Junio del 2010<\/a><br \/>\n<a href=\"http:\/\/www.congresocoahuila.gob.mx\/portal\/wp-content\/uploads\/2014\/11\/20102pr2s2.pdf\">Sesi\u00f3n del D\u00eda 6 de Julio del 2010<\/a><br \/>\n<a href=\"http:\/\/www.congresocoahuila.gob.mx\/portal\/wp-content\/uploads\/2014\/11\/20102pr2s3.pdf\">Sesi\u00f3n del D\u00eda 8 de Julio del 2010<\/a><br \/>\n<a href=\"http:\/\/www.congresocoahuila.gob.mx\/portal\/wp-content\/uploads\/2014\/11\/20102pr2s4.pdf\">Sesi\u00f3n del D\u00eda 13 de Julio del 2010<\/a><br \/>\n<a href=\"http:\/\/www.congresocoahuila.gob.mx\/portal\/wp-content\/uploads\/2014\/11\/20102pr2s5.pdf\">Sesi\u00f3n del D\u00eda 14 de Julio del 2010<\/a><br \/>\n<a href=\"http:\/\/www.congresocoahuila.gob.mx\/portal\/wp-content\/uploads\/2014\/11\/20102pr2s6.pdf\">Sesi\u00f3n del D\u00eda 3 de Agosto del 2010<\/a><br \/>\n<a href=\"http:\/\/www.congresocoahuila.gob.mx\/portal\/wp-content\/uploads\/2014\/11\/20102pr2s7.pdf\">Sesi\u00f3n del D\u00eda 10 de Agosto del 2010<\/a><br \/>\n<a href=\"http:\/\/www.congresocoahuila.gob.mx\/portal\/wp-content\/uploads\/2014\/11\/20102pr2s8.pdf\">Sesi\u00f3n del D\u00eda 19 de Agosto del 2010<\/a><br \/>\n<a href=\"http:\/\/www.congresocoahuila.gob.mx\/portal\/wp-content\/uploads\/2014\/11\/20102pr2s9.pdf\">Sesi\u00f3n del D\u00eda 24 de Agosto del 2010<\/a><br \/>\n<a href=\"http:\/\/www.congresocoahuila.gob.mx\/portal\/wp-content\/uploads\/2014\/11\/20102pr2s10.pdf\">Sesi\u00f3n del D\u00eda 1 de Septiembre del 2010<\/a><br \/>\n<a href=\"http:\/\/www.congresocoahuila.gob.mx\/portal\/wp-content\/uploads\/2014\/11\/20102pr2s11.pdf\">Sesi\u00f3n del D\u00eda 7 de Septiembre del 2010<\/a><br \/>\n<a href=\"http:\/\/www.congresocoahuila.gob.mx\/portal\/wp-content\/uploads\/2014\/11\/20102pr2s12.pdf\">Sesi\u00f3n del D\u00eda 14 de Septiembre del 2010<\/a><br \/>\n<a href=\"http:\/\/www.congresocoahuila.gob.mx\/portal\/wp-content\/uploads\/2014\/11\/20102pr2s13.pdf\">Sesi\u00f3n del D\u00eda 21 de Septiembre del 2010<\/a><\/p>\n","protected":false},"excerpt":{"rendered":"<p>SEGUNDO A\u00d1O DE EJERCICIO CONSTITUCIONAL 2010 SEGUNDO PER\u00cdODO DE RECESO Sesi\u00f3n del D\u00eda 29 de Junio del 2010 Sesi\u00f3n del D\u00eda 6 de Julio del 2010 Sesi\u00f3n del D\u00eda 8 de Julio del 2010 Sesi\u00f3n del D\u00eda 13 de Julio del 2010 Sesi\u00f3n del D\u00eda 14 de Julio del 2010 Sesi\u00f3n del D\u00eda 3 de [&hellip;]<\/p>\n","protected":false},"author":3,"featured_media":0,"parent":0,"menu_order":0,"comment_status":"closed","ping_status":"closed","template":"","meta":{"footnotes":""},"categories":[],"tags":[],"class_list":["post-5141","page","type-page","status-publish","hentry"],"_links":{"self":[{"href":"https:\/\/www.congresocoahuila.gob.mx\/portal\/wp-json\/wp\/v2\/pages\/5141","targetHints":{"allow":["GET"]}}],"collection":[{"href":"https:\/\/www.congresocoahuila.gob.mx\/portal\/wp-json\/wp\/v2\/pages"}],"about":[{"href":"https:\/\/www.congresocoahuila.gob.mx\/portal\/wp-json\/wp\/v2\/types\/page"}],"author":[{"embeddable":true,"href":"https:\/\/www.congresocoahuila.gob.mx\/portal\/wp-json\/wp\/v2\/users\/3"}],"replies":[{"embeddable":true,"href":"https:\/\/www.congresocoahuila.gob.mx\/portal\/wp-json\/wp\/v2\/comments?post=5141"}],"version-history":[{"count":0,"href":"https:\/\/www.congresocoahuila.gob.mx\/portal\/wp-json\/wp\/v2\/pages\/5141\/revisions"}],"wp:attachment":[{"href":"https:\/\/www.congresocoahuila.gob.mx\/portal\/wp-json\/wp\/v2\/media?parent=5141"}],"wp:term":[{"taxonomy":"category","embeddable":true,"href":"https:\/\/www.congresocoahuila.gob.mx\/portal\/wp-json\/wp\/v2\/categories?post=5141"},{"taxonomy":"post_tag","embeddable":true,"href":"https:\/\/www.congresocoahuila.gob.mx\/portal\/wp-json\/wp\/v2\/tags?post=5141"}],"curies":[{"name":"wp","href":"https:\/\/api.w.org\/{rel}","templated":true}]}}