{"id":5169,"date":"2014-11-26T16:08:48","date_gmt":"2014-11-26T22:08:48","guid":{"rendered":"http:\/\/www.congresocoahuila.gob.mx\/portal\/?page_id=5169"},"modified":"2014-11-26T16:08:48","modified_gmt":"2014-11-26T22:08:48","slug":"articulo-21-xxiii-2010-6","status":"publish","type":"page","link":"https:\/\/www.congresocoahuila.gob.mx\/portal\/articulo-21-xxiii-2010-6\/","title":{"rendered":"TERCER PER\u00cdODO EXTRAORDINARIO-2010"},"content":{"rendered":"<p><strong>SEGUNDO A\u00d1O DE EJERCICIO CONSTITUCIONAL 2010<br \/>\nTERCER PER\u00cdODO EXTRAORDINARIO<\/strong><\/p>\n<p><a href=\"http:\/\/www.congresocoahuila.gob.mx\/portal\/wp-content\/uploads\/2014\/11\/20102pr23se.pdf\">Sesi\u00f3n del D\u00eda 27 de Agosto del 2010<\/a><\/p>\n","protected":false},"excerpt":{"rendered":"<p>SEGUNDO A\u00d1O DE EJERCICIO CONSTITUCIONAL 2010 TERCER PER\u00cdODO EXTRAORDINARIO Sesi\u00f3n del D\u00eda 27 de Agosto del 2010<\/p>\n","protected":false},"author":3,"featured_media":0,"parent":0,"menu_order":0,"comment_status":"closed","ping_status":"closed","template":"","meta":{"footnotes":""},"categories":[],"tags":[],"class_list":["post-5169","page","type-page","status-publish","hentry"],"_links":{"self":[{"href":"https:\/\/www.congresocoahuila.gob.mx\/portal\/wp-json\/wp\/v2\/pages\/5169","targetHints":{"allow":["GET"]}}],"collection":[{"href":"https:\/\/www.congresocoahuila.gob.mx\/portal\/wp-json\/wp\/v2\/pages"}],"about":[{"href":"https:\/\/www.congresocoahuila.gob.mx\/portal\/wp-json\/wp\/v2\/types\/page"}],"author":[{"embeddable":true,"href":"https:\/\/www.congresocoahuila.gob.mx\/portal\/wp-json\/wp\/v2\/users\/3"}],"replies":[{"embeddable":true,"href":"https:\/\/www.congresocoahuila.gob.mx\/portal\/wp-json\/wp\/v2\/comments?post=5169"}],"version-history":[{"count":0,"href":"https:\/\/www.congresocoahuila.gob.mx\/portal\/wp-json\/wp\/v2\/pages\/5169\/revisions"}],"wp:attachment":[{"href":"https:\/\/www.congresocoahuila.gob.mx\/portal\/wp-json\/wp\/v2\/media?parent=5169"}],"wp:term":[{"taxonomy":"category","embeddable":true,"href":"https:\/\/www.congresocoahuila.gob.mx\/portal\/wp-json\/wp\/v2\/categories?post=5169"},{"taxonomy":"post_tag","embeddable":true,"href":"https:\/\/www.congresocoahuila.gob.mx\/portal\/wp-json\/wp\/v2\/tags?post=5169"}],"curies":[{"name":"wp","href":"https:\/\/api.w.org\/{rel}","templated":true}]}}