{"id":5179,"date":"2014-11-26T16:14:25","date_gmt":"2014-11-26T22:14:25","guid":{"rendered":"http:\/\/www.congresocoahuila.gob.mx\/portal\/?page_id=5179"},"modified":"2014-11-26T16:14:25","modified_gmt":"2014-11-26T22:14:25","slug":"articulo-21-xxiii-2010-8","status":"publish","type":"page","link":"https:\/\/www.congresocoahuila.gob.mx\/portal\/articulo-21-xxiii-2010-8\/","title":{"rendered":"SEGUNDO PER\u00cdODO ORDINARIO-2010"},"content":{"rendered":"<p><strong>SEGUNDO A\u00d1O DE EJERCICIO CONSTITUCIONAL 2010<br \/>\nSEGUNDO PER\u00cdODO ORDINARIO<\/strong><\/p>\n<p><a href=\"http:\/\/www.congresocoahuila.gob.mx\/portal\/wp-content\/uploads\/2014\/11\/20102po2s1.pdf\">Sesi\u00f3n del D\u00eda 1 de Octubre del 2010<\/a><br \/>\n<a href=\"http:\/\/www.congresocoahuila.gob.mx\/portal\/wp-content\/uploads\/2014\/11\/20102po2s2.pdf\">Sesi\u00f3n del D\u00eda 12 de Octubre del 2010<\/a><br \/>\n<a href=\"http:\/\/www.congresocoahuila.gob.mx\/portal\/wp-content\/uploads\/2014\/11\/20102po2s3.pdf\">Sesi\u00f3n del D\u00eda 19 de Octubre del 2010<\/a><br \/>\n<a href=\"http:\/\/www.congresocoahuila.gob.mx\/portal\/wp-content\/uploads\/2014\/11\/20102po2s4.pdf\">Sesi\u00f3n del D\u00eda 26 de Octubre del 2010<\/a><br \/>\n<a href=\"http:\/\/www.congresocoahuila.gob.mx\/portal\/wp-content\/uploads\/2014\/11\/20102po2s5.pdf\">Sesi\u00f3n del D\u00eda 9 de Noviembre del 2010<\/a><br \/>\n<a href=\"http:\/\/www.congresocoahuila.gob.mx\/portal\/wp-content\/uploads\/2014\/11\/20102po2s6.pdf\">Sesi\u00f3n del D\u00eda 17 de Noviembre del 2010<\/a><br \/>\n<a href=\"http:\/\/www.congresocoahuila.gob.mx\/portal\/wp-content\/uploads\/2014\/11\/20102po2s7.pdf\">Sesi\u00f3n del D\u00eda 23 de Noviembre del 2010<\/a><br \/>\n<a href=\"http:\/\/www.congresocoahuila.gob.mx\/portal\/wp-content\/uploads\/2014\/11\/20102po2s8.pdf\">Sesi\u00f3n del D\u00eda 26 de Noviembre del 2010<\/a><\/p>\n<p><a href=\"http:\/\/www.congresocoahuila.gob.mx\/portal\/wp-content\/uploads\/2014\/11\/20102po2s9.pdf\">Sesi\u00f3n Solemne \u201cA los Coahuilenses que Ofrendaron sus Vidas a la Revoluci\u00f3n Mexicana\u201d, 1 de Diciembre del 2010<\/a><\/p>\n<p><a href=\"http:\/\/www.congresocoahuila.gob.mx\/portal\/wp-content\/uploads\/2014\/11\/20102po2s10.pdf\">Sesi\u00f3n del D\u00eda 3 de Diciembre del 2010<\/a><br \/>\n<a href=\"http:\/\/www.congresocoahuila.gob.mx\/portal\/wp-content\/uploads\/2014\/11\/20102po2s11.pdf\">Sesi\u00f3n del D\u00eda 8 de Diciembre del 2010<\/a><br \/>\n<a href=\"http:\/\/www.congresocoahuila.gob.mx\/portal\/wp-content\/uploads\/2014\/11\/20102po2s12.pdf\">Sesi\u00f3n del D\u00eda 14 de Diciembre del 2010<\/a><br \/>\n<a href=\"http:\/\/www.congresocoahuila.gob.mx\/portal\/wp-content\/uploads\/2014\/11\/20102po2s13.pdf\">Sesi\u00f3n del D\u00eda 15 de Diciembre del 2010<\/a><br \/>\n<a href=\"http:\/\/www.congresocoahuila.gob.mx\/portal\/wp-content\/uploads\/2014\/11\/20102po2s14.pdf\">Sesi\u00f3n del D\u00eda 22 de Diciembre del 2010<\/a><br \/>\n<a href=\"http:\/\/www.congresocoahuila.gob.mx\/portal\/wp-content\/uploads\/2014\/11\/20102po2s15.pdf\">Sesi\u00f3n del D\u00eda 28 de Diciembre del 2010<\/a><\/p>\n","protected":false},"excerpt":{"rendered":"<p>SEGUNDO A\u00d1O DE EJERCICIO CONSTITUCIONAL 2010 SEGUNDO PER\u00cdODO ORDINARIO Sesi\u00f3n del D\u00eda 1 de Octubre del 2010 Sesi\u00f3n del D\u00eda 12 de Octubre del 2010 Sesi\u00f3n del D\u00eda 19 de Octubre del 2010 Sesi\u00f3n del D\u00eda 26 de Octubre del 2010 Sesi\u00f3n del D\u00eda 9 de Noviembre del 2010 Sesi\u00f3n del D\u00eda 17 de Noviembre [&hellip;]<\/p>\n","protected":false},"author":3,"featured_media":0,"parent":0,"menu_order":0,"comment_status":"closed","ping_status":"closed","template":"","meta":{"footnotes":""},"categories":[],"tags":[],"class_list":["post-5179","page","type-page","status-publish","hentry"],"_links":{"self":[{"href":"https:\/\/www.congresocoahuila.gob.mx\/portal\/wp-json\/wp\/v2\/pages\/5179","targetHints":{"allow":["GET"]}}],"collection":[{"href":"https:\/\/www.congresocoahuila.gob.mx\/portal\/wp-json\/wp\/v2\/pages"}],"about":[{"href":"https:\/\/www.congresocoahuila.gob.mx\/portal\/wp-json\/wp\/v2\/types\/page"}],"author":[{"embeddable":true,"href":"https:\/\/www.congresocoahuila.gob.mx\/portal\/wp-json\/wp\/v2\/users\/3"}],"replies":[{"embeddable":true,"href":"https:\/\/www.congresocoahuila.gob.mx\/portal\/wp-json\/wp\/v2\/comments?post=5179"}],"version-history":[{"count":1,"href":"https:\/\/www.congresocoahuila.gob.mx\/portal\/wp-json\/wp\/v2\/pages\/5179\/revisions"}],"predecessor-version":[{"id":32778,"href":"https:\/\/www.congresocoahuila.gob.mx\/portal\/wp-json\/wp\/v2\/pages\/5179\/revisions\/32778"}],"wp:attachment":[{"href":"https:\/\/www.congresocoahuila.gob.mx\/portal\/wp-json\/wp\/v2\/media?parent=5179"}],"wp:term":[{"taxonomy":"category","embeddable":true,"href":"https:\/\/www.congresocoahuila.gob.mx\/portal\/wp-json\/wp\/v2\/categories?post=5179"},{"taxonomy":"post_tag","embeddable":true,"href":"https:\/\/www.congresocoahuila.gob.mx\/portal\/wp-json\/wp\/v2\/tags?post=5179"}],"curies":[{"name":"wp","href":"https:\/\/api.w.org\/{rel}","templated":true}]}}