{"id":5296,"date":"2014-11-27T13:38:25","date_gmt":"2014-11-27T19:38:25","guid":{"rendered":"http:\/\/www.congresocoahuila.gob.mx\/portal\/?page_id=5296"},"modified":"2014-11-27T13:38:25","modified_gmt":"2014-11-27T19:38:25","slug":"articulo-21-xxiii-2011","status":"publish","type":"page","link":"https:\/\/www.congresocoahuila.gob.mx\/portal\/articulo-21-xxiii-2011\/","title":{"rendered":"PRIMER PER\u00cdODO ORDINARIO-2011"},"content":{"rendered":"<p><strong>TERCER A\u00d1O DE EJERCICIO CONSTITUCIONAL 2011<br \/>\nPRIMER PER\u00cdODO ORDINARIO<\/strong><\/p>\n<p><a href=\"http:\/\/www.congresocoahuila.gob.mx\/portal\/wp-content\/uploads\/2014\/11\/20111po3s1.pdf\">Sesi\u00f3n del D\u00eda 1 de Enero de 2011<\/a><br \/>\n<a href=\"http:\/\/www.congresocoahuila.gob.mx\/portal\/wp-content\/uploads\/2014\/11\/20111po3s2.pdf\">Sesi\u00f3n del D\u00eda 4 de Enero de 2011<\/a><br \/>\n<a href=\"http:\/\/www.congresocoahuila.gob.mx\/portal\/wp-content\/uploads\/2014\/11\/20111po3s3.pdf\">Sesi\u00f3n del D\u00eda 11 de Enero de 2011<\/a><br \/>\n<a href=\"http:\/\/www.congresocoahuila.gob.mx\/portal\/wp-content\/uploads\/2014\/11\/20111po3s4.pdf\">Sesi\u00f3n del D\u00eda 18 de Enero de 2011<\/a><br \/>\n<a href=\"http:\/\/www.congresocoahuila.gob.mx\/portal\/wp-content\/uploads\/2014\/11\/20111po3s5.pdf\">Sesi\u00f3n del D\u00eda 1 de Febrero de 2011<\/a><br \/>\n<a href=\"http:\/\/www.congresocoahuila.gob.mx\/portal\/wp-content\/uploads\/2014\/11\/20111po3s6.pdf\">Sesi\u00f3n del D\u00eda 9 de Febrero de 2011<\/a><br \/>\n<a href=\"http:\/\/www.congresocoahuila.gob.mx\/portal\/wp-content\/uploads\/2014\/11\/20111po3s7.pdf\">Sesi\u00f3n del D\u00eda 11 de Febrero de 2011<\/a><\/p>\n<p><a href=\"http:\/\/www.congresocoahuila.gob.mx\/portal\/wp-content\/uploads\/2014\/11\/20111po3sol8.pdf\">Sesi\u00f3n Solemne, 19 de Febrero de 2011, \u00abD\u00eda del Ej\u00e9rcito\u00bb<\/a><\/p>\n<p><a href=\"http:\/\/www.congresocoahuila.gob.mx\/portal\/wp-content\/uploads\/2014\/11\/20111po3s9.pdf\">Sesi\u00f3n del D\u00eda 1 de Marzo de 2011<\/a><br \/>\n<a href=\"http:\/\/www.congresocoahuila.gob.mx\/portal\/wp-content\/uploads\/2014\/11\/20111po3s10.pdf\">Sesi\u00f3n del D\u00eda 8 de Marzo de 2011<\/a><br \/>\n<a href=\"http:\/\/www.congresocoahuila.gob.mx\/portal\/wp-content\/uploads\/2014\/11\/20111po3s11.pdf\">Sesi\u00f3n del D\u00eda 15 de Marzo de 2011<\/a><br \/>\n<a href=\"http:\/\/www.congresocoahuila.gob.mx\/portal\/wp-content\/uploads\/2014\/11\/20111po3s12.pdf\">Sesi\u00f3n del D\u00eda 25 de Marzo de 2011<\/a><br \/>\n<a href=\"http:\/\/www.congresocoahuila.gob.mx\/portal\/wp-content\/uploads\/2014\/11\/20111po3s13.pdf\">Sesi\u00f3n del D\u00eda 1 de Abril de 2011<\/a><br \/>\n<a href=\"http:\/\/www.congresocoahuila.gob.mx\/portal\/wp-content\/uploads\/2014\/11\/20111po3s14.pdf\">Sesi\u00f3n del D\u00eda 5 de Abril de 2011<\/a><br \/>\n<a href=\"http:\/\/www.congresocoahuila.gob.mx\/portal\/wp-content\/uploads\/2014\/11\/20111po3s15.pdf\">Sesi\u00f3n del D\u00eda 12 de Abril de 2011<\/a><br \/>\n<a href=\"http:\/\/www.congresocoahuila.gob.mx\/portal\/wp-content\/uploads\/2014\/11\/20111po3s16.pdf\">Sesi\u00f3n del D\u00eda 14 de Abril de 2011<\/a><\/p>\n","protected":false},"excerpt":{"rendered":"<p>TERCER A\u00d1O DE EJERCICIO CONSTITUCIONAL 2011 PRIMER PER\u00cdODO ORDINARIO Sesi\u00f3n del D\u00eda 1 de Enero de 2011 Sesi\u00f3n del D\u00eda 4 de Enero de 2011 Sesi\u00f3n del D\u00eda 11 de Enero de 2011 Sesi\u00f3n del D\u00eda 18 de Enero de 2011 Sesi\u00f3n del D\u00eda 1 de Febrero de 2011 Sesi\u00f3n del D\u00eda 9 de Febrero [&hellip;]<\/p>\n","protected":false},"author":3,"featured_media":0,"parent":0,"menu_order":0,"comment_status":"closed","ping_status":"closed","template":"","meta":{"footnotes":""},"categories":[],"tags":[],"class_list":["post-5296","page","type-page","status-publish","hentry"],"_links":{"self":[{"href":"https:\/\/www.congresocoahuila.gob.mx\/portal\/wp-json\/wp\/v2\/pages\/5296","targetHints":{"allow":["GET"]}}],"collection":[{"href":"https:\/\/www.congresocoahuila.gob.mx\/portal\/wp-json\/wp\/v2\/pages"}],"about":[{"href":"https:\/\/www.congresocoahuila.gob.mx\/portal\/wp-json\/wp\/v2\/types\/page"}],"author":[{"embeddable":true,"href":"https:\/\/www.congresocoahuila.gob.mx\/portal\/wp-json\/wp\/v2\/users\/3"}],"replies":[{"embeddable":true,"href":"https:\/\/www.congresocoahuila.gob.mx\/portal\/wp-json\/wp\/v2\/comments?post=5296"}],"version-history":[{"count":0,"href":"https:\/\/www.congresocoahuila.gob.mx\/portal\/wp-json\/wp\/v2\/pages\/5296\/revisions"}],"wp:attachment":[{"href":"https:\/\/www.congresocoahuila.gob.mx\/portal\/wp-json\/wp\/v2\/media?parent=5296"}],"wp:term":[{"taxonomy":"category","embeddable":true,"href":"https:\/\/www.congresocoahuila.gob.mx\/portal\/wp-json\/wp\/v2\/categories?post=5296"},{"taxonomy":"post_tag","embeddable":true,"href":"https:\/\/www.congresocoahuila.gob.mx\/portal\/wp-json\/wp\/v2\/tags?post=5296"}],"curies":[{"name":"wp","href":"https:\/\/api.w.org\/{rel}","templated":true}]}}