{"id":5377,"date":"2014-11-27T14:01:04","date_gmt":"2014-11-27T20:01:04","guid":{"rendered":"http:\/\/www.congresocoahuila.gob.mx\/portal\/?page_id=5377"},"modified":"2014-11-27T14:01:04","modified_gmt":"2014-11-27T20:01:04","slug":"articulo-21-xxiii-2011-4","status":"publish","type":"page","link":"https:\/\/www.congresocoahuila.gob.mx\/portal\/articulo-21-xxiii-2011-4\/","title":{"rendered":"SEGUNDO PER\u00cdODO EXTRAORDINARIO-2011"},"content":{"rendered":"<p><strong>TERCER A\u00d1O DE EJERCICIO CONSTITUCIONAL 2011<br \/>\nSEGUNDO PER\u00cdODO EXTRAORDINARIO<\/strong><\/p>\n<p><a href=\"http:\/\/www.congresocoahuila.gob.mx\/portal\/wp-content\/uploads\/2014\/11\/20112pe3s1.pdf\">Sesi\u00f3n del D\u00eda 6 de Agosto de 2011<\/a><\/p>\n","protected":false},"excerpt":{"rendered":"<p>TERCER A\u00d1O DE EJERCICIO CONSTITUCIONAL 2011 SEGUNDO PER\u00cdODO EXTRAORDINARIO Sesi\u00f3n del D\u00eda 6 de Agosto de 2011<\/p>\n","protected":false},"author":3,"featured_media":0,"parent":0,"menu_order":0,"comment_status":"closed","ping_status":"closed","template":"","meta":{"footnotes":""},"categories":[],"tags":[],"class_list":["post-5377","page","type-page","status-publish","hentry"],"_links":{"self":[{"href":"https:\/\/www.congresocoahuila.gob.mx\/portal\/wp-json\/wp\/v2\/pages\/5377","targetHints":{"allow":["GET"]}}],"collection":[{"href":"https:\/\/www.congresocoahuila.gob.mx\/portal\/wp-json\/wp\/v2\/pages"}],"about":[{"href":"https:\/\/www.congresocoahuila.gob.mx\/portal\/wp-json\/wp\/v2\/types\/page"}],"author":[{"embeddable":true,"href":"https:\/\/www.congresocoahuila.gob.mx\/portal\/wp-json\/wp\/v2\/users\/3"}],"replies":[{"embeddable":true,"href":"https:\/\/www.congresocoahuila.gob.mx\/portal\/wp-json\/wp\/v2\/comments?post=5377"}],"version-history":[{"count":0,"href":"https:\/\/www.congresocoahuila.gob.mx\/portal\/wp-json\/wp\/v2\/pages\/5377\/revisions"}],"wp:attachment":[{"href":"https:\/\/www.congresocoahuila.gob.mx\/portal\/wp-json\/wp\/v2\/media?parent=5377"}],"wp:term":[{"taxonomy":"category","embeddable":true,"href":"https:\/\/www.congresocoahuila.gob.mx\/portal\/wp-json\/wp\/v2\/categories?post=5377"},{"taxonomy":"post_tag","embeddable":true,"href":"https:\/\/www.congresocoahuila.gob.mx\/portal\/wp-json\/wp\/v2\/tags?post=5377"}],"curies":[{"name":"wp","href":"https:\/\/api.w.org\/{rel}","templated":true}]}}