{"id":5661,"date":"2014-11-28T12:05:15","date_gmt":"2014-11-28T18:05:15","guid":{"rendered":"http:\/\/www.congresocoahuila.gob.mx\/portal\/?page_id=5661"},"modified":"2016-10-11T11:49:13","modified_gmt":"2016-10-11T16:49:13","slug":"articulo-21-vii-viaticos-lix-2","status":"publish","type":"page","link":"https:\/\/www.congresocoahuila.gob.mx\/portal\/articulo-21-vii-viaticos-lix-2\/","title":{"rendered":"ART\u00cdCULO 21.VII-VI\u00c1TICOS LVIII-2"},"content":{"rendered":"<p><strong> VI\u00c1TICOS DE LA ASAMBLEA 2011<\/strong><br \/>\n<a href=\"https:\/\/congresocoahuila.gob.mx\/transparencia\/ART\/21\/7\/VIATICOS\/LEG_LVIII\/ASAMBLEA_2011\/VIATICOS_1_SEM_2011.pdf\">Documento 1<\/a> Primer Semestre 2011<\/p>\n<p><strong> VI\u00c1TICOS DE LA ASAMBLEA 2010<\/strong><br \/>\n<a href=\"https:\/\/congresocoahuila.gob.mx\/transparencia\/ART\/21\/7\/VIATICOS\/LEG_LVIII\/ASAMBLEA_2010\/VIATICOS_ASAMBLEA_2010.pdf\">Documento 1<\/a> Vi\u00e1ticos de la Asamblea 2010<\/p>\n<p><strong>VIATICOS DE LA ASAMBLEA 2009<\/strong><br \/>\n<a href=\"https:\/\/congresocoahuila.gob.mx\/transparencia\/ART\/21\/7\/VIATICOS\/LEG_LVIII\/ASAMBLEA_2009\/VIATICOS_1_CUAT_2009.pdf\">Documento 1<\/a> Primer Cuatrimestre de 2009<br \/>\n<a href=\"https:\/\/congresocoahuila.gob.mx\/transparencia\/ART\/21\/7\/VIATICOS\/LEG_LVIII\/ASAMBLEA_2009\/VIATICOS_2_CUAT_2009.pdf\">Documento 2 <\/a> Segundo Cuatrimestre de 2009<br \/>\n<a href=\"https:\/\/congresocoahuila.gob.mx\/transparencia\/ART\/21\/7\/VIATICOS\/LEG_LVIII\/ASAMBLEA_2009\/VIATICOS_3_CUAT_2009.pdf\">Documento 3<\/a> Vi\u00e1ticos de la Asamblea 2009<\/p>\n","protected":false},"excerpt":{"rendered":"<p>VI\u00c1TICOS DE LA ASAMBLEA 2011 Documento 1 Primer Semestre 2011 VI\u00c1TICOS DE LA ASAMBLEA 2010 Documento 1 Vi\u00e1ticos de la Asamblea 2010 VIATICOS DE LA ASAMBLEA 2009 Documento 1 Primer Cuatrimestre de 2009 Documento 2 Segundo Cuatrimestre de 2009 Documento 3 Vi\u00e1ticos de la Asamblea 2009<\/p>\n","protected":false},"author":3,"featured_media":0,"parent":0,"menu_order":0,"comment_status":"closed","ping_status":"closed","template":"","meta":{"footnotes":""},"categories":[],"tags":[],"class_list":["post-5661","page","type-page","status-publish","hentry"],"_links":{"self":[{"href":"https:\/\/www.congresocoahuila.gob.mx\/portal\/wp-json\/wp\/v2\/pages\/5661","targetHints":{"allow":["GET"]}}],"collection":[{"href":"https:\/\/www.congresocoahuila.gob.mx\/portal\/wp-json\/wp\/v2\/pages"}],"about":[{"href":"https:\/\/www.congresocoahuila.gob.mx\/portal\/wp-json\/wp\/v2\/types\/page"}],"author":[{"embeddable":true,"href":"https:\/\/www.congresocoahuila.gob.mx\/portal\/wp-json\/wp\/v2\/users\/3"}],"replies":[{"embeddable":true,"href":"https:\/\/www.congresocoahuila.gob.mx\/portal\/wp-json\/wp\/v2\/comments?post=5661"}],"version-history":[{"count":2,"href":"https:\/\/www.congresocoahuila.gob.mx\/portal\/wp-json\/wp\/v2\/pages\/5661\/revisions"}],"predecessor-version":[{"id":22436,"href":"https:\/\/www.congresocoahuila.gob.mx\/portal\/wp-json\/wp\/v2\/pages\/5661\/revisions\/22436"}],"wp:attachment":[{"href":"https:\/\/www.congresocoahuila.gob.mx\/portal\/wp-json\/wp\/v2\/media?parent=5661"}],"wp:term":[{"taxonomy":"category","embeddable":true,"href":"https:\/\/www.congresocoahuila.gob.mx\/portal\/wp-json\/wp\/v2\/categories?post=5661"},{"taxonomy":"post_tag","embeddable":true,"href":"https:\/\/www.congresocoahuila.gob.mx\/portal\/wp-json\/wp\/v2\/tags?post=5661"}],"curies":[{"name":"wp","href":"https:\/\/api.w.org\/{rel}","templated":true}]}}