{"id":5673,"date":"2014-11-28T12:17:42","date_gmt":"2014-11-28T18:17:42","guid":{"rendered":"http:\/\/www.congresocoahuila.gob.mx\/portal\/?page_id=5673"},"modified":"2016-10-11T12:55:27","modified_gmt":"2016-10-11T17:55:27","slug":"articulo-21-vii-gastos-de-representacion-2014","status":"publish","type":"page","link":"https:\/\/www.congresocoahuila.gob.mx\/portal\/articulo-21-vii-gastos-de-representacion-2014\/","title":{"rendered":"ART\u00cdCULO 21.VII-GASTOS DE REPRESENTACI\u00d3N 2014"},"content":{"rendered":"<p><strong>GASTOS DE REPRESENTACI\u00d3N DE LA ASAMBLEA 2014<\/strong><br \/>\n<a href=\"https:\/\/congresocoahuila.gob.mx\/transparencia\/ART\/21\/7\/GASTOS_REPRESENTACION\/LEG_LIX\/2014\/ASAMBLEA_1_TRI_2014.pdf\">Documento 1 <\/a> Primer Trimestre 2014<br \/>\n<a href=\"https:\/\/congresocoahuila.gob.mx\/transparencia\/ART\/21\/7\/GASTOS_REPRESENTACION\/LEG_LIX\/2014\/ASAMBLEA_2_TRI_2014.pdf\">Documento 2<\/a> Segundo Trimestre 2014<br \/>\n<a href=\"https:\/\/congresocoahuila.gob.mx\/transparencia\/ART\/21\/7\/GASTOS_REPRESENTACION\/LEG_LIX\/2014\/ASAMBLEA_3_TRI_2014.pdf\">Documento 3<\/a> Tercer Trimestre 2014<br \/>\n<a href=\"https:\/\/congresocoahuila.gob.mx\/transparencia\/ART\/21\/7\/GASTOS_REPRESENTACION\/LEG_LIX\/2014\/ASAMBLEA_4_TRI_2014.pdf\">Documento 4 <\/a>\u00a0Cuarto Trimestre 2014<\/p>\n<p><strong>GASTOS DE REPRESENTACI\u00d3N DE LA ASAMBLEA 2013<\/strong><br \/>\n<a title=\"ART\u00cdCULO 21.VII-ASAMBLEA-2013-1\" href=\"http:\/\/www.congresocoahuila.gob.mx\/portal?page_id=5702\">Documento 1<\/a> Primer Semestre 2013<br \/>\n<a title=\"ART\u00cdCULO 21.VII-ASAMBLEA-2013-2\" href=\"http:\/\/www.congresocoahuila.gob.mx\/portal?page_id=5709\">Documento 2 <\/a> Segundo Semestre 2013<\/p>\n<p><strong>GASTOS DE REPRESENTACI\u00d3N DE LA ASAMBLEA 2012<\/strong><br \/>\n<a title=\"ART\u00cdCULO 21.VII-ASAMBLEA-2012-1\" href=\"http:\/\/www.congresocoahuila.gob.mx\/portal?page_id=5717\">Documento 1<\/a> Primer Semestre 2012<br \/>\n<a title=\"ART\u00cdCULO 21.VII-ASAMBLEA-2012-2\" href=\"http:\/\/www.congresocoahuila.gob.mx\/portal?page_id=5720\">Documento 2<\/a> Segundo Semestre 2012<\/p>\n","protected":false},"excerpt":{"rendered":"<p>GASTOS DE REPRESENTACI\u00d3N DE LA ASAMBLEA 2014 Documento 1 Primer Trimestre 2014 Documento 2 Segundo Trimestre 2014 Documento 3 Tercer Trimestre 2014 Documento 4 \u00a0Cuarto Trimestre 2014 GASTOS DE REPRESENTACI\u00d3N DE LA ASAMBLEA 2013 Documento 1 Primer Semestre 2013 Documento 2 Segundo Semestre 2013 GASTOS DE REPRESENTACI\u00d3N DE LA ASAMBLEA 2012 Documento 1 Primer Semestre [&hellip;]<\/p>\n","protected":false},"author":3,"featured_media":0,"parent":0,"menu_order":0,"comment_status":"closed","ping_status":"closed","template":"","meta":{"footnotes":""},"categories":[],"tags":[],"class_list":["post-5673","page","type-page","status-publish","hentry"],"_links":{"self":[{"href":"https:\/\/www.congresocoahuila.gob.mx\/portal\/wp-json\/wp\/v2\/pages\/5673","targetHints":{"allow":["GET"]}}],"collection":[{"href":"https:\/\/www.congresocoahuila.gob.mx\/portal\/wp-json\/wp\/v2\/pages"}],"about":[{"href":"https:\/\/www.congresocoahuila.gob.mx\/portal\/wp-json\/wp\/v2\/types\/page"}],"author":[{"embeddable":true,"href":"https:\/\/www.congresocoahuila.gob.mx\/portal\/wp-json\/wp\/v2\/users\/3"}],"replies":[{"embeddable":true,"href":"https:\/\/www.congresocoahuila.gob.mx\/portal\/wp-json\/wp\/v2\/comments?post=5673"}],"version-history":[{"count":3,"href":"https:\/\/www.congresocoahuila.gob.mx\/portal\/wp-json\/wp\/v2\/pages\/5673\/revisions"}],"predecessor-version":[{"id":22444,"href":"https:\/\/www.congresocoahuila.gob.mx\/portal\/wp-json\/wp\/v2\/pages\/5673\/revisions\/22444"}],"wp:attachment":[{"href":"https:\/\/www.congresocoahuila.gob.mx\/portal\/wp-json\/wp\/v2\/media?parent=5673"}],"wp:term":[{"taxonomy":"category","embeddable":true,"href":"https:\/\/www.congresocoahuila.gob.mx\/portal\/wp-json\/wp\/v2\/categories?post=5673"},{"taxonomy":"post_tag","embeddable":true,"href":"https:\/\/www.congresocoahuila.gob.mx\/portal\/wp-json\/wp\/v2\/tags?post=5673"}],"curies":[{"name":"wp","href":"https:\/\/api.w.org\/{rel}","templated":true}]}}