{"id":6544,"date":"2014-11-29T10:45:25","date_gmt":"2014-11-29T16:45:25","guid":{"rendered":"http:\/\/www.congresocoahuila.gob.mx\/portal\/?page_id=6544"},"modified":"2014-11-29T10:45:25","modified_gmt":"2014-11-29T16:45:25","slug":"articulo-21-xxiii-2006-4","status":"publish","type":"page","link":"https:\/\/www.congresocoahuila.gob.mx\/portal\/articulo-21-xxiii-2006-4\/","title":{"rendered":"SEGUNDO PER\u00cdODO DE RECESO-2006"},"content":{"rendered":"<p><strong>PRIMER A\u00d1O DE EJERCICIO CONSTITUCIONAL 2006<br \/>\nSEGUNDO PER\u00cdODO\u00a0DE RECESO<\/strong><\/p>\n<p><a href=\"http:\/\/www.congresocoahuila.gob.mx\/portal\/wp-content\/uploads\/2014\/11\/20062pr1s1.pdf\">Sesi\u00f3n del D\u00eda 4 de Julio del 2006<\/a><br \/>\n<a href=\"http:\/\/www.congresocoahuila.gob.mx\/portal\/wp-content\/uploads\/2014\/11\/20062pr1s2.pdf\">Sesi\u00f3n del D\u00eda 11 de Julio del 2006<\/a><br \/>\n<a href=\"http:\/\/www.congresocoahuila.gob.mx\/portal\/wp-content\/uploads\/2014\/11\/20062pr1s3.pdf\">Sesi\u00f3n del D\u00eda 17 de Julio del 2006<\/a><br \/>\n<a href=\"http:\/\/www.congresocoahuila.gob.mx\/portal\/wp-content\/uploads\/2014\/11\/20062pr1s4.pdf\">Sesi\u00f3n del D\u00eda 28 de Julio del 2006<\/a><br \/>\n<a href=\"http:\/\/www.congresocoahuila.gob.mx\/portal\/wp-content\/uploads\/2014\/11\/20062pr1s5.pdf\">Sesi\u00f3n del D\u00eda 1 de Agosto del 2006<\/a><br \/>\n<a href=\"http:\/\/www.congresocoahuila.gob.mx\/portal\/wp-content\/uploads\/2014\/11\/20062pr1s6.pdf\">Sesi\u00f3n del D\u00eda 8 de Agosto del 2006<\/a><br \/>\n<a href=\"http:\/\/www.congresocoahuila.gob.mx\/portal\/wp-content\/uploads\/2014\/11\/20062pr1s7.pdf\">Sesi\u00f3n del D\u00eda 15 de Agosto del 2006<\/a><br \/>\n<a href=\"http:\/\/www.congresocoahuila.gob.mx\/portal\/wp-content\/uploads\/2014\/11\/20062pr1s8.pdf\">Sesi\u00f3n del D\u00eda 24 de Agosto del 2006<\/a><br \/>\n<a href=\"http:\/\/www.congresocoahuila.gob.mx\/portal\/wp-content\/uploads\/2014\/11\/20062pr1s9.pdf\">Sesi\u00f3n del D\u00eda 29 de Agosto del 2006<\/a><br \/>\n<a href=\"http:\/\/www.congresocoahuila.gob.mx\/portal\/wp-content\/uploads\/2014\/11\/20062pr1s10.pdf\">Sesi\u00f3n del D\u00eda 5 de Septiembre del 2006<\/a><br \/>\n<a href=\"http:\/\/www.congresocoahuila.gob.mx\/portal\/wp-content\/uploads\/2014\/11\/20062pr1s11.pdf\">Sesi\u00f3n del D\u00eda 12 de Septiembre del 2006<\/a><br \/>\n<a href=\"http:\/\/www.congresocoahuila.gob.mx\/portal\/wp-content\/uploads\/2014\/11\/20062pr1s12.pdf\">Sesi\u00f3n del D\u00eda 19 de Septiembre del 2006<\/a><br \/>\n<a href=\"http:\/\/www.congresocoahuila.gob.mx\/portal\/wp-content\/uploads\/2014\/11\/20062pr1s13.pdf\">Sesi\u00f3n del D\u00eda 27 de Septiembre del 2006<\/a><\/p>\n","protected":false},"excerpt":{"rendered":"<p>PRIMER A\u00d1O DE EJERCICIO CONSTITUCIONAL 2006 SEGUNDO PER\u00cdODO\u00a0DE RECESO Sesi\u00f3n del D\u00eda 4 de Julio del 2006 Sesi\u00f3n del D\u00eda 11 de Julio del 2006 Sesi\u00f3n del D\u00eda 17 de Julio del 2006 Sesi\u00f3n del D\u00eda 28 de Julio del 2006 Sesi\u00f3n del D\u00eda 1 de Agosto del 2006 Sesi\u00f3n del D\u00eda 8 de Agosto [&hellip;]<\/p>\n","protected":false},"author":3,"featured_media":0,"parent":0,"menu_order":0,"comment_status":"closed","ping_status":"closed","template":"","meta":{"footnotes":""},"categories":[],"tags":[],"class_list":["post-6544","page","type-page","status-publish","hentry"],"_links":{"self":[{"href":"https:\/\/www.congresocoahuila.gob.mx\/portal\/wp-json\/wp\/v2\/pages\/6544","targetHints":{"allow":["GET"]}}],"collection":[{"href":"https:\/\/www.congresocoahuila.gob.mx\/portal\/wp-json\/wp\/v2\/pages"}],"about":[{"href":"https:\/\/www.congresocoahuila.gob.mx\/portal\/wp-json\/wp\/v2\/types\/page"}],"author":[{"embeddable":true,"href":"https:\/\/www.congresocoahuila.gob.mx\/portal\/wp-json\/wp\/v2\/users\/3"}],"replies":[{"embeddable":true,"href":"https:\/\/www.congresocoahuila.gob.mx\/portal\/wp-json\/wp\/v2\/comments?post=6544"}],"version-history":[{"count":0,"href":"https:\/\/www.congresocoahuila.gob.mx\/portal\/wp-json\/wp\/v2\/pages\/6544\/revisions"}],"wp:attachment":[{"href":"https:\/\/www.congresocoahuila.gob.mx\/portal\/wp-json\/wp\/v2\/media?parent=6544"}],"wp:term":[{"taxonomy":"category","embeddable":true,"href":"https:\/\/www.congresocoahuila.gob.mx\/portal\/wp-json\/wp\/v2\/categories?post=6544"},{"taxonomy":"post_tag","embeddable":true,"href":"https:\/\/www.congresocoahuila.gob.mx\/portal\/wp-json\/wp\/v2\/tags?post=6544"}],"curies":[{"name":"wp","href":"https:\/\/api.w.org\/{rel}","templated":true}]}}