{"id":6653,"date":"2014-11-29T11:32:55","date_gmt":"2014-11-29T17:32:55","guid":{"rendered":"http:\/\/www.congresocoahuila.gob.mx\/portal\/?page_id=6653"},"modified":"2014-11-29T11:32:55","modified_gmt":"2014-11-29T17:32:55","slug":"articulo-21-xxiii-2007-5","status":"publish","type":"page","link":"https:\/\/www.congresocoahuila.gob.mx\/portal\/articulo-21-xxiii-2007-5\/","title":{"rendered":"SEGUNDO PER\u00cdODO EXTRAORDINARIO-2007"},"content":{"rendered":"<p><strong>SEGUNDO A\u00d1O DE EJERCICIO CONSTITUCIONAL 2007<br \/>\nSEGUNDO PER\u00cdODO\u00a0EXTRAORDINARIO<\/strong><\/p>\n<p><a href=\"http:\/\/www.congresocoahuila.gob.mx\/portal\/wp-content\/uploads\/2014\/11\/20072pe2s1.pdf\">Sesi\u00f3n del D\u00eda 9 de Julio del 2007<\/a><br \/>\n<a href=\"http:\/\/www.congresocoahuila.gob.mx\/portal\/wp-content\/uploads\/2014\/11\/20072pe2s2.pdf\">Sesi\u00f3n del D\u00eda 11 de Julio del 2007<\/a><br \/>\n<a href=\"http:\/\/www.congresocoahuila.gob.mx\/portal\/wp-content\/uploads\/2014\/11\/20072pe2s3.pdf\">Sesi\u00f3n del D\u00eda 18 de Julio del 2007<\/a><br \/>\n<a href=\"http:\/\/www.congresocoahuila.gob.mx\/portal\/wp-content\/uploads\/2014\/11\/20072pe2s4.pdf\">Sesi\u00f3n del D\u00eda 1 de Agosto del 2007<\/a><\/p>\n","protected":false},"excerpt":{"rendered":"<p>SEGUNDO A\u00d1O DE EJERCICIO CONSTITUCIONAL 2007 SEGUNDO PER\u00cdODO\u00a0EXTRAORDINARIO Sesi\u00f3n del D\u00eda 9 de Julio del 2007 Sesi\u00f3n del D\u00eda 11 de Julio del 2007 Sesi\u00f3n del D\u00eda 18 de Julio del 2007 Sesi\u00f3n del D\u00eda 1 de Agosto del 2007<\/p>\n","protected":false},"author":3,"featured_media":0,"parent":0,"menu_order":0,"comment_status":"closed","ping_status":"closed","template":"","meta":{"footnotes":""},"categories":[],"tags":[],"class_list":["post-6653","page","type-page","status-publish","hentry"],"_links":{"self":[{"href":"https:\/\/www.congresocoahuila.gob.mx\/portal\/wp-json\/wp\/v2\/pages\/6653","targetHints":{"allow":["GET"]}}],"collection":[{"href":"https:\/\/www.congresocoahuila.gob.mx\/portal\/wp-json\/wp\/v2\/pages"}],"about":[{"href":"https:\/\/www.congresocoahuila.gob.mx\/portal\/wp-json\/wp\/v2\/types\/page"}],"author":[{"embeddable":true,"href":"https:\/\/www.congresocoahuila.gob.mx\/portal\/wp-json\/wp\/v2\/users\/3"}],"replies":[{"embeddable":true,"href":"https:\/\/www.congresocoahuila.gob.mx\/portal\/wp-json\/wp\/v2\/comments?post=6653"}],"version-history":[{"count":0,"href":"https:\/\/www.congresocoahuila.gob.mx\/portal\/wp-json\/wp\/v2\/pages\/6653\/revisions"}],"wp:attachment":[{"href":"https:\/\/www.congresocoahuila.gob.mx\/portal\/wp-json\/wp\/v2\/media?parent=6653"}],"wp:term":[{"taxonomy":"category","embeddable":true,"href":"https:\/\/www.congresocoahuila.gob.mx\/portal\/wp-json\/wp\/v2\/categories?post=6653"},{"taxonomy":"post_tag","embeddable":true,"href":"https:\/\/www.congresocoahuila.gob.mx\/portal\/wp-json\/wp\/v2\/tags?post=6653"}],"curies":[{"name":"wp","href":"https:\/\/api.w.org\/{rel}","templated":true}]}}