{"id":7101,"date":"2014-11-30T13:12:07","date_gmt":"2014-11-30T19:12:07","guid":{"rendered":"http:\/\/www.congresocoahuila.gob.mx\/portal\/?page_id=7101"},"modified":"2014-11-30T13:12:07","modified_gmt":"2014-11-30T19:12:07","slug":"articulo-21-xxiii-debates-2003-2005-2","status":"publish","type":"page","link":"https:\/\/www.congresocoahuila.gob.mx\/portal\/articulo-21-xxiii-debates-2003-2005-2\/","title":{"rendered":"DEBATES-2003-2005"},"content":{"rendered":"<p><strong>DIARIO DE LOS DEBATES<\/strong><\/p>\n<p><strong>Congreso del Estado de Coahuila LVI Legislatura 2003-2005<\/strong><br \/>\n<strong>Primer A\u00f1o de Ejercicio Constitucional 2003<\/strong><br \/>\n<a title=\"ART\u00cdCULO 21-XXIII-2003\" href=\"http:\/\/www.congresocoahuila.gob.mx\/portal?page_id=7106\">Primer de Instalaci\u00f3n de la LVI Legislatura 2003<\/a><br \/>\n<a title=\"ART\u00cdCULO 21-XXIII-2003\" href=\"http:\/\/www.congresocoahuila.gob.mx\/portal?page_id=7111\">Primer Per\u00edodo de Receso de la LVI Legislatura 2003<\/a><br \/>\n<a title=\"ART\u00cdCULO 21-XXIII-2003\" href=\"http:\/\/www.congresocoahuila.gob.mx\/portal?page_id=7120\">Primer Per\u00edodo Ordinario de la LVI Legislatura 2003<\/a><br \/>\n<a title=\"ART\u00cdCULO 21-XXIII-2003\" href=\"http:\/\/www.congresocoahuila.gob.mx\/portal?page_id=7136\">Segundo Per\u00edodo de Receso de la LVI Legislatura 2003<\/a><br \/>\n<a title=\"ART\u00cdCULO 21-XXIII-2003\" href=\"http:\/\/www.congresocoahuila.gob.mx\/portal?page_id=7148\">Primer Per\u00edodo Extraordinario de la LVI Legislatura 2003<\/a><br \/>\n<a title=\"ART\u00cdCULO 21-XXIII-2003\" href=\"http:\/\/www.congresocoahuila.gob.mx\/portal?page_id=7163\">Segundo\u00a0Per\u00edodo Extraordinario de la LVI Legislatura 2003<\/a><br \/>\n<a title=\"ART\u00cdCULO 21-XXIII-2003\" href=\"http:\/\/www.congresocoahuila.gob.mx\/portal?page_id=7167\">Segundo Periodo Ordinario de la LVI Legislatura 2003<\/a><\/p>\n<p><strong>Segundo A\u00f1o de Ejercicio Constitucional 2004<\/strong><br \/>\n<a title=\"ART\u00cdCULO 21-XXIII-2004\" href=\"http:\/\/www.congresocoahuila.gob.mx\/portal?page_id=7195\">Primer Per\u00edodo de Receso de la LVI Legislatura 2004<\/a><br \/>\n<a title=\"ART\u00cdCULO 21-XXIII-2004\" href=\"http:\/\/www.congresocoahuila.gob.mx\/portal?page_id=7205\">Primer Per\u00edodo Extraordinario de la LVI Legislatura 2004<\/a><br \/>\n<a title=\"ART\u00cdCULO 21-XXIII-2004\" href=\"http:\/\/www.congresocoahuila.gob.mx\/portal?page_id=7226\">Primer Per\u00edodo Ordinario de la LVI Legislatura 2004<\/a><br \/>\n<a title=\"ART\u00cdCULO 21-XXIII-2004\" href=\"http:\/\/www.congresocoahuila.gob.mx\/portal?page_id=7232\">Segundo Per\u00edodo de Receso de la LVI Legislatura 2004<\/a><br \/>\n<a title=\"ART\u00cdCULO 21-XXIII-2004\" href=\"http:\/\/www.congresocoahuila.gob.mx\/portal?page_id=7253\">Segundo Periodo Extraordinario de la LVI Legislatura 2004<\/a><br \/>\n<a title=\"ART\u00cdCULO 21-XXIII-2004\" href=\"http:\/\/www.congresocoahuila.gob.mx\/portal?page_id=7272\">Segundo Periodo Ordinario de la LVI Legislatura 2004<\/a><\/p>\n<p><strong>Tercer A\u00f1o de Ejercicio Constitucional 2005<\/strong><br \/>\n<a title=\"ART\u00cdCULO 21-XXIII-2005\" href=\"http:\/\/www.congresocoahuila.gob.mx\/portal?page_id=7284\">Primer Per\u00edodo de Receso de la LVI Legislatura 2005<\/a><br \/>\n<a title=\"ART\u00cdCULO 21-XXIII-2005\" href=\"http:\/\/www.congresocoahuila.gob.mx\/portal?page_id=7300\">Primer Periodo Extraordinario de la LVI Legislatura 2005<\/a><br \/>\n<a title=\"ART\u00cdCULO 21-XXIII-2005\" href=\"http:\/\/www.congresocoahuila.gob.mx\/portal?page_id=7311\">Primer Periodo Ordinario de la LVI Legislatura 2005<\/a><br \/>\n<a title=\"ART\u00cdCULO 21-XXIII-2005\" href=\"http:\/\/www.congresocoahuila.gob.mx\/portal?page_id=7320\">Segundo Periodo de Receso\u00a0de la LVI Legislatura 2005<\/a><br \/>\n<a title=\"ART\u00cdCULO 21-XXIII-2005\" href=\"http:\/\/www.congresocoahuila.gob.mx\/portal?page_id=7338\">Segundo Periodo Ordinario de la LVI Legislatura 2005<\/a><\/p>\n","protected":false},"excerpt":{"rendered":"<p>DIARIO DE LOS DEBATES Congreso del Estado de Coahuila LVI Legislatura 2003-2005 Primer A\u00f1o de Ejercicio Constitucional 2003 Primer de Instalaci\u00f3n de la LVI Legislatura 2003 Primer Per\u00edodo de Receso de la LVI Legislatura 2003 Primer Per\u00edodo Ordinario de la LVI Legislatura 2003 Segundo Per\u00edodo de Receso de la LVI Legislatura 2003 Primer Per\u00edodo Extraordinario [&hellip;]<\/p>\n","protected":false},"author":3,"featured_media":0,"parent":0,"menu_order":0,"comment_status":"closed","ping_status":"closed","template":"","meta":{"footnotes":""},"categories":[],"tags":[],"class_list":["post-7101","page","type-page","status-publish","hentry"],"_links":{"self":[{"href":"https:\/\/www.congresocoahuila.gob.mx\/portal\/wp-json\/wp\/v2\/pages\/7101","targetHints":{"allow":["GET"]}}],"collection":[{"href":"https:\/\/www.congresocoahuila.gob.mx\/portal\/wp-json\/wp\/v2\/pages"}],"about":[{"href":"https:\/\/www.congresocoahuila.gob.mx\/portal\/wp-json\/wp\/v2\/types\/page"}],"author":[{"embeddable":true,"href":"https:\/\/www.congresocoahuila.gob.mx\/portal\/wp-json\/wp\/v2\/users\/3"}],"replies":[{"embeddable":true,"href":"https:\/\/www.congresocoahuila.gob.mx\/portal\/wp-json\/wp\/v2\/comments?post=7101"}],"version-history":[{"count":0,"href":"https:\/\/www.congresocoahuila.gob.mx\/portal\/wp-json\/wp\/v2\/pages\/7101\/revisions"}],"wp:attachment":[{"href":"https:\/\/www.congresocoahuila.gob.mx\/portal\/wp-json\/wp\/v2\/media?parent=7101"}],"wp:term":[{"taxonomy":"category","embeddable":true,"href":"https:\/\/www.congresocoahuila.gob.mx\/portal\/wp-json\/wp\/v2\/categories?post=7101"},{"taxonomy":"post_tag","embeddable":true,"href":"https:\/\/www.congresocoahuila.gob.mx\/portal\/wp-json\/wp\/v2\/tags?post=7101"}],"curies":[{"name":"wp","href":"https:\/\/api.w.org\/{rel}","templated":true}]}}