{"id":7120,"date":"2014-11-30T13:56:57","date_gmt":"2014-11-30T19:56:57","guid":{"rendered":"http:\/\/www.congresocoahuila.gob.mx\/portal\/?page_id=7120"},"modified":"2014-11-30T13:56:57","modified_gmt":"2014-11-30T19:56:57","slug":"articulo-21-xxiii-2003-3","status":"publish","type":"page","link":"https:\/\/www.congresocoahuila.gob.mx\/portal\/articulo-21-xxiii-2003-3\/","title":{"rendered":"PRIMER PER\u00cdODO ORDINARIO-2003"},"content":{"rendered":"<p><strong>PRIMER A\u00d1O DE EJERCICIO CONSTITUCIONAL 2003<br \/>\nPRIMER PER\u00cdODO\u00a0ORDINARIO<\/strong><\/p>\n<p><a href=\"http:\/\/www.congresocoahuila.gob.mx\/portalwp-content\/uploads\/2014\/11\/20031po1s1.pdf\">Sesi\u00f3n del D\u00eda 1 de Abril del 2003<\/a><br \/>\n<a href=\"http:\/\/www.congresocoahuila.gob.mx\/portalwp-content\/uploads\/2014\/11\/20031po1s2.pdf\">Sesi\u00f3n del D\u00eda 8 de Abril del 2003<\/a><br \/>\n<a href=\"http:\/\/www.congresocoahuila.gob.mx\/portalwp-content\/uploads\/2014\/11\/20031po1s3.pdf\">Sesi\u00f3n del D\u00eda 14 de Abril del 2003<\/a><br \/>\n<a href=\"http:\/\/www.congresocoahuila.gob.mx\/portalwp-content\/uploads\/2014\/11\/20031po1s4.pdf\">Sesi\u00f3n del D\u00eda 25 de Abril del 2003<\/a><br \/>\n<a href=\"http:\/\/www.congresocoahuila.gob.mx\/portalwp-content\/uploads\/2014\/11\/20031po1s5.pdf\">Sesi\u00f3n del D\u00eda 29 de Abril del 2003<\/a><br \/>\n<a href=\"http:\/\/www.congresocoahuila.gob.mx\/portalwp-content\/uploads\/2014\/11\/20031po1s6.pdf\">Sesi\u00f3n del D\u00eda 7 de Mayo del 2003<\/a><br \/>\n<a href=\"http:\/\/www.congresocoahuila.gob.mx\/portalwp-content\/uploads\/2014\/11\/20031po1s7.pdf\">Sesi\u00f3n del D\u00eda 13 de Mayo del 2003<\/a><br \/>\n<a href=\"http:\/\/www.congresocoahuila.gob.mx\/portalwp-content\/uploads\/2014\/11\/20031po1s8.pdf\">Sesi\u00f3n del D\u00eda 20 de Mayo del 2003<\/a><br \/>\n<a href=\"http:\/\/www.congresocoahuila.gob.mx\/portalwp-content\/uploads\/2014\/11\/20031po1s9.pdf\">Sesi\u00f3n del D\u00eda 27 de Mayo del 2003<\/a><br \/>\n<a href=\"http:\/\/www.congresocoahuila.gob.mx\/portalwp-content\/uploads\/2014\/11\/20031po1s10.pdf\">Sesi\u00f3n del D\u00eda 3 de Junio del 2003<\/a><br \/>\n<a href=\"http:\/\/www.congresocoahuila.gob.mx\/portalwp-content\/uploads\/2014\/11\/20031po1s11.pdf\">Sesi\u00f3n del D\u00eda 10 de Junio del 2003<\/a><br \/>\n<a href=\"http:\/\/www.congresocoahuila.gob.mx\/portalwp-content\/uploads\/2014\/11\/20031po1s12.pdf\">Sesi\u00f3n del D\u00eda 17 de Junio del 2003<\/a><br \/>\n<a href=\"http:\/\/www.congresocoahuila.gob.mx\/portalwp-content\/uploads\/2014\/11\/20031po1s13.pdf\">Sesi\u00f3n del D\u00eda 24 de Junio del 2003<\/a><\/p>\n","protected":false},"excerpt":{"rendered":"<p>PRIMER A\u00d1O DE EJERCICIO CONSTITUCIONAL 2003 PRIMER PER\u00cdODO\u00a0ORDINARIO Sesi\u00f3n del D\u00eda 1 de Abril del 2003 Sesi\u00f3n del D\u00eda 8 de Abril del 2003 Sesi\u00f3n del D\u00eda 14 de Abril del 2003 Sesi\u00f3n del D\u00eda 25 de Abril del 2003 Sesi\u00f3n del D\u00eda 29 de Abril del 2003 Sesi\u00f3n del D\u00eda 7 de Mayo del [&hellip;]<\/p>\n","protected":false},"author":3,"featured_media":0,"parent":0,"menu_order":0,"comment_status":"closed","ping_status":"closed","template":"","meta":{"footnotes":""},"categories":[],"tags":[],"class_list":["post-7120","page","type-page","status-publish","hentry"],"_links":{"self":[{"href":"https:\/\/www.congresocoahuila.gob.mx\/portal\/wp-json\/wp\/v2\/pages\/7120","targetHints":{"allow":["GET"]}}],"collection":[{"href":"https:\/\/www.congresocoahuila.gob.mx\/portal\/wp-json\/wp\/v2\/pages"}],"about":[{"href":"https:\/\/www.congresocoahuila.gob.mx\/portal\/wp-json\/wp\/v2\/types\/page"}],"author":[{"embeddable":true,"href":"https:\/\/www.congresocoahuila.gob.mx\/portal\/wp-json\/wp\/v2\/users\/3"}],"replies":[{"embeddable":true,"href":"https:\/\/www.congresocoahuila.gob.mx\/portal\/wp-json\/wp\/v2\/comments?post=7120"}],"version-history":[{"count":0,"href":"https:\/\/www.congresocoahuila.gob.mx\/portal\/wp-json\/wp\/v2\/pages\/7120\/revisions"}],"wp:attachment":[{"href":"https:\/\/www.congresocoahuila.gob.mx\/portal\/wp-json\/wp\/v2\/media?parent=7120"}],"wp:term":[{"taxonomy":"category","embeddable":true,"href":"https:\/\/www.congresocoahuila.gob.mx\/portal\/wp-json\/wp\/v2\/categories?post=7120"},{"taxonomy":"post_tag","embeddable":true,"href":"https:\/\/www.congresocoahuila.gob.mx\/portal\/wp-json\/wp\/v2\/tags?post=7120"}],"curies":[{"name":"wp","href":"https:\/\/api.w.org\/{rel}","templated":true}]}}