{"id":7167,"date":"2014-12-01T10:00:44","date_gmt":"2014-12-01T16:00:44","guid":{"rendered":"http:\/\/www.congresocoahuila.gob.mx\/portal\/?page_id=7167"},"modified":"2014-12-01T10:00:44","modified_gmt":"2014-12-01T16:00:44","slug":"articulo-21-xxiii-2003-7","status":"publish","type":"page","link":"https:\/\/www.congresocoahuila.gob.mx\/portal\/articulo-21-xxiii-2003-7\/","title":{"rendered":"SEGUNDO PER\u00cdODO ORDINARIO-2003"},"content":{"rendered":"<p><strong>PRIMER A\u00d1O DE EJERCICIO CONSTITUCIONAL 2003<br \/>\nSEGUNDO PER\u00cdODO\u00a0ORDINARIO<\/strong><\/p>\n<p><a href=\"http:\/\/www.congresocoahuila.gob.mx\/portal\/wp-content\/uploads\/2014\/11\/20032po1s1.pdf\">Sesi\u00f3n del D\u00eda 15 de Octubre del 2003<\/a><\/p>\n<p><a href=\"http:\/\/www.congresocoahuila.gob.mx\/portal\/wp-content\/uploads\/2014\/11\/20032po1sol1.pdf\">Sesi\u00f3n Solemne. D\u00eda 15 de Octubre del 2003 Cuarto Informe de Gobierno del C. Lic. Enrique Mart\u00ednez y Mart\u00ednez, Gobernador del Estado de Coahuila de Zaragoza<\/a><\/p>\n<p><a href=\"http:\/\/www.congresocoahuila.gob.mx\/portal\/wp-content\/uploads\/2014\/11\/20032po1s3.pdf\">Sesi\u00f3n del D\u00eda 21 de Octubre del 2003<\/a><br \/>\n<a href=\"http:\/\/www.congresocoahuila.gob.mx\/portal\/wp-content\/uploads\/2014\/11\/20032po1s4.pdf\">Sesi\u00f3n del D\u00eda 27 de Octubre del 2003<\/a><br \/>\n<a href=\"http:\/\/www.congresocoahuila.gob.mx\/portal\/wp-content\/uploads\/2014\/11\/20032po1s5.pdf\">Sesi\u00f3n del D\u00eda 28 de Octubre del 2003<\/a><\/p>\n<p><a href=\"http:\/\/www.congresocoahuila.gob.mx\/portal\/wp-content\/uploads\/2014\/11\/20032po1sol2.pdf\">Sesi\u00f3n Solemne. 29 de Octubre del 2003 \u201c50 Aniversario del Voto de la Mujer en M\u00e9xico\u201d<\/a><\/p>\n<p><a href=\"http:\/\/www.congresocoahuila.gob.mx\/portal\/wp-content\/uploads\/2014\/11\/20032po1s7.pdf\">Sesi\u00f3n del D\u00eda 30 de Octubre del 2003<\/a><br \/>\n<a href=\"http:\/\/www.congresocoahuila.gob.mx\/portal\/wp-content\/uploads\/2014\/11\/20032po1s8.pdf\">Sesi\u00f3n del D\u00eda 31 de Octubre del 2003<\/a><br \/>\n<a href=\"http:\/\/www.congresocoahuila.gob.mx\/portal\/wp-content\/uploads\/2014\/11\/20032po1s9.pdf\">Sesi\u00f3n del D\u00eda 03 de Noviembre del 2003<\/a><br \/>\n<a href=\"http:\/\/www.congresocoahuila.gob.mx\/portal\/wp-content\/uploads\/2014\/11\/20032po1s10.pdf\">Sesi\u00f3n del D\u00eda 04 de Noviembre del 2003<\/a><br \/>\n<a href=\"http:\/\/www.congresocoahuila.gob.mx\/portal\/wp-content\/uploads\/2014\/11\/20032po1s11.pdf\">Sesi\u00f3n del D\u00eda 05 de Noviembre del 2003<\/a><br \/>\n<a href=\"http:\/\/www.congresocoahuila.gob.mx\/portal\/wp-content\/uploads\/2014\/11\/20032po1s12.pdf\">Sesi\u00f3n del D\u00eda 11 de Noviembre del 2003<\/a><br \/>\n<a href=\"http:\/\/www.congresocoahuila.gob.mx\/portal\/wp-content\/uploads\/2014\/11\/20032po1s13.pdf\">Sesi\u00f3n del D\u00eda 18 de Noviembre del 2003<\/a><br \/>\n<a href=\"http:\/\/www.congresocoahuila.gob.mx\/portal\/wp-content\/uploads\/2014\/11\/20032po1s14.pdf\">Sesi\u00f3n del D\u00eda 26 de Noviembre del 2003<\/a><br \/>\n<a href=\"http:\/\/www.congresocoahuila.gob.mx\/portal\/wp-content\/uploads\/2014\/11\/20032po1s15.pdf\">Sesi\u00f3n del D\u00eda 27 de Noviembre del 2003<\/a><br \/>\n<a href=\"http:\/\/www.congresocoahuila.gob.mx\/portal\/wp-content\/uploads\/2014\/11\/20032po1s16.pdf\">Sesi\u00f3n del D\u00eda 03 de Diciembre del 2003<\/a><br \/>\n<a href=\"http:\/\/www.congresocoahuila.gob.mx\/portal\/wp-content\/uploads\/2014\/11\/20032po1s17.pdf\">Sesi\u00f3n del D\u00eda 10 de Diciembre del 2003<\/a><br \/>\n<a href=\"http:\/\/www.congresocoahuila.gob.mx\/portal\/wp-content\/uploads\/2014\/11\/20032po1s18.pdf\">Sesi\u00f3n del D\u00eda 16 de Diciembre del 2003<\/a><br \/>\n<a href=\"http:\/\/www.congresocoahuila.gob.mx\/portal\/wp-content\/uploads\/2014\/11\/20032po1s19.pdf\">Sesi\u00f3n del D\u00eda 17 de Diciembre del 2003<\/a><br \/>\n<a href=\"http:\/\/www.congresocoahuila.gob.mx\/portal\/wp-content\/uploads\/2014\/11\/20032po1s20.pdf\">Sesi\u00f3n del D\u00eda 18 de Diciembre del 2003<\/a><br \/>\n<a href=\"http:\/\/www.congresocoahuila.gob.mx\/portal\/wp-content\/uploads\/2014\/11\/20032po1s21.pdf\">Sesi\u00f3n del D\u00eda 22 de Diciembre del 2003<\/a><br \/>\n<a href=\"http:\/\/www.congresocoahuila.gob.mx\/portal\/wp-content\/uploads\/2014\/11\/20032po1s22.pdf\">Sesi\u00f3n del D\u00eda 29 de Diciembre del 2003<\/a><\/p>\n","protected":false},"excerpt":{"rendered":"<p>PRIMER A\u00d1O DE EJERCICIO CONSTITUCIONAL 2003 SEGUNDO PER\u00cdODO\u00a0ORDINARIO Sesi\u00f3n del D\u00eda 15 de Octubre del 2003 Sesi\u00f3n Solemne. D\u00eda 15 de Octubre del 2003 Cuarto Informe de Gobierno del C. Lic. Enrique Mart\u00ednez y Mart\u00ednez, Gobernador del Estado de Coahuila de Zaragoza Sesi\u00f3n del D\u00eda 21 de Octubre del 2003 Sesi\u00f3n del D\u00eda 27 de [&hellip;]<\/p>\n","protected":false},"author":3,"featured_media":0,"parent":0,"menu_order":0,"comment_status":"closed","ping_status":"closed","template":"","meta":{"footnotes":""},"categories":[],"tags":[],"class_list":["post-7167","page","type-page","status-publish","hentry"],"_links":{"self":[{"href":"https:\/\/www.congresocoahuila.gob.mx\/portal\/wp-json\/wp\/v2\/pages\/7167","targetHints":{"allow":["GET"]}}],"collection":[{"href":"https:\/\/www.congresocoahuila.gob.mx\/portal\/wp-json\/wp\/v2\/pages"}],"about":[{"href":"https:\/\/www.congresocoahuila.gob.mx\/portal\/wp-json\/wp\/v2\/types\/page"}],"author":[{"embeddable":true,"href":"https:\/\/www.congresocoahuila.gob.mx\/portal\/wp-json\/wp\/v2\/users\/3"}],"replies":[{"embeddable":true,"href":"https:\/\/www.congresocoahuila.gob.mx\/portal\/wp-json\/wp\/v2\/comments?post=7167"}],"version-history":[{"count":0,"href":"https:\/\/www.congresocoahuila.gob.mx\/portal\/wp-json\/wp\/v2\/pages\/7167\/revisions"}],"wp:attachment":[{"href":"https:\/\/www.congresocoahuila.gob.mx\/portal\/wp-json\/wp\/v2\/media?parent=7167"}],"wp:term":[{"taxonomy":"category","embeddable":true,"href":"https:\/\/www.congresocoahuila.gob.mx\/portal\/wp-json\/wp\/v2\/categories?post=7167"},{"taxonomy":"post_tag","embeddable":true,"href":"https:\/\/www.congresocoahuila.gob.mx\/portal\/wp-json\/wp\/v2\/tags?post=7167"}],"curies":[{"name":"wp","href":"https:\/\/api.w.org\/{rel}","templated":true}]}}