{"id":7195,"date":"2014-12-01T10:49:24","date_gmt":"2014-12-01T16:49:24","guid":{"rendered":"http:\/\/www.congresocoahuila.gob.mx\/portal\/?page_id=7195"},"modified":"2014-12-01T10:49:24","modified_gmt":"2014-12-01T16:49:24","slug":"articulo-21-xxiii-2004","status":"publish","type":"page","link":"https:\/\/www.congresocoahuila.gob.mx\/portal\/articulo-21-xxiii-2004\/","title":{"rendered":"PRIMER PER\u00cdODO DE RECESO-2004"},"content":{"rendered":"<p><strong>SEGUNDO A\u00d1O DE EJERCICIO CONSTITUCIONAL 2004<br \/>\nPRIMER PER\u00cdODO\u00a0DE RECESO<\/strong><\/p>\n<p><a href=\"http:\/\/www.congresocoahuila.gob.mx\/portal\/wp-content\/uploads\/2014\/11\/20041pr2s1.pdf\">Sesi\u00f3n del D\u00eda 09 de Enero del 2004<\/a><br \/>\n<a href=\"http:\/\/www.congresocoahuila.gob.mx\/portal\/wp-content\/uploads\/2014\/11\/20041pr2s2.pdf\">Sesi\u00f3n del D\u00eda 13 de Enero del 2004<\/a><br \/>\n<a href=\"http:\/\/www.congresocoahuila.gob.mx\/portal\/wp-content\/uploads\/2014\/11\/20041pr2s3.pdf\">Sesi\u00f3n del D\u00eda 20 de Enero del 2004<\/a><br \/>\n<a href=\"http:\/\/www.congresocoahuila.gob.mx\/portal\/wp-content\/uploads\/2014\/11\/20041pr2s4.pdf\">Sesi\u00f3n del D\u00eda 27 de Enero del 2004<\/a><br \/>\n<a href=\"http:\/\/www.congresocoahuila.gob.mx\/portal\/wp-content\/uploads\/2014\/11\/20041pr2s5.pdf\">Sesi\u00f3n del D\u00eda 03 de Febrero del 2004<\/a><br \/>\n<a href=\"http:\/\/www.congresocoahuila.gob.mx\/portal\/wp-content\/uploads\/2014\/11\/20041pr2s6.pdf\">Sesi\u00f3n del D\u00eda 10 de Febrero del 2004<\/a><br \/>\n<a href=\"http:\/\/www.congresocoahuila.gob.mx\/portal\/wp-content\/uploads\/2014\/11\/20041pr2s7.pdf\">Sesi\u00f3n del D\u00eda 18 de Febrero del 2004<\/a><br \/>\n<a href=\"http:\/\/www.congresocoahuila.gob.mx\/portal\/wp-content\/uploads\/2014\/11\/20041pr2s8.pdf\">Sesi\u00f3n del D\u00eda 24 de Febrero del 2004<\/a><br \/>\n<a href=\"http:\/\/www.congresocoahuila.gob.mx\/portal\/wp-content\/uploads\/2014\/11\/20041pr2s9.pdf\">Sesi\u00f3n del D\u00eda 02 de Marzo del 2004<\/a><br \/>\n<a href=\"http:\/\/www.congresocoahuila.gob.mx\/portal\/wp-content\/uploads\/2014\/11\/20041pr2s10.pdf\">Sesi\u00f3n del D\u00eda 09 de Marzo del 2004<\/a><br \/>\n<a href=\"http:\/\/www.congresocoahuila.gob.mx\/portal\/wp-content\/uploads\/2014\/11\/20041pr2s11.pdf\">Sesi\u00f3n del D\u00eda 16 de Marzo del 2004<\/a><br \/>\n<a href=\"http:\/\/www.congresocoahuila.gob.mx\/portal\/wp-content\/uploads\/2014\/11\/20041pr2s12.pdf\">Sesi\u00f3n del D\u00eda 23 de Marzo del 2004<\/a><\/p>\n","protected":false},"excerpt":{"rendered":"<p>SEGUNDO A\u00d1O DE EJERCICIO CONSTITUCIONAL 2004 PRIMER PER\u00cdODO\u00a0DE RECESO Sesi\u00f3n del D\u00eda 09 de Enero del 2004 Sesi\u00f3n del D\u00eda 13 de Enero del 2004 Sesi\u00f3n del D\u00eda 20 de Enero del 2004 Sesi\u00f3n del D\u00eda 27 de Enero del 2004 Sesi\u00f3n del D\u00eda 03 de Febrero del 2004 Sesi\u00f3n del D\u00eda 10 de Febrero [&hellip;]<\/p>\n","protected":false},"author":3,"featured_media":0,"parent":0,"menu_order":0,"comment_status":"closed","ping_status":"closed","template":"","meta":{"footnotes":""},"categories":[],"tags":[],"class_list":["post-7195","page","type-page","status-publish","hentry"],"_links":{"self":[{"href":"https:\/\/www.congresocoahuila.gob.mx\/portal\/wp-json\/wp\/v2\/pages\/7195","targetHints":{"allow":["GET"]}}],"collection":[{"href":"https:\/\/www.congresocoahuila.gob.mx\/portal\/wp-json\/wp\/v2\/pages"}],"about":[{"href":"https:\/\/www.congresocoahuila.gob.mx\/portal\/wp-json\/wp\/v2\/types\/page"}],"author":[{"embeddable":true,"href":"https:\/\/www.congresocoahuila.gob.mx\/portal\/wp-json\/wp\/v2\/users\/3"}],"replies":[{"embeddable":true,"href":"https:\/\/www.congresocoahuila.gob.mx\/portal\/wp-json\/wp\/v2\/comments?post=7195"}],"version-history":[{"count":0,"href":"https:\/\/www.congresocoahuila.gob.mx\/portal\/wp-json\/wp\/v2\/pages\/7195\/revisions"}],"wp:attachment":[{"href":"https:\/\/www.congresocoahuila.gob.mx\/portal\/wp-json\/wp\/v2\/media?parent=7195"}],"wp:term":[{"taxonomy":"category","embeddable":true,"href":"https:\/\/www.congresocoahuila.gob.mx\/portal\/wp-json\/wp\/v2\/categories?post=7195"},{"taxonomy":"post_tag","embeddable":true,"href":"https:\/\/www.congresocoahuila.gob.mx\/portal\/wp-json\/wp\/v2\/tags?post=7195"}],"curies":[{"name":"wp","href":"https:\/\/api.w.org\/{rel}","templated":true}]}}