{"id":7205,"date":"2014-12-01T10:58:29","date_gmt":"2014-12-01T16:58:29","guid":{"rendered":"http:\/\/www.congresocoahuila.gob.mx\/portal\/?page_id=7205"},"modified":"2014-12-01T10:58:29","modified_gmt":"2014-12-01T16:58:29","slug":"articulo-21-xxiii-2004-2","status":"publish","type":"page","link":"https:\/\/www.congresocoahuila.gob.mx\/portal\/articulo-21-xxiii-2004-2\/","title":{"rendered":"PRIMER PER\u00cdODO EXTRAORDINARIO-2004"},"content":{"rendered":"<p><strong>SEGUNDO A\u00d1O DE EJERCICIO CONSTITUCIONAL 2004<br \/>\nPRIMER PER\u00cdODO\u00a0EXTRAORDINARIO<\/strong><\/p>\n<p><a href=\"http:\/\/www.congresocoahuila.gob.mx\/portal\/wp-content\/uploads\/2014\/11\/20041pe2s1.pdf\">Sesi\u00f3n del D\u00eda 13 de Enero del 2004<\/a><br \/>\n<a href=\"http:\/\/www.congresocoahuila.gob.mx\/portal\/wp-content\/uploads\/2014\/11\/20041pe2s2.pdf\">Sesi\u00f3n del D\u00eda 26 de Enero del 2004<\/a><br \/>\n<a href=\"http:\/\/www.congresocoahuila.gob.mx\/portal\/wp-content\/uploads\/2014\/11\/20041pe2s3.pdf\">Sesi\u00f3n del D\u00eda 27 de Enero del 2004<\/a><br \/>\n<a href=\"http:\/\/www.congresocoahuila.gob.mx\/portal\/wp-content\/uploads\/2014\/11\/20041pe2s4.pdf\">Sesi\u00f3n del D\u00eda 03 de Febrero del 2004<\/a><br \/>\n<a href=\"http:\/\/www.congresocoahuila.gob.mx\/portal\/wp-content\/uploads\/2014\/11\/20041pe2s5.pdf\">Sesi\u00f3n del D\u00eda 10 de Febrero del 2004<\/a><br \/>\n<a href=\"http:\/\/www.congresocoahuila.gob.mx\/portal\/wp-content\/uploads\/2014\/11\/20041pe2s6.pdf\">Sesi\u00f3n del D\u00eda 18 de Febrero del 2004<\/a><\/p>\n<p><a href=\"http:\/\/www.congresocoahuila.gob.mx\/portal\/wp-content\/uploads\/2014\/11\/20041pe2ssol.pdf\">Sesi\u00f3n Solemne, 19 de Febrero del 2004 \u00abD\u00eda del Ej\u00e9rcito\u00bb<\/a><\/p>\n<p><a href=\"http:\/\/www.congresocoahuila.gob.mx\/portal\/wp-content\/uploads\/2014\/11\/20041pe2s8.pdf\">Sesi\u00f3n del D\u00eda 09 de Marzo del 2004<\/a><br \/>\n<a href=\"http:\/\/www.congresocoahuila.gob.mx\/portal\/wp-content\/uploads\/2014\/11\/20041pe2s9.pdf\">Sesi\u00f3n del D\u00eda 16 de Marzo del 2004<\/a><\/p>\n","protected":false},"excerpt":{"rendered":"<p>SEGUNDO A\u00d1O DE EJERCICIO CONSTITUCIONAL 2004 PRIMER PER\u00cdODO\u00a0EXTRAORDINARIO Sesi\u00f3n del D\u00eda 13 de Enero del 2004 Sesi\u00f3n del D\u00eda 26 de Enero del 2004 Sesi\u00f3n del D\u00eda 27 de Enero del 2004 Sesi\u00f3n del D\u00eda 03 de Febrero del 2004 Sesi\u00f3n del D\u00eda 10 de Febrero del 2004 Sesi\u00f3n del D\u00eda 18 de Febrero del [&hellip;]<\/p>\n","protected":false},"author":3,"featured_media":0,"parent":0,"menu_order":0,"comment_status":"closed","ping_status":"closed","template":"","meta":{"footnotes":""},"categories":[],"tags":[],"class_list":["post-7205","page","type-page","status-publish","hentry"],"_links":{"self":[{"href":"https:\/\/www.congresocoahuila.gob.mx\/portal\/wp-json\/wp\/v2\/pages\/7205","targetHints":{"allow":["GET"]}}],"collection":[{"href":"https:\/\/www.congresocoahuila.gob.mx\/portal\/wp-json\/wp\/v2\/pages"}],"about":[{"href":"https:\/\/www.congresocoahuila.gob.mx\/portal\/wp-json\/wp\/v2\/types\/page"}],"author":[{"embeddable":true,"href":"https:\/\/www.congresocoahuila.gob.mx\/portal\/wp-json\/wp\/v2\/users\/3"}],"replies":[{"embeddable":true,"href":"https:\/\/www.congresocoahuila.gob.mx\/portal\/wp-json\/wp\/v2\/comments?post=7205"}],"version-history":[{"count":0,"href":"https:\/\/www.congresocoahuila.gob.mx\/portal\/wp-json\/wp\/v2\/pages\/7205\/revisions"}],"wp:attachment":[{"href":"https:\/\/www.congresocoahuila.gob.mx\/portal\/wp-json\/wp\/v2\/media?parent=7205"}],"wp:term":[{"taxonomy":"category","embeddable":true,"href":"https:\/\/www.congresocoahuila.gob.mx\/portal\/wp-json\/wp\/v2\/categories?post=7205"},{"taxonomy":"post_tag","embeddable":true,"href":"https:\/\/www.congresocoahuila.gob.mx\/portal\/wp-json\/wp\/v2\/tags?post=7205"}],"curies":[{"name":"wp","href":"https:\/\/api.w.org\/{rel}","templated":true}]}}