{"id":7226,"date":"2014-12-01T11:08:46","date_gmt":"2014-12-01T17:08:46","guid":{"rendered":"http:\/\/www.congresocoahuila.gob.mx\/portal\/?page_id=7226"},"modified":"2014-12-01T11:08:46","modified_gmt":"2014-12-01T17:08:46","slug":"articulo-21-xxiii-2004-3","status":"publish","type":"page","link":"https:\/\/www.congresocoahuila.gob.mx\/portal\/articulo-21-xxiii-2004-3\/","title":{"rendered":"PRIMER PER\u00cdODO ORDINARIO-2004"},"content":{"rendered":"<p><strong>SEGUNDO A\u00d1O DE EJERCICIO CONSTITUCIONAL 2004<br \/>\nPRIMER PER\u00cdODO\u00a0ORDINARIO<\/strong><\/p>\n<p><a href=\"http:\/\/www.congresocoahuila.gob.mx\/portal\/wp-content\/uploads\/2014\/11\/20041po2s1.pdf\">Sesi\u00f3n del D\u00eda 01 de Abril del 2004<\/a><br \/>\n<a href=\"http:\/\/www.congresocoahuila.gob.mx\/portal\/wp-content\/uploads\/2014\/11\/20041po2s2.pdf\">Sesi\u00f3n del D\u00eda 05 de Abril del 2004<\/a><br \/>\n<a href=\"http:\/\/www.congresocoahuila.gob.mx\/portal\/wp-content\/uploads\/2014\/11\/20041po2s3.pdf\">Sesi\u00f3n del D\u00eda 16 de Abril del 2004<\/a><br \/>\n<a href=\"http:\/\/www.congresocoahuila.gob.mx\/portal\/wp-content\/uploads\/2014\/11\/20041po2s4.pdf\">Sesi\u00f3n del D\u00eda 20 de Abril del 2004<\/a><br \/>\n<a href=\"http:\/\/www.congresocoahuila.gob.mx\/portal\/wp-content\/uploads\/2014\/11\/20041po2s5.pdf\">Sesi\u00f3n del D\u00eda 27 de Abril del 2004<\/a><br \/>\n<a href=\"http:\/\/www.congresocoahuila.gob.mx\/portal\/wp-content\/uploads\/2014\/11\/20041po2s6.pdf\">Sesi\u00f3n del D\u00eda 04 de Mayo del 2004<\/a><br \/>\n<a href=\"http:\/\/www.congresocoahuila.gob.mx\/portal\/wp-content\/uploads\/2014\/11\/20041po2s7.pdf\">Sesi\u00f3n del D\u00eda 12 de Mayo del 2004<\/a><br \/>\n<a href=\"http:\/\/www.congresocoahuila.gob.mx\/portal\/wp-content\/uploads\/2014\/11\/20041po2s8.pdf\">Sesi\u00f3n del D\u00eda 18 de Mayo del 2004<\/a><br \/>\n<a href=\"http:\/\/www.congresocoahuila.gob.mx\/portal\/wp-content\/uploads\/2014\/11\/20041po2s9.pdf\">Sesi\u00f3n del D\u00eda 25 de Mayo del 2004<\/a><br \/>\n<a href=\"http:\/\/www.congresocoahuila.gob.mx\/portal\/wp-content\/uploads\/2014\/11\/20041po2s10.pdf\">Sesi\u00f3n del D\u00eda 01 de Junio del 2004<\/a><br \/>\n<a href=\"http:\/\/www.congresocoahuila.gob.mx\/portal\/wp-content\/uploads\/2014\/11\/20041po2s11.pdf\">Sesi\u00f3n del D\u00eda 08 de Junio del 2004<\/a><br \/>\n<a href=\"http:\/\/www.congresocoahuila.gob.mx\/portal\/wp-content\/uploads\/2014\/11\/20041po2s12.pdf\">Sesi\u00f3n del D\u00eda 15 de Junio del 2004<\/a><br \/>\n<a href=\"http:\/\/www.congresocoahuila.gob.mx\/portal\/wp-content\/uploads\/2014\/11\/20041po2s13.pdf\">Sesi\u00f3n del D\u00eda 22 de Junio del 2004<\/a><br \/>\n<a href=\"http:\/\/www.congresocoahuila.gob.mx\/portal\/wp-content\/uploads\/2014\/11\/20041po2s14.pdf\">Sesi\u00f3n del D\u00eda 24 de Junio del 2004<\/a><br \/>\n<a href=\"http:\/\/www.congresocoahuila.gob.mx\/portal\/wp-content\/uploads\/2014\/11\/20041po2s15.pdf\">Sesi\u00f3n del D\u00eda 29 de Junio del 2004<\/a><\/p>\n","protected":false},"excerpt":{"rendered":"<p>SEGUNDO A\u00d1O DE EJERCICIO CONSTITUCIONAL 2004 PRIMER PER\u00cdODO\u00a0ORDINARIO Sesi\u00f3n del D\u00eda 01 de Abril del 2004 Sesi\u00f3n del D\u00eda 05 de Abril del 2004 Sesi\u00f3n del D\u00eda 16 de Abril del 2004 Sesi\u00f3n del D\u00eda 20 de Abril del 2004 Sesi\u00f3n del D\u00eda 27 de Abril del 2004 Sesi\u00f3n del D\u00eda 04 de Mayo del [&hellip;]<\/p>\n","protected":false},"author":3,"featured_media":0,"parent":0,"menu_order":0,"comment_status":"closed","ping_status":"closed","template":"","meta":{"footnotes":""},"categories":[],"tags":[],"class_list":["post-7226","page","type-page","status-publish","hentry"],"_links":{"self":[{"href":"https:\/\/www.congresocoahuila.gob.mx\/portal\/wp-json\/wp\/v2\/pages\/7226","targetHints":{"allow":["GET"]}}],"collection":[{"href":"https:\/\/www.congresocoahuila.gob.mx\/portal\/wp-json\/wp\/v2\/pages"}],"about":[{"href":"https:\/\/www.congresocoahuila.gob.mx\/portal\/wp-json\/wp\/v2\/types\/page"}],"author":[{"embeddable":true,"href":"https:\/\/www.congresocoahuila.gob.mx\/portal\/wp-json\/wp\/v2\/users\/3"}],"replies":[{"embeddable":true,"href":"https:\/\/www.congresocoahuila.gob.mx\/portal\/wp-json\/wp\/v2\/comments?post=7226"}],"version-history":[{"count":0,"href":"https:\/\/www.congresocoahuila.gob.mx\/portal\/wp-json\/wp\/v2\/pages\/7226\/revisions"}],"wp:attachment":[{"href":"https:\/\/www.congresocoahuila.gob.mx\/portal\/wp-json\/wp\/v2\/media?parent=7226"}],"wp:term":[{"taxonomy":"category","embeddable":true,"href":"https:\/\/www.congresocoahuila.gob.mx\/portal\/wp-json\/wp\/v2\/categories?post=7226"},{"taxonomy":"post_tag","embeddable":true,"href":"https:\/\/www.congresocoahuila.gob.mx\/portal\/wp-json\/wp\/v2\/tags?post=7226"}],"curies":[{"name":"wp","href":"https:\/\/api.w.org\/{rel}","templated":true}]}}