{"id":7232,"date":"2014-12-01T11:12:20","date_gmt":"2014-12-01T17:12:20","guid":{"rendered":"http:\/\/www.congresocoahuila.gob.mx\/portal\/?page_id=7232"},"modified":"2014-12-01T11:12:20","modified_gmt":"2014-12-01T17:12:20","slug":"articulo-21-xxiii-2004-4","status":"publish","type":"page","link":"https:\/\/www.congresocoahuila.gob.mx\/portal\/articulo-21-xxiii-2004-4\/","title":{"rendered":"SEGUNDO PER\u00cdODO DE RECESO-2004"},"content":{"rendered":"<p><strong>SEGUNDO A\u00d1O DE EJERCICIO CONSTITUCIONAL 2004<br \/>\nSEGUNDO PER\u00cdODO\u00a0DE RECESO<\/strong><\/p>\n<p><a href=\"http:\/\/www.congresocoahuila.gob.mx\/portal\/wp-content\/uploads\/2014\/11\/20042pr2s1.pdf\">Sesi\u00f3n del D\u00eda 06 de Julio del 2004<\/a><br \/>\n<a href=\"http:\/\/www.congresocoahuila.gob.mx\/portal\/wp-content\/uploads\/2014\/11\/20042pr2s2.pdf\">Sesi\u00f3n del D\u00eda 13 de Julio del 2004<\/a><br \/>\n<a href=\"http:\/\/www.congresocoahuila.gob.mx\/portal\/wp-content\/uploads\/2014\/11\/20042pr2s3.pdf\">Sesi\u00f3n del D\u00eda 19 de Julio del 2004<\/a><br \/>\n<a href=\"http:\/\/www.congresocoahuila.gob.mx\/portal\/wp-content\/uploads\/2014\/11\/20042pr2s4.pdf\">Sesi\u00f3n del D\u00eda 30 de Julio del 2004<\/a><br \/>\n<a href=\"http:\/\/www.congresocoahuila.gob.mx\/portal\/wp-content\/uploads\/2014\/11\/20042pr2s5.pdf\">Sesi\u00f3n del D\u00eda 03 de Agosto del 2004<\/a><br \/>\n<a href=\"http:\/\/www.congresocoahuila.gob.mx\/portal\/wp-content\/uploads\/2014\/11\/20042pr2s6.pdf\">Sesi\u00f3n del D\u00eda 10 de Agosto del 2004<\/a><br \/>\n<a href=\"http:\/\/www.congresocoahuila.gob.mx\/portal\/wp-content\/uploads\/2014\/11\/20042pr2s7.pdf\">Sesi\u00f3n del D\u00eda 17 de Agosto del 2004<\/a><br \/>\n<a href=\"http:\/\/www.congresocoahuila.gob.mx\/portal\/wp-content\/uploads\/2014\/11\/20042pr2s8.pdf\">Sesi\u00f3n del D\u00eda 24 de Agosto del 2004<\/a><br \/>\n<a href=\"http:\/\/www.congresocoahuila.gob.mx\/portal\/wp-content\/uploads\/2014\/11\/20042pr2s9.pdf\">Sesi\u00f3n del D\u00eda 31 de Agosto del 2004<\/a><br \/>\n<a href=\"http:\/\/www.congresocoahuila.gob.mx\/portal\/wp-content\/uploads\/2014\/11\/20042pr2s10.pdf\">Sesi\u00f3n del D\u00eda 07 de Septiembre del 2004<\/a><br \/>\n<a href=\"http:\/\/www.congresocoahuila.gob.mx\/portal\/wp-content\/uploads\/2014\/11\/20042pr2s11.pdf\">Sesi\u00f3n del D\u00eda 14 de Septiembre del 2004<\/a><br \/>\n<a href=\"http:\/\/www.congresocoahuila.gob.mx\/portal\/wp-content\/uploads\/2014\/11\/20042pr2s12.pdf\">Sesi\u00f3n del D\u00eda 21 de Septiembre del 2004<\/a><br \/>\n<a href=\"http:\/\/www.congresocoahuila.gob.mx\/portal\/wp-content\/uploads\/2014\/11\/20042pr2s13.pdf\">Sesi\u00f3n del D\u00eda 28 de Septiembre del 2004<\/a><br \/>\n<a href=\"http:\/\/www.congresocoahuila.gob.mx\/portal\/wp-content\/uploads\/2014\/11\/20042pr2s14.pdf\">Sesi\u00f3n del D\u00eda 05 de Octubre del 2004<\/a><\/p>\n","protected":false},"excerpt":{"rendered":"<p>SEGUNDO A\u00d1O DE EJERCICIO CONSTITUCIONAL 2004 SEGUNDO PER\u00cdODO\u00a0DE RECESO Sesi\u00f3n del D\u00eda 06 de Julio del 2004 Sesi\u00f3n del D\u00eda 13 de Julio del 2004 Sesi\u00f3n del D\u00eda 19 de Julio del 2004 Sesi\u00f3n del D\u00eda 30 de Julio del 2004 Sesi\u00f3n del D\u00eda 03 de Agosto del 2004 Sesi\u00f3n del D\u00eda 10 de Agosto [&hellip;]<\/p>\n","protected":false},"author":3,"featured_media":0,"parent":0,"menu_order":0,"comment_status":"closed","ping_status":"closed","template":"","meta":{"footnotes":""},"categories":[],"tags":[],"class_list":["post-7232","page","type-page","status-publish","hentry"],"_links":{"self":[{"href":"https:\/\/www.congresocoahuila.gob.mx\/portal\/wp-json\/wp\/v2\/pages\/7232","targetHints":{"allow":["GET"]}}],"collection":[{"href":"https:\/\/www.congresocoahuila.gob.mx\/portal\/wp-json\/wp\/v2\/pages"}],"about":[{"href":"https:\/\/www.congresocoahuila.gob.mx\/portal\/wp-json\/wp\/v2\/types\/page"}],"author":[{"embeddable":true,"href":"https:\/\/www.congresocoahuila.gob.mx\/portal\/wp-json\/wp\/v2\/users\/3"}],"replies":[{"embeddable":true,"href":"https:\/\/www.congresocoahuila.gob.mx\/portal\/wp-json\/wp\/v2\/comments?post=7232"}],"version-history":[{"count":0,"href":"https:\/\/www.congresocoahuila.gob.mx\/portal\/wp-json\/wp\/v2\/pages\/7232\/revisions"}],"wp:attachment":[{"href":"https:\/\/www.congresocoahuila.gob.mx\/portal\/wp-json\/wp\/v2\/media?parent=7232"}],"wp:term":[{"taxonomy":"category","embeddable":true,"href":"https:\/\/www.congresocoahuila.gob.mx\/portal\/wp-json\/wp\/v2\/categories?post=7232"},{"taxonomy":"post_tag","embeddable":true,"href":"https:\/\/www.congresocoahuila.gob.mx\/portal\/wp-json\/wp\/v2\/tags?post=7232"}],"curies":[{"name":"wp","href":"https:\/\/api.w.org\/{rel}","templated":true}]}}