{"id":7272,"date":"2014-12-01T11:28:36","date_gmt":"2014-12-01T17:28:36","guid":{"rendered":"http:\/\/www.congresocoahuila.gob.mx\/portal\/?page_id=7272"},"modified":"2016-10-18T11:45:22","modified_gmt":"2016-10-18T16:45:22","slug":"articulo-21-xxiii-2004-6","status":"publish","type":"page","link":"https:\/\/www.congresocoahuila.gob.mx\/portal\/articulo-21-xxiii-2004-6\/","title":{"rendered":"SEGUNDO PER\u00cdODO ORDINARIO-2004"},"content":{"rendered":"<p><strong>SEGUNDO A\u00d1O DE EJERCICIO CONSTITUCIONAL 2004<br \/>\nSEGUNDO PER\u00cdODO\u00a0ORDINARIO<\/strong><\/p>\n<p><a href=\"http:\/\/www.congresocoahuila.gob.mx\/portal\/wp-content\/uploads\/2014\/11\/20042po2ssol1.pdf\">Sesi\u00f3n Solemne. 15 de Octubre del 2004 Quinto Informe de Gobierno del C. Lic. Enrique Mart\u00ednez y Mart\u00ednez, Gobernador del Estado de Coahuila de Zaragoza<\/a><\/p>\n<p><a href=\"http:\/\/congresocoahuila.gob.mx\/portal\/wp-content\/uploads\/2014\/12\/20042po2s2.pdf\">Sesi\u00f3n del D\u00eda 21 de Octubre del 2004<\/a><br \/>\n<a href=\"http:\/\/www.congresocoahuila.gob.mx\/portal\/wp-content\/uploads\/2014\/11\/20042po2s3.pdf\">Sesi\u00f3n del D\u00eda 26 de Octubre del 2004<\/a><\/p>\n<p><a href=\"http:\/\/www.congresocoahuila.gob.mx\/portal\/wp-content\/uploads\/2014\/11\/20042po2ssol2.pdf\">Sesi\u00f3n Solemne, 27 de Octubre del 2004 Entrega de las Preseas \u201cGuadalupe Gonz\u00e1lez Ortiz\u201d y \u201cDorotea de la Fuente Flores\u201d<\/a><\/p>\n<p><a href=\"http:\/\/www.congresocoahuila.gob.mx\/portal\/wp-content\/uploads\/2014\/11\/20042po2s4.pdf\">Sesi\u00f3n del D\u00eda 04 de Noviembre del 2004<\/a><br \/>\n<a href=\"http:\/\/www.congresocoahuila.gob.mx\/portal\/wp-content\/uploads\/2014\/11\/20042po2s5.pdf\">Sesi\u00f3n del D\u00eda 09 de Noviembre del 2004<\/a><br \/>\n<a href=\"http:\/\/www.congresocoahuila.gob.mx\/portal\/wp-content\/uploads\/2014\/11\/20042po2s6.pdf\">Sesi\u00f3n del D\u00eda 10 de Noviembre del 2004<\/a><br \/>\n<a href=\"http:\/\/www.congresocoahuila.gob.mx\/portal\/wp-content\/uploads\/2014\/11\/20042po2s7.pdf\">Sesi\u00f3n del D\u00eda 16 de Noviembre del 2004<\/a><br \/>\n<a href=\"http:\/\/www.congresocoahuila.gob.mx\/portal\/wp-content\/uploads\/2014\/11\/20042po2s8.pdf\">Sesi\u00f3n del D\u00eda 23 de Noviembre del 2004<\/a><br \/>\n<a href=\"http:\/\/www.congresocoahuila.gob.mx\/portal\/wp-content\/uploads\/2014\/11\/20042po2s9.pdf\">Sesi\u00f3n del D\u00eda 30 de Noviembre del 2004<\/a><br \/>\n<a href=\"http:\/\/www.congresocoahuila.gob.mx\/portal\/wp-content\/uploads\/2014\/11\/20042po2s10.pdf\">Sesi\u00f3n del D\u00eda 07 de Diciembre del 2004<\/a><br \/>\n<a href=\"http:\/\/www.congresocoahuila.gob.mx\/portal\/wp-content\/uploads\/2014\/11\/20042po2s11.pdf\">Sesi\u00f3n del D\u00eda 14 de Diciembre del 2004<\/a><br \/>\n<a href=\"http:\/\/www.congresocoahuila.gob.mx\/portal\/wp-content\/uploads\/2014\/11\/20042po2s12.pdf\">Sesi\u00f3n del D\u00eda 20 de Diciembre del 2004<\/a><br \/>\n<a href=\"http:\/\/www.congresocoahuila.gob.mx\/portal\/wp-content\/uploads\/2014\/11\/20042po2s13.pdf\">Sesi\u00f3n del D\u00eda 28 de Diciembre del 2004<\/a><\/p>\n","protected":false},"excerpt":{"rendered":"<p>SEGUNDO A\u00d1O DE EJERCICIO CONSTITUCIONAL 2004 SEGUNDO PER\u00cdODO\u00a0ORDINARIO Sesi\u00f3n Solemne. 15 de Octubre del 2004 Quinto Informe de Gobierno del C. Lic. Enrique Mart\u00ednez y Mart\u00ednez, Gobernador del Estado de Coahuila de Zaragoza Sesi\u00f3n del D\u00eda 21 de Octubre del 2004 Sesi\u00f3n del D\u00eda 26 de Octubre del 2004 Sesi\u00f3n Solemne, 27 de Octubre del [&hellip;]<\/p>\n","protected":false},"author":3,"featured_media":0,"parent":0,"menu_order":0,"comment_status":"closed","ping_status":"closed","template":"","meta":{"footnotes":""},"categories":[],"tags":[],"class_list":["post-7272","page","type-page","status-publish","hentry"],"_links":{"self":[{"href":"https:\/\/www.congresocoahuila.gob.mx\/portal\/wp-json\/wp\/v2\/pages\/7272","targetHints":{"allow":["GET"]}}],"collection":[{"href":"https:\/\/www.congresocoahuila.gob.mx\/portal\/wp-json\/wp\/v2\/pages"}],"about":[{"href":"https:\/\/www.congresocoahuila.gob.mx\/portal\/wp-json\/wp\/v2\/types\/page"}],"author":[{"embeddable":true,"href":"https:\/\/www.congresocoahuila.gob.mx\/portal\/wp-json\/wp\/v2\/users\/3"}],"replies":[{"embeddable":true,"href":"https:\/\/www.congresocoahuila.gob.mx\/portal\/wp-json\/wp\/v2\/comments?post=7272"}],"version-history":[{"count":2,"href":"https:\/\/www.congresocoahuila.gob.mx\/portal\/wp-json\/wp\/v2\/pages\/7272\/revisions"}],"predecessor-version":[{"id":22629,"href":"https:\/\/www.congresocoahuila.gob.mx\/portal\/wp-json\/wp\/v2\/pages\/7272\/revisions\/22629"}],"wp:attachment":[{"href":"https:\/\/www.congresocoahuila.gob.mx\/portal\/wp-json\/wp\/v2\/media?parent=7272"}],"wp:term":[{"taxonomy":"category","embeddable":true,"href":"https:\/\/www.congresocoahuila.gob.mx\/portal\/wp-json\/wp\/v2\/categories?post=7272"},{"taxonomy":"post_tag","embeddable":true,"href":"https:\/\/www.congresocoahuila.gob.mx\/portal\/wp-json\/wp\/v2\/tags?post=7272"}],"curies":[{"name":"wp","href":"https:\/\/api.w.org\/{rel}","templated":true}]}}