{"id":7320,"date":"2014-12-01T12:07:03","date_gmt":"2014-12-01T18:07:03","guid":{"rendered":"http:\/\/www.congresocoahuila.gob.mx\/portal\/?page_id=7320"},"modified":"2014-12-01T12:07:03","modified_gmt":"2014-12-01T18:07:03","slug":"articulo-21-xxiii-2005-4","status":"publish","type":"page","link":"https:\/\/www.congresocoahuila.gob.mx\/portal\/articulo-21-xxiii-2005-4\/","title":{"rendered":"SEGUNDO PER\u00cdODO DE RECESO-2005"},"content":{"rendered":"<p><strong>TERCER A\u00d1O DE EJERCICIO CONSTITUCIONAL 2005<br \/>\nSEGUNDO PER\u00cdODO\u00a0DE RECESO<\/strong><\/p>\n<p><a href=\"http:\/\/www.congresocoahuila.gob.mx\/portal\/wp-content\/uploads\/2014\/11\/20052pr3s1.pdf\">Sesi\u00f3n del D\u00eda 05 de Julio del 2005<\/a><br \/>\n<a href=\"http:\/\/www.congresocoahuila.gob.mx\/portal\/wp-content\/uploads\/2014\/11\/20052pr3s2.pdf\">Sesi\u00f3n del D\u00eda 12 de Julio del 2005<\/a><br \/>\n<a href=\"http:\/\/www.congresocoahuila.gob.mx\/portal\/wp-content\/uploads\/2014\/11\/20052pr3s3.pdf\">Sesi\u00f3n del D\u00eda 18 de Julio del 2005<\/a><br \/>\n<a href=\"http:\/\/www.congresocoahuila.gob.mx\/portal\/wp-content\/uploads\/2014\/11\/20052pr3s4.pdf\">Sesi\u00f3n del D\u00eda 26 de Julio del 2005<\/a><br \/>\n<a href=\"http:\/\/www.congresocoahuila.gob.mx\/portal\/wp-content\/uploads\/2014\/11\/20052pr3s5.pdf\">Sesi\u00f3n del D\u00eda 02 de Agosto del 2005<\/a><br \/>\n<a href=\"http:\/\/www.congresocoahuila.gob.mx\/portal\/wp-content\/uploads\/2014\/11\/20052pr3s6.pdf\">Sesi\u00f3n del D\u00eda 09 de Agosto del 2005<\/a><br \/>\n<a href=\"http:\/\/www.congresocoahuila.gob.mx\/portal\/wp-content\/uploads\/2014\/11\/20052pr3s7.pdf\">Sesi\u00f3n del D\u00eda 16 de Agosto del 2005<\/a><br \/>\n<a href=\"http:\/\/www.congresocoahuila.gob.mx\/portal\/wp-content\/uploads\/2014\/11\/20052pr3s8.pdf\">Sesi\u00f3n del D\u00eda 23 de Agosto del 2005<\/a><br \/>\n<a href=\"http:\/\/www.congresocoahuila.gob.mx\/portal\/wp-content\/uploads\/2014\/11\/20052pr3s9.pdf\">Sesi\u00f3n del D\u00eda 30 de Agosto del 2005<\/a><br \/>\n<a href=\"http:\/\/www.congresocoahuila.gob.mx\/portal\/wp-content\/uploads\/2014\/11\/20052pr3s10.pdf\">Sesi\u00f3n del D\u00eda 06 de Septiembre del 2005<\/a><br \/>\n<a href=\"http:\/\/www.congresocoahuila.gob.mx\/portal\/wp-content\/uploads\/2014\/11\/20052pr3s11.pdf\">Sesi\u00f3n del D\u00eda 13 de Septiembre del 2005<\/a><br \/>\n<a href=\"http:\/\/www.congresocoahuila.gob.mx\/portal\/wp-content\/uploads\/2014\/11\/20052pr3s12.pdf\">Sesi\u00f3n del D\u00eda 20 de Septiembre del 2005<\/a><\/p>\n","protected":false},"excerpt":{"rendered":"<p>TERCER A\u00d1O DE EJERCICIO CONSTITUCIONAL 2005 SEGUNDO PER\u00cdODO\u00a0DE RECESO Sesi\u00f3n del D\u00eda 05 de Julio del 2005 Sesi\u00f3n del D\u00eda 12 de Julio del 2005 Sesi\u00f3n del D\u00eda 18 de Julio del 2005 Sesi\u00f3n del D\u00eda 26 de Julio del 2005 Sesi\u00f3n del D\u00eda 02 de Agosto del 2005 Sesi\u00f3n del D\u00eda 09 de Agosto [&hellip;]<\/p>\n","protected":false},"author":3,"featured_media":0,"parent":0,"menu_order":0,"comment_status":"closed","ping_status":"closed","template":"","meta":{"footnotes":""},"categories":[],"tags":[],"class_list":["post-7320","page","type-page","status-publish","hentry"],"_links":{"self":[{"href":"https:\/\/www.congresocoahuila.gob.mx\/portal\/wp-json\/wp\/v2\/pages\/7320","targetHints":{"allow":["GET"]}}],"collection":[{"href":"https:\/\/www.congresocoahuila.gob.mx\/portal\/wp-json\/wp\/v2\/pages"}],"about":[{"href":"https:\/\/www.congresocoahuila.gob.mx\/portal\/wp-json\/wp\/v2\/types\/page"}],"author":[{"embeddable":true,"href":"https:\/\/www.congresocoahuila.gob.mx\/portal\/wp-json\/wp\/v2\/users\/3"}],"replies":[{"embeddable":true,"href":"https:\/\/www.congresocoahuila.gob.mx\/portal\/wp-json\/wp\/v2\/comments?post=7320"}],"version-history":[{"count":0,"href":"https:\/\/www.congresocoahuila.gob.mx\/portal\/wp-json\/wp\/v2\/pages\/7320\/revisions"}],"wp:attachment":[{"href":"https:\/\/www.congresocoahuila.gob.mx\/portal\/wp-json\/wp\/v2\/media?parent=7320"}],"wp:term":[{"taxonomy":"category","embeddable":true,"href":"https:\/\/www.congresocoahuila.gob.mx\/portal\/wp-json\/wp\/v2\/categories?post=7320"},{"taxonomy":"post_tag","embeddable":true,"href":"https:\/\/www.congresocoahuila.gob.mx\/portal\/wp-json\/wp\/v2\/tags?post=7320"}],"curies":[{"name":"wp","href":"https:\/\/api.w.org\/{rel}","templated":true}]}}