{"id":9203,"date":"2014-12-03T15:36:38","date_gmt":"2014-12-03T21:36:38","guid":{"rendered":"http:\/\/www.congresocoahuila.gob.mx\/portal\/?page_id=9203"},"modified":"2015-02-03T18:26:48","modified_gmt":"2015-02-03T18:26:48","slug":"articulo-21-xxiv-2014","status":"publish","type":"page","link":"https:\/\/www.congresocoahuila.gob.mx\/portal\/articulo-21-xxiv-2014\/","title":{"rendered":"ART\u00cdCULO 21- XXIV-2014"},"content":{"rendered":"<p><strong>REPORTE MENSUAL DE SOLICITUDES DE ACCESO A LA INFORMACI\u00d3N Y RECURSOS DE REVISI\u00d3N: <\/strong><\/p>\n<p><strong>2014<\/strong><br \/>\n<a href=\"http:\/\/www.congresocoahuila.gob.mx\/portal\/wp-content\/uploads\/2014\/12\/2014_ENERO.pdf\">ENERO<\/a><br \/>\n<a href=\"http:\/\/www.congresocoahuila.gob.mx\/portal\/wp-content\/uploads\/2014\/12\/2014_FEBRERO.pdf\">FEBRERO<\/a><br \/>\n<a href=\"http:\/\/www.congresocoahuila.gob.mx\/portal\/wp-content\/uploads\/2014\/12\/2014-MARZO.pdf\">MARZO <\/a><br \/>\n<a href=\"http:\/\/www.congresocoahuila.gob.mx\/portal\/wp-content\/uploads\/2014\/12\/2014-ABRL.pdf\">ABRIL<\/a><br \/>\n<a href=\"http:\/\/www.congresocoahuila.gob.mx\/portal\/wp-content\/uploads\/2014\/12\/2014-MAYO.pdf\">MAYO <\/a><br \/>\n<a href=\"http:\/\/www.congresocoahuila.gob.mx\/portal\/wp-content\/uploads\/2014\/12\/2014-JUNIO.pdf\">JUNIO <\/a><br \/>\n<a href=\"http:\/\/www.congresocoahuila.gob.mx\/portal\/wp-content\/uploads\/2014\/12\/2014-JULIO.pdf\">JULIO<\/a><br \/>\n<a href=\"http:\/\/www.congresocoahuila.gob.mx\/portal\/wp-content\/uploads\/2014\/12\/2014-AGOSTO.pdf\">AGOSTO<\/a><br \/>\n<a href=\"http:\/\/www.congresocoahuila.gob.mx\/portal\/wp-content\/uploads\/2014\/12\/2014-SEPTIEMBRE.pdf\">SEPTIEMBRE<\/a><br \/>\n<a href=\"http:\/\/congresocoahuila.gob.mx\/portal\/wp-content\/uploads\/2014\/12\/Rep_Solicitudes_Recursos_OCT_2014.xls\">OCTUBRE<\/a><br \/>\n<a href=\"http:\/\/congresocoahuila.gob.mx\/portal\/wp-content\/uploads\/2014\/12\/Rep_Solicitudes_Recursos_NOV_-2014.xls\">NOVIEMBRE<\/a><br \/>\n<a href=\"http:\/\/congresocoahuila.gob.mx\/portal\/wp-content\/uploads\/2014\/12\/Rep_Solicitudes_Recursos_DIC_-2014-.xls\">DICIEMBRE<\/a><\/p>\n","protected":false},"excerpt":{"rendered":"<p>REPORTE MENSUAL DE SOLICITUDES DE ACCESO A LA INFORMACI\u00d3N Y RECURSOS DE REVISI\u00d3N: 2014 ENERO FEBRERO MARZO ABRIL MAYO JUNIO JULIO AGOSTO SEPTIEMBRE OCTUBRE NOVIEMBRE DICIEMBRE<\/p>\n","protected":false},"author":3,"featured_media":0,"parent":0,"menu_order":0,"comment_status":"closed","ping_status":"closed","template":"","meta":{"footnotes":""},"categories":[],"tags":[],"class_list":["post-9203","page","type-page","status-publish","hentry"],"_links":{"self":[{"href":"https:\/\/www.congresocoahuila.gob.mx\/portal\/wp-json\/wp\/v2\/pages\/9203","targetHints":{"allow":["GET"]}}],"collection":[{"href":"https:\/\/www.congresocoahuila.gob.mx\/portal\/wp-json\/wp\/v2\/pages"}],"about":[{"href":"https:\/\/www.congresocoahuila.gob.mx\/portal\/wp-json\/wp\/v2\/types\/page"}],"author":[{"embeddable":true,"href":"https:\/\/www.congresocoahuila.gob.mx\/portal\/wp-json\/wp\/v2\/users\/3"}],"replies":[{"embeddable":true,"href":"https:\/\/www.congresocoahuila.gob.mx\/portal\/wp-json\/wp\/v2\/comments?post=9203"}],"version-history":[{"count":3,"href":"https:\/\/www.congresocoahuila.gob.mx\/portal\/wp-json\/wp\/v2\/pages\/9203\/revisions"}],"predecessor-version":[{"id":13381,"href":"https:\/\/www.congresocoahuila.gob.mx\/portal\/wp-json\/wp\/v2\/pages\/9203\/revisions\/13381"}],"wp:attachment":[{"href":"https:\/\/www.congresocoahuila.gob.mx\/portal\/wp-json\/wp\/v2\/media?parent=9203"}],"wp:term":[{"taxonomy":"category","embeddable":true,"href":"https:\/\/www.congresocoahuila.gob.mx\/portal\/wp-json\/wp\/v2\/categories?post=9203"},{"taxonomy":"post_tag","embeddable":true,"href":"https:\/\/www.congresocoahuila.gob.mx\/portal\/wp-json\/wp\/v2\/tags?post=9203"}],"curies":[{"name":"wp","href":"https:\/\/api.w.org\/{rel}","templated":true}]}}