{"id":9268,"date":"2014-12-04T09:33:12","date_gmt":"2014-12-04T15:33:12","guid":{"rendered":"http:\/\/www.congresocoahuila.gob.mx\/portal\/?page_id=9268"},"modified":"2022-07-05T09:10:00","modified_gmt":"2022-07-05T14:10:00","slug":"articulo-26-x","status":"publish","type":"page","link":"https:\/\/www.congresocoahuila.gob.mx\/portal\/articulo-26-x\/","title":{"rendered":"ARTICULO-26-X"},"content":{"rendered":"<p><span style=\"font-family: arial, helvetica, sans-serif; font-size: 10pt;\"><span class=\"Estilo9\"><strong>LAS CONVOCATORIAS, ACTAS, ACUERDOS Y LISTA DE ASISTENCIA <\/strong><\/span><\/span><br \/>\n<span style=\"font-family: arial, helvetica, sans-serif; font-size: 10pt;\"> <span class=\"Estilo9\"><strong>DE CADA UNA DE LAS COMISIONES Y COMIT\u00c9S, AS\u00cd COMO DEL PLENO<\/strong><\/span><\/span><\/p>\n<p><span style=\"font-family: arial, helvetica, sans-serif; font-size: 10pt;\"><span class=\"Estilo9\"><strong>REUNIONES DE COMISI\u00d3N:<\/strong><\/span><\/span><br \/>\n<a href=\"http:\/\/congresocoahuila.gob.mx\/portal\/reunion-de-comision-2021-2023\"><span style=\"font-size: medium; font-family: arial, helvetica, sans-serif;\"><span style=\"font-size: 10pt;\">LXII LEGISLATURA DEL CONGRESO DEL ESTADO 2021-2023<\/span><\/span><\/a><br \/>\n<a href=\"http:\/\/congresocoahuila.gob.mx\/portal\/articulo-26-x-3\"><span style=\"font-size: medium; font-family: arial, helvetica, sans-serif;\"><span style=\"font-size: 10pt;\">LXI LEGISLATURA DEL CONGRESO DEL ESTADO 2018-2020<\/span><\/span><\/a><br \/>\n<span style=\"font-family: arial, helvetica, sans-serif;\"><a title=\"REUNI\u00d3N DE COMISIONES 2015-2017\" href=\"http:\/\/congresocoahuila.gob.mx\/portal\/?page_id=12722\"><span style=\"font-size: medium;\"><span style=\"font-size: medium;\"><span style=\"font-size: 10pt;\">LX LEGISLATURA DEL CONGRESO DEL ESTADO 2015-2017<\/span><\/span><\/span><\/a><\/span><br \/>\n<span style=\"font-family: arial, helvetica, sans-serif; font-size: 10pt;\"><a title=\"ARTICULO26-X\" href=\"http:\/\/congresocoahuila.gob.mx\/portal\/?page_id=2151\">LIX LEGISLATURA DEL CONGRESO DEL ESTADO 2012-2014<\/a><\/span><br \/>\n<span style=\"font-family: arial, helvetica, sans-serif; font-size: 10pt;\"><a title=\"ARTICULO-26-X\" href=\"http:\/\/congresocoahuila.gob.mx\/portal\/?page_id=9276\">LVIII LEGISLATURA DEL CONGRESO DEL ESTADO 2009-2011<\/a><\/span><\/p>\n<p><span style=\"font-family: arial, helvetica, sans-serif; font-size: 10pt;\"><span class=\"Estilo9\"><strong>REUNIONES DE PLENO:<\/strong><\/span><\/span><\/p>\n<p><span style=\"font-family: arial, helvetica, sans-serif; font-size: 10pt;\"><a href=\"http:\/\/congresocoahuila.gob.mx\/portal\/reuniones-del-pleno-2021-2023\">LXII LEGISLATURA DEL CONGRESO DEL ESTADO 2021-2023<\/a><\/span><br \/>\n<a href=\"http:\/\/congresocoahuila.gob.mx\/portal\/reuniones-del-pleno-2018-2020\"><span style=\"font-family: arial, helvetica, sans-serif; font-size: 10pt;\">LXI LEGISLATURA DEL CONGRESO DEL ESTADO 2018-2020<\/span><\/a><br \/>\n<span style=\"font-size: 10pt; font-family: arial, helvetica, sans-serif;\"><a title=\"REUNIONES DEL PLENO-2015-2017\" href=\"http:\/\/congresocoahuila.gob.mx\/portal\/?page_id=12743\">LX LEGISLATURA DEL CONGRESO DEL ESTADO 2015-2017<\/a><\/span><br \/>\n<span style=\"font-family: arial, helvetica, sans-serif; font-size: 10pt;\"><a title=\"REUNIONES DEL PLENO-2012-2014\" href=\"http:\/\/congresocoahuila.gob.mx\/portal\/?page_id=11065\">LIX LEGISLATURA DEL CONGRESO DEL ESTADO 2012-2014<\/a><\/span><br \/>\n<span style=\"font-family: arial, helvetica, sans-serif; font-size: 10pt;\"><a title=\"REUNIONES DEL PLENO-2009-2011\" href=\"http:\/\/congresocoahuila.gob.mx\/portal\/?page_id=11072\">LVIII LEGISLATURA DEL CONGRESO DEL ESTADO 2009-2011<\/a><\/span><\/p>\n<div><strong>Fecha de Actualizaci\u00f3n:<\/strong> 1 de julio de 2022.<br \/>\n<strong>Responsable de la Informaci\u00f3n:\u00a0<\/strong>Lic. Gerardo Blanco Guerra,<br \/>\nOficial Mayor del H. Congreso del Estado de Coahuila.<\/div>\n","protected":false},"excerpt":{"rendered":"<p>LAS CONVOCATORIAS, ACTAS, ACUERDOS Y LISTA DE ASISTENCIA DE CADA UNA DE LAS COMISIONES Y COMIT\u00c9S, AS\u00cd COMO DEL PLENO REUNIONES DE COMISI\u00d3N: LXII LEGISLATURA DEL CONGRESO DEL ESTADO 2021-2023 LXI LEGISLATURA DEL CONGRESO DEL ESTADO 2018-2020 LX LEGISLATURA DEL CONGRESO DEL ESTADO 2015-2017 LIX LEGISLATURA DEL CONGRESO DEL ESTADO 2012-2014 LVIII LEGISLATURA DEL CONGRESO [&hellip;]<\/p>\n","protected":false},"author":3,"featured_media":0,"parent":0,"menu_order":0,"comment_status":"closed","ping_status":"closed","template":"","meta":{"footnotes":""},"categories":[],"tags":[],"class_list":["post-9268","page","type-page","status-publish","hentry"],"_links":{"self":[{"href":"https:\/\/www.congresocoahuila.gob.mx\/portal\/wp-json\/wp\/v2\/pages\/9268","targetHints":{"allow":["GET"]}}],"collection":[{"href":"https:\/\/www.congresocoahuila.gob.mx\/portal\/wp-json\/wp\/v2\/pages"}],"about":[{"href":"https:\/\/www.congresocoahuila.gob.mx\/portal\/wp-json\/wp\/v2\/types\/page"}],"author":[{"embeddable":true,"href":"https:\/\/www.congresocoahuila.gob.mx\/portal\/wp-json\/wp\/v2\/users\/3"}],"replies":[{"embeddable":true,"href":"https:\/\/www.congresocoahuila.gob.mx\/portal\/wp-json\/wp\/v2\/comments?post=9268"}],"version-history":[{"count":66,"href":"https:\/\/www.congresocoahuila.gob.mx\/portal\/wp-json\/wp\/v2\/pages\/9268\/revisions"}],"predecessor-version":[{"id":43838,"href":"https:\/\/www.congresocoahuila.gob.mx\/portal\/wp-json\/wp\/v2\/pages\/9268\/revisions\/43838"}],"wp:attachment":[{"href":"https:\/\/www.congresocoahuila.gob.mx\/portal\/wp-json\/wp\/v2\/media?parent=9268"}],"wp:term":[{"taxonomy":"category","embeddable":true,"href":"https:\/\/www.congresocoahuila.gob.mx\/portal\/wp-json\/wp\/v2\/categories?post=9268"},{"taxonomy":"post_tag","embeddable":true,"href":"https:\/\/www.congresocoahuila.gob.mx\/portal\/wp-json\/wp\/v2\/tags?post=9268"}],"curies":[{"name":"wp","href":"https:\/\/api.w.org\/{rel}","templated":true}]}}