{"id":9291,"date":"2014-12-04T11:20:15","date_gmt":"2014-12-04T17:20:15","guid":{"rendered":"http:\/\/www.congresocoahuila.gob.mx\/portal\/?page_id=9291"},"modified":"2017-06-30T15:13:28","modified_gmt":"2017-06-30T20:13:28","slug":"articulo-21-xxvii-2012-2014","status":"publish","type":"page","link":"https:\/\/www.congresocoahuila.gob.mx\/portal\/articulo-21-xxvii-2012-2014\/","title":{"rendered":"ART\u00cdCULO 21-XXVII 2012 \u2013 2014"},"content":{"rendered":"<p>LOS RESULTADOS DE TODO TIPO DE AUDITOR\u00cdAS PRACTICADAS Y CONCLUIDAS AL EJERCICIO PRESUPUESTAL DE CADA UNA DE LAS ENTIDADES P\u00daBLICAS, CON EXCEPCI\u00d3N DE LOS QUE DEBE PUBLICAR LA AUDITOR\u00cdA SUPERIOR DEL ESTADO, DE ACUERDO A LO PREVISTO EN LA FRACCI\u00d3N IX DEL ART\u00cdCULO 21 DE ESTE ORDENAMIENTO;<\/p>\n<p><strong>LIX Legislatura del Congreso del Estado 2012 &#8211; 2014<\/strong><\/p>\n<p><a href=\"http:\/\/www.congresocoahuila.gob.mx\/portal\/wp-content\/uploads\/2014\/12\/21-27-2012-2014_3.pdf\">Documento 3<\/a> Informe del Resultado 2014<br \/>\n<a href=\"http:\/\/congresocoahuila.gob.mx\/portal\/wp-content\/uploads\/2014\/11\/Inform_Res_2013.pdf\">Documento 2<\/a>\u00a0Informe del Resultado 2013<br \/>\n<a href=\"http:\/\/www.congresocoahuila.gob.mx\/transparencia\/ART\/21\/27\/2012-2014\/DOC_01.pdf\">Documento 1<\/a> Informe del Resultado 2012<\/p>\n","protected":false},"excerpt":{"rendered":"<p>LOS RESULTADOS DE TODO TIPO DE AUDITOR\u00cdAS PRACTICADAS Y CONCLUIDAS AL EJERCICIO PRESUPUESTAL DE CADA UNA DE LAS ENTIDADES P\u00daBLICAS, CON EXCEPCI\u00d3N DE LOS QUE DEBE PUBLICAR LA AUDITOR\u00cdA SUPERIOR DEL ESTADO, DE ACUERDO A LO PREVISTO EN LA FRACCI\u00d3N IX DEL ART\u00cdCULO 21 DE ESTE ORDENAMIENTO; LIX Legislatura del Congreso del Estado 2012 &#8211; [&hellip;]<\/p>\n","protected":false},"author":3,"featured_media":0,"parent":0,"menu_order":0,"comment_status":"closed","ping_status":"closed","template":"","meta":{"footnotes":""},"categories":[],"tags":[],"class_list":["post-9291","page","type-page","status-publish","hentry"],"_links":{"self":[{"href":"https:\/\/www.congresocoahuila.gob.mx\/portal\/wp-json\/wp\/v2\/pages\/9291","targetHints":{"allow":["GET"]}}],"collection":[{"href":"https:\/\/www.congresocoahuila.gob.mx\/portal\/wp-json\/wp\/v2\/pages"}],"about":[{"href":"https:\/\/www.congresocoahuila.gob.mx\/portal\/wp-json\/wp\/v2\/types\/page"}],"author":[{"embeddable":true,"href":"https:\/\/www.congresocoahuila.gob.mx\/portal\/wp-json\/wp\/v2\/users\/3"}],"replies":[{"embeddable":true,"href":"https:\/\/www.congresocoahuila.gob.mx\/portal\/wp-json\/wp\/v2\/comments?post=9291"}],"version-history":[{"count":2,"href":"https:\/\/www.congresocoahuila.gob.mx\/portal\/wp-json\/wp\/v2\/pages\/9291\/revisions"}],"predecessor-version":[{"id":26326,"href":"https:\/\/www.congresocoahuila.gob.mx\/portal\/wp-json\/wp\/v2\/pages\/9291\/revisions\/26326"}],"wp:attachment":[{"href":"https:\/\/www.congresocoahuila.gob.mx\/portal\/wp-json\/wp\/v2\/media?parent=9291"}],"wp:term":[{"taxonomy":"category","embeddable":true,"href":"https:\/\/www.congresocoahuila.gob.mx\/portal\/wp-json\/wp\/v2\/categories?post=9291"},{"taxonomy":"post_tag","embeddable":true,"href":"https:\/\/www.congresocoahuila.gob.mx\/portal\/wp-json\/wp\/v2\/tags?post=9291"}],"curies":[{"name":"wp","href":"https:\/\/api.w.org\/{rel}","templated":true}]}}